{"id":993,"date":"2017-02-09T09:50:42","date_gmt":"2017-02-09T08:50:42","guid":{"rendered":"https:\/\/cftc-dartyidf.fr\/?page_id=993"},"modified":"2017-02-09T09:50:42","modified_gmt":"2017-02-09T08:50:42","slug":"lordre-de-depart-conges","status":"publish","type":"page","link":"https:\/\/cftc-dartyidf.fr\/index.php\/lordre-de-depart-conges\/","title":{"rendered":"L\u2019ordre de d\u00e9part en cong\u00e9s"},"content":{"rendered":"<h2 style=\"text-align: justify;\">La r\u00e8gle applicable chez DARTY<\/h2>\n<p style=\"text-align: justify;\">C\u2019est la direction qui fixe l\u2019ordre de d\u00e9part des cong\u00e9s pay\u00e9s en fonction des demandes, des n\u00e9cessit\u00e9s de service et apr\u00e8s consultation des d\u00e9l\u00e9gu\u00e9s du personnel.<\/p>\n<p style=\"text-align: justify;\">S\u2019il est n\u00e9cessaire de faire un arbitrage entre des demandes incompatibles, les r\u00e8gles suivantes s\u2019appliquent :<\/p>\n<p style=\"text-align: justify;\">1\/ Les conjoints travaillent tous deux dans l\u2019entreprise (quelque soit le service) ont droit \u00e0 un cong\u00e9 simultan\u00e9.<\/p>\n<p style=\"text-align: justify;\">2\/ A d\u00e9faut d\u2019accord avec les salari\u00e9s sur leurs dates de cong\u00e9s pay\u00e9s, un ordre de priorit\u00e9 peut \u00eatre fix\u00e9 selon le bar\u00e8me suivant :<\/p>\n<ul style=\"text-align: justify;\">\n<li>situation de famille du salari\u00e9 (mari\u00e9 = l point, enfants \u00e0 charge de 3 \u00e0 16 ans = 1 point par enfant)<\/li>\n<li>conjoint du salari\u00e9 travaillant dans une autre entreprise ou administration = 0,5 point.<\/li>\n<li>salari\u00e9 \u00e0 qui une obligation de d\u00e9calage de ses dates de cong\u00e9s pay\u00e9s a \u00e9t\u00e9 impos\u00e9e ant\u00e9rieurement = 1 point, 2 obligations cons\u00e9cutives = 3 points, 3 obligations cons\u00e9cutive = 7 points, (voir nota)<\/li>\n<li>l\u2019employeur du conjoint ferme sur une p\u00e9riode fixe = 2 points.<\/li>\n<\/ul>\n<p style=\"text-align: justify;\">3\/ En cas d\u2019ex \u00e6quo et \u00e0 d\u00e9faut d\u2019entente entre les salari\u00e9s, c\u2019est le plus ancien dans l\u2019entreprise qui est prioritaire et dans le cas ou il y aurait une nouvelle \u00e9galit\u00e9, le plus \u00e2g\u00e9.<\/p>\n<p style=\"text-align: justify;\">4\/ Le salari\u00e9 dont les enfants fr\u00e9quentent un \u00e9tablissement d\u2019enseignement primaire, secondaire ou technique, ou qui sont en apprentissage, b\u00e9n\u00e9ficie en priorit\u00e9 de son cong\u00e9 principal pendant la p\u00e9riode des vacances scolaires.<\/p>\n<p style=\"text-align: justify;\"><em>Nota<\/em> : si un salari\u00e9 a subi une obligation de d\u00e9calage de son cong\u00e9, nous lui conseillons de demander \u00e0 son directeur une attestation afin de pouvoir r\u00e9clamer et justifier une priorit\u00e9 pour l\u2019ann\u00e9e suivante.<\/p>\n","protected":false},"excerpt":{"rendered":"<p>La r\u00e8gle applicable chez DARTY C\u2019est la direction qui fixe l\u2019ordre de d\u00e9part des cong\u00e9s pay\u00e9s en fonction des demandes, des n\u00e9cessit\u00e9s de service et apr\u00e8s consultation des d\u00e9l\u00e9gu\u00e9s du &#8230; <a title=\"L\u2019ordre de d\u00e9part en cong\u00e9s\" class=\"read-more\" href=\"https:\/\/cftc-dartyidf.fr\/index.php\/lordre-de-depart-conges\/\" aria-label=\"En savoir plus sur L\u2019ordre de d\u00e9part en cong\u00e9s\">Lire plus<\/a><\/p>\n","protected":false},"author":1,"featured_media":0,"parent":0,"menu_order":0,"comment_status":"closed","ping_status":"closed","template":"","meta":{"generate_page_header":"","_price":"","_stock":"","_tribe_ticket_header":"","_tribe_default_ticket_provider":"","_tribe_ticket_capacity":"0","_ticket_start_date":"","_ticket_end_date":"","_tribe_ticket_show_description":"","_tribe_ticket_show_not_going":false,"_tribe_ticket_use_global_stock":"","_tribe_ticket_global_stock_level":"","_global_stock_mode":"","_global_stock_cap":"","_tribe_rsvp_for_event":"","_tribe_ticket_going_count":"","_tribe_ticket_not_going_count":"","_tribe_tickets_list":"[]","_tribe_ticket_has_attendee_info_fields":false,"footnotes":"","_tec_slr_enabled":"","_tec_slr_layout":""},"class_list":["post-993","page","type-page","status-publish"],"yoast_head":"<!-- This site is optimized with the Yoast SEO plugin v27.6 - https:\/\/yoast.com\/product\/yoast-seo-wordpress\/ -->\n<title>L\u2019ordre de d\u00e9part en cong\u00e9s - CFTC-Darty IDF<\/title>\n<meta name=\"robots\" content=\"index, follow, max-snippet:-1, max-image-preview:large, max-video-preview:-1\" \/>\n<link rel=\"canonical\" href=\"https:\/\/cftc-dartyidf.fr\/index.php\/lordre-de-depart-conges\/\" \/>\n<meta property=\"og:locale\" content=\"fr_FR\" \/>\n<meta property=\"og:type\" content=\"article\" \/>\n<meta property=\"og:title\" content=\"L\u2019ordre de d\u00e9part en cong\u00e9s - CFTC-Darty IDF\" \/>\n<meta property=\"og:description\" content=\"La r\u00e8gle applicable chez DARTY C\u2019est la direction qui fixe l\u2019ordre de d\u00e9part des cong\u00e9s pay\u00e9s en fonction des demandes, des n\u00e9cessit\u00e9s de service et apr\u00e8s consultation des d\u00e9l\u00e9gu\u00e9s du ... Lire plus\" \/>\n<meta property=\"og:url\" content=\"https:\/\/cftc-dartyidf.fr\/index.php\/lordre-de-depart-conges\/\" \/>\n<meta property=\"og:site_name\" content=\"CFTC-Darty IDF\" \/>\n<meta name=\"twitter:card\" content=\"summary_large_image\" \/>\n<meta name=\"twitter:label1\" content=\"Dur\u00e9e de lecture estim\u00e9e\" \/>\n\t<meta name=\"twitter:data1\" content=\"1 minute\" \/>\n<script type=\"application\/ld+json\" class=\"yoast-schema-graph\">{\"@context\":\"https:\\\/\\\/schema.org\",\"@graph\":[{\"@type\":\"WebPage\",\"@id\":\"https:\\\/\\\/cftc-dartyidf.fr\\\/index.php\\\/lordre-de-depart-conges\\\/\",\"url\":\"https:\\\/\\\/cftc-dartyidf.fr\\\/index.php\\\/lordre-de-depart-conges\\\/\",\"name\":\"L\u2019ordre de d\u00e9part en cong\u00e9s - CFTC-Darty IDF\",\"isPartOf\":{\"@id\":\"https:\\\/\\\/cftc-dartyidf.fr\\\/#website\"},\"datePublished\":\"2017-02-09T08:50:42+00:00\",\"breadcrumb\":{\"@id\":\"https:\\\/\\\/cftc-dartyidf.fr\\\/index.php\\\/lordre-de-depart-conges\\\/#breadcrumb\"},\"inLanguage\":\"fr-FR\",\"potentialAction\":[{\"@type\":\"ReadAction\",\"target\":[\"https:\\\/\\\/cftc-dartyidf.fr\\\/index.php\\\/lordre-de-depart-conges\\\/\"]}]},{\"@type\":\"BreadcrumbList\",\"@id\":\"https:\\\/\\\/cftc-dartyidf.fr\\\/index.php\\\/lordre-de-depart-conges\\\/#breadcrumb\",\"itemListElement\":[{\"@type\":\"ListItem\",\"position\":1,\"name\":\"Accueil\",\"item\":\"https:\\\/\\\/cftc-dartyidf.fr\\\/\"},{\"@type\":\"ListItem\",\"position\":2,\"name\":\"L\u2019ordre de d\u00e9part en cong\u00e9s\"}]},{\"@type\":\"WebSite\",\"@id\":\"https:\\\/\\\/cftc-dartyidf.fr\\\/#website\",\"url\":\"https:\\\/\\\/cftc-dartyidf.fr\\\/\",\"name\":\"CFTC-Darty IDF\",\"description\":\"Le site de la section syndicale CFTC chez Darty IDF\",\"potentialAction\":[{\"@type\":\"SearchAction\",\"target\":{\"@type\":\"EntryPoint\",\"urlTemplate\":\"https:\\\/\\\/cftc-dartyidf.fr\\\/?s={search_term_string}\"},\"query-input\":{\"@type\":\"PropertyValueSpecification\",\"valueRequired\":true,\"valueName\":\"search_term_string\"}}],\"inLanguage\":\"fr-FR\"}]}<\/script>\n<!-- \/ Yoast SEO plugin. -->","yoast_head_json":{"title":"L\u2019ordre de d\u00e9part en cong\u00e9s - CFTC-Darty IDF","robots":{"index":"index","follow":"follow","max-snippet":"max-snippet:-1","max-image-preview":"max-image-preview:large","max-video-preview":"max-video-preview:-1"},"canonical":"https:\/\/cftc-dartyidf.fr\/index.php\/lordre-de-depart-conges\/","og_locale":"fr_FR","og_type":"article","og_title":"L\u2019ordre de d\u00e9part en cong\u00e9s - CFTC-Darty IDF","og_description":"La r\u00e8gle applicable chez DARTY C\u2019est la direction qui fixe l\u2019ordre de d\u00e9part des cong\u00e9s pay\u00e9s en fonction des demandes, des n\u00e9cessit\u00e9s de service et apr\u00e8s consultation des d\u00e9l\u00e9gu\u00e9s du ... Lire plus","og_url":"https:\/\/cftc-dartyidf.fr\/index.php\/lordre-de-depart-conges\/","og_site_name":"CFTC-Darty IDF","twitter_card":"summary_large_image","twitter_misc":{"Dur\u00e9e de lecture estim\u00e9e":"1 minute"},"schema":{"@context":"https:\/\/schema.org","@graph":[{"@type":"WebPage","@id":"https:\/\/cftc-dartyidf.fr\/index.php\/lordre-de-depart-conges\/","url":"https:\/\/cftc-dartyidf.fr\/index.php\/lordre-de-depart-conges\/","name":"L\u2019ordre de d\u00e9part en cong\u00e9s - CFTC-Darty IDF","isPartOf":{"@id":"https:\/\/cftc-dartyidf.fr\/#website"},"datePublished":"2017-02-09T08:50:42+00:00","breadcrumb":{"@id":"https:\/\/cftc-dartyidf.fr\/index.php\/lordre-de-depart-conges\/#breadcrumb"},"inLanguage":"fr-FR","potentialAction":[{"@type":"ReadAction","target":["https:\/\/cftc-dartyidf.fr\/index.php\/lordre-de-depart-conges\/"]}]},{"@type":"BreadcrumbList","@id":"https:\/\/cftc-dartyidf.fr\/index.php\/lordre-de-depart-conges\/#breadcrumb","itemListElement":[{"@type":"ListItem","position":1,"name":"Accueil","item":"https:\/\/cftc-dartyidf.fr\/"},{"@type":"ListItem","position":2,"name":"L\u2019ordre de d\u00e9part en cong\u00e9s"}]},{"@type":"WebSite","@id":"https:\/\/cftc-dartyidf.fr\/#website","url":"https:\/\/cftc-dartyidf.fr\/","name":"CFTC-Darty IDF","description":"Le site de la section syndicale CFTC chez Darty IDF","potentialAction":[{"@type":"SearchAction","target":{"@type":"EntryPoint","urlTemplate":"https:\/\/cftc-dartyidf.fr\/?s={search_term_string}"},"query-input":{"@type":"PropertyValueSpecification","valueRequired":true,"valueName":"search_term_string"}}],"inLanguage":"fr-FR"}]}},"jetpack_sharing_enabled":true,"jetpack_shortlink":"https:\/\/wp.me\/P8n98f-g1","jetpack-related-posts":[{"id":965,"url":"https:\/\/cftc-dartyidf.fr\/index.php\/les-conges-payes\/","url_meta":{"origin":993,"position":0},"title":"Les cong\u00e9s pay\u00e9s","author":"webcsfv","date":"06\/02\/2017","format":false,"excerpt":"P\u00e9riode de r\u00e9f\u00e9rence : pour le calcul du droit et de la r\u00e9mun\u00e9ration: du 1er Juin de l\u2019ann\u00e9e pr\u00e9c\u00e9dente au 31 Mai de l\u2019ann\u00e9e en cours. Chez DARTY les jours de cong\u00e9s sont calcul\u00e9s en jours ouvr\u00e9s: 5 semaines de CP = 25 jours ouvr\u00e9s c\u2019est \u00e0 dire 20 jours\u2026","rel":"","context":"Article similaire","block_context":{"text":"Article similaire","link":""},"img":{"alt_text":"","src":"","width":0,"height":0},"classes":[]},{"id":973,"url":"https:\/\/cftc-dartyidf.fr\/index.php\/les-conges-speciaux\/","url_meta":{"origin":993,"position":1},"title":"Les cong\u00e9s sp\u00e9ciaux","author":"webcsfv","date":"08\/02\/2017","format":false,"excerpt":"LE CONGE SABBATIQUE Les salari\u00e9s peuvent obtenir un cong\u00e9 non r\u00e9mun\u00e9r\u00e9 de 6 \u00e0 11 mois pour se consacrer \u00e0 l\u2019activit\u00e9 de leur choix, \u00e0 condition : d\u2019avoir au moins 36 mois d\u2019anciennet\u00e9 dans l\u2019entreprise, cons\u00e9cutifs ou non d\u2019avoir au moins 6 ann\u00e9es d\u2019exp\u00e9rience professionnelle. de ne pas avoir b\u00e9n\u00e9fici\u00e9\u2026","rel":"","context":"Article similaire","block_context":{"text":"Article similaire","link":""},"img":{"alt_text":"","src":"","width":0,"height":0},"classes":[]},{"id":970,"url":"https:\/\/cftc-dartyidf.fr\/index.php\/conges-speciaux-de-courte-duree\/","url_meta":{"origin":993,"position":2},"title":"Les cong\u00e9s sp\u00e9ciaux de courte dur\u00e9e","author":"webcsfv","date":"08\/02\/2017","format":false,"excerpt":"Tout salari\u00e9 b\u00e9n\u00e9ficie, SUR JUSTIFICATIF, d\u2019un cong\u00e9 r\u00e9mun\u00e9r\u00e9 (fixe et variable) lors de la survenance de l\u2019un des \u00e9v\u00e9nements familiaux suivants : \u00c9V\u00c9NEMENT\u00a0FAMILIAL CONVENTION COLLECTIVE ou AVANTAGE DARTY Mariage du salari\u00e9 (e) 5 jours (4 si moins d\u2019un an d\u2019anciennet\u00e9) Mariage d\u2019un enfant 1 jour Naissance d\u2019un enfant ou adoption\u2026","rel":"","context":"Article similaire","block_context":{"text":"Article similaire","link":""},"img":{"alt_text":"","src":"","width":0,"height":0},"classes":[]},{"id":1010,"url":"https:\/\/cftc-dartyidf.fr\/index.php\/contrats-de-travail\/","url_meta":{"origin":993,"position":3},"title":"Les contrats de travail","author":"webcsfv","date":"09\/02\/2017","format":false,"excerpt":"\u00a0 Le CDI (Contrat \u00e0 Dur\u00e9e Ind\u00e9termin\u00e9e) La p\u00e9riode d\u2019essai est de: 2 mois pour les EOT (Employ\u00e9 Ouvrier Technicien) 3 mois pour les Agents de Ma\u00eetrise 4 mois pour les cadres Elle peut \u00eatre renouvel\u00e9e une fois. Pendant la p\u00e9riode d\u2019essai les parties peuvent se s\u00e9parer sans pr\u00e9avis, ni\u2026","rel":"","context":"Article similaire","block_context":{"text":"Article similaire","link":""},"img":{"alt_text":"","src":"","width":0,"height":0},"classes":[]},{"id":983,"url":"https:\/\/cftc-dartyidf.fr\/index.php\/la-maladie\/","url_meta":{"origin":993,"position":4},"title":"Maladie","author":"webcsfv","date":"08\/02\/2017","format":false,"excerpt":"Le salari\u00e9 absent pour maladie, doit pr\u00e9venir son employeur et motiver son absence. Au-del\u00e0 de 3 jours, cette absence doit en outre \u00eatre justifi\u00e9e par un certificat m\u00e9dical. Si le salari\u00e9 est absent pour maladie pendant au moins 21 jours, il doit pr\u00e9senter un certificat m\u00e9dical de reprise. L\u2019entreprise cesse\u2026","rel":"","context":"Article similaire","block_context":{"text":"Article similaire","link":""},"img":{"alt_text":"","src":"","width":0,"height":0},"classes":[]},{"id":956,"url":"https:\/\/cftc-dartyidf.fr\/index.php\/les-conges\/","url_meta":{"origin":993,"position":5},"title":"La m\u00e9daille du travail","author":"webcsfv","date":"06\/02\/2017","format":false,"excerpt":"LA REGLE LEGALE : Anciennet\u00e9 M\u00e9daille 20 ans r\u00e9volus Argent 30 ans r\u00e9volus Vermeil 35 ans r\u00e9volus Or 40 ans r\u00e9volus Grande Or LA REGLE DARTY : (plus avantageuse que la r\u00e8gle l\u00e9gale) 20 ans, 30 ans et 40 ans d\u2019anciennet\u00e9 ou moins dans le groupe DARTY : Prise en\u2026","rel":"","context":"Article similaire","block_context":{"text":"Article similaire","link":""},"img":{"alt_text":"","src":"","width":0,"height":0},"classes":[]}],"ticketed":false,"_links":{"self":[{"href":"https:\/\/cftc-dartyidf.fr\/index.php\/wp-json\/wp\/v2\/pages\/993","targetHints":{"allow":["GET"]}}],"collection":[{"href":"https:\/\/cftc-dartyidf.fr\/index.php\/wp-json\/wp\/v2\/pages"}],"about":[{"href":"https:\/\/cftc-dartyidf.fr\/index.php\/wp-json\/wp\/v2\/types\/page"}],"author":[{"embeddable":true,"href":"https:\/\/cftc-dartyidf.fr\/index.php\/wp-json\/wp\/v2\/users\/1"}],"replies":[{"embeddable":true,"href":"https:\/\/cftc-dartyidf.fr\/index.php\/wp-json\/wp\/v2\/comments?post=993"}],"version-history":[{"count":1,"href":"https:\/\/cftc-dartyidf.fr\/index.php\/wp-json\/wp\/v2\/pages\/993\/revisions"}],"predecessor-version":[{"id":994,"href":"https:\/\/cftc-dartyidf.fr\/index.php\/wp-json\/wp\/v2\/pages\/993\/revisions\/994"}],"wp:attachment":[{"href":"https:\/\/cftc-dartyidf.fr\/index.php\/wp-json\/wp\/v2\/media?parent=993"}],"curies":[{"name":"wp","href":"https:\/\/api.w.org\/{rel}","templated":true}]}}