{"id":983,"date":"2017-02-08T16:37:51","date_gmt":"2017-02-08T15:37:51","guid":{"rendered":"https:\/\/cftc-dartyidf.fr\/?page_id=983"},"modified":"2017-02-08T16:38:03","modified_gmt":"2017-02-08T15:38:03","slug":"la-maladie","status":"publish","type":"page","link":"https:\/\/cftc-dartyidf.fr\/index.php\/la-maladie\/","title":{"rendered":"Maladie"},"content":{"rendered":"<p>Le salari\u00e9 absent pour maladie, doit pr\u00e9venir son employeur et motiver son absence. Au-del\u00e0 de 3 jours, cette absence doit en outre \u00eatre justifi\u00e9e par un certificat m\u00e9dical. Si le salari\u00e9 est absent pour maladie pendant au moins 21 jours, il doit pr\u00e9senter un certificat m\u00e9dical de reprise.<\/p>\n<p>L\u2019entreprise cesse de payer le salari\u00e9 d\u00e8s le 1er jour d\u2019arr\u00eat. Il est pris en charge par la s\u00e9curit\u00e9 sociale comme suit : 50% de la moyenne des 3 derniers salaires brut (dans la limite du plafond de la s\u00e9curit\u00e9 sociale divis\u00e9 par 30 et multipli\u00e9 par le nombre de jours d\u2019arr\u00eat, moins les 3 jours de carence) L\u2019entreprise met en place une avance sur IJSS (retenue le mois suivant). Cette mesure permet au salari\u00e9 de percevoir une avance de la tr\u00e9sorerie en attendant le remboursement par la s\u00e9curit\u00e9 sociale.<\/p>\n<p>Suite \u00e0 un arr\u00eat de travail de plus de 30 jours pour maladie, accident professionnel ou retour de cong\u00e9 maternit\u00e9, vous devez passez une visite m\u00e9dicale de reprise \u00e0 l\u2019emploi dans les 8 jours qui suivent votre reprise. Il appartient \u00e0 l\u2019employeur d\u2019organiser cette visite.<\/p>\n<p>L\u2019entreprise rembourse (en Janvier) 2 jours de carence (salaire de base plus variable sur la moyenne de 12 derniers mois) \u00e0 condition que le salari\u00e9 n\u2019ait eu qu\u2019un seul arr\u00eat inf\u00e9rieur \u00e0 10 jours calendaires entre le 1er Novembre de l\u2019ann\u00e9e pr\u00e9c\u00e9dente et le 31 Octobre de l\u2019ann\u00e9e en cours.<\/p>\n<p>La suspension du contrat de travail pour maladie n\u2019interrompt pas l\u2019acquisition de l\u2019anciennet\u00e9 sauf au-del\u00e0 de la p\u00e9riode d\u2019indemnisation due par l\u2019employeur, (voit tableau page 15).<\/p>\n<h4>L\u2019hospitalisation<\/h4>\n<p>Si le salari\u00e9 est hospitalis\u00e9 le premier jour de son arr\u00eat de travail (pour 3 jours minimum), l\u2019entreprise ne lui retient pas les jours de carences. Par contre, si l\u2019hospitalisation est d\u2019un seul jour, suivi par un arr\u00eat maladie, il sera retenu 2 jours de carence.<\/p>\n<h4>Le remboursement des jours de carence<\/h4>\n<p>En cas d\u2019accident du travail ou de trajet ou d\u2019hospitalisation, il n\u2019y a pas application des jours de carence.<\/p>\n<p>Si le salari\u00e9 a eu un 2\u00e8me arr\u00eat dans l\u2019ann\u00e9e (entre le 1er novembre de l\u2019ann\u00e9e pr\u00e9c\u00e9dente et le 31 octobre de l\u2019ann\u00e9e en cours), les jours de carence ne lui seront pas rembours\u00e9s, exception faite si le 2\u00e8me arr\u00eat a n\u00e9cessit\u00e9 une hospitalisation.<\/p>\n<p>Pour les salari\u00e9s handicap\u00e9s, aucun jour de carence ne sera d\u00e9compt\u00e9 sur les 2 premiers arr\u00eats maladie de chaque ann\u00e9e civile.<\/p>\n<h3>INDEMNISATION EN CAS DE MALADIE<\/h3>\n<p class=\"Corpsdutexte20\" style=\"background: transparent;\"><span class=\"Corpsdutexte2Exact\">Moins de 3 ans d\u2019anciennet\u00e9 : Indemnit\u00e9s \u00e0 50% du plafond de la s\u00e9curit\u00e9 sociale Plus de 3 ans d\u2019anciennet\u00e9 : La dur\u00e9e de l\u2019indemnisation est en fonction de l\u2019anciennet\u00e9. La dur\u00e9e totale d\u2019indemnisation ne peut pas d\u00e9passer au cours d\u2019une m\u00eame ann\u00e9e glissante la dur\u00e9e ci-dessous, (\u00e0 partir du 1er jour de maladie).<\/span><\/p>\n<p class=\"Corpsdutexte20\" style=\"margin-right: 9.0pt; text-align: justify; background: transparent;\"><span class=\"Corpsdutexte2Exact\">Suite \u00e0 un arr\u00eat de travail de plus de 30 jours pour maladie, accident professionnel ou retour de cong\u00e9 maternit\u00e9, vous devez passer une visite m\u00e9dicale de reprise \u00e0 l\u2019emploi dans les 8 jours qui suivent votre reprise.<\/span><\/p>\n<p class=\"Corpsdutexte20\" style=\"background: transparent;\"><span class=\"Corpsdutexte2Exact\">Il appartient \u00e0 l\u2019employeur d\u2019organiser cette visite.<\/span><\/p>\n<table>\n<tbody>\n<tr>\n<td style=\"text-align: center;\" width=\"104\">ANCIENNETE<br \/>\nR\u00e9volue<\/td>\n<td style=\"text-align: center;\" width=\"218\">INDEMNISATION DARTY<\/td>\n<td style=\"text-align: center;\" width=\"206\">INDEMNISATION CONVENTION\u00a0COLLECTIVES<\/td>\n<\/tr>\n<tr>\n<td style=\"text-align: center;\" width=\"104\">3 et 4 ans<\/td>\n<td style=\"text-align: center;\" width=\"218\">30 jours \u00e0 100% et 30 \u00e0 66%<\/td>\n<td style=\"text-align: center;\" width=\"206\">30 jours \u00e0 100%<\/td>\n<\/tr>\n<tr>\n<td style=\"text-align: center;\" width=\"104\">5 et 7 ans<\/td>\n<td style=\"text-align: center;\" width=\"218\">30 jours \u00e0 100% et 30 \u00e0 80%<\/td>\n<td style=\"text-align: center;\" width=\"206\">30 jours \u00e0 100% et 27 \u00e0 80%<\/td>\n<\/tr>\n<tr>\n<td style=\"text-align: center;\" width=\"104\">8 et 12 ans<\/td>\n<td style=\"text-align: center;\" width=\"218\">60 jours \u00e0 100% et 20 \u00e0 66%<\/td>\n<td style=\"text-align: center;\" width=\"206\">60 jours \u00e0 100%<\/td>\n<\/tr>\n<tr>\n<td style=\"text-align: center;\" width=\"104\">13 et 17 ans<\/td>\n<td style=\"text-align: center;\" width=\"218\">60 jours \u00e0 100% et 40 \u00e0 66%<\/td>\n<td style=\"text-align: center;\" width=\"206\">60 jours \u00e0 100%<\/td>\n<\/tr>\n<tr>\n<td style=\"text-align: center;\" width=\"104\">18 et 22 ans<\/td>\n<td style=\"text-align: center;\" width=\"218\">60 jours \u00e0 100% et 60 \u00e0 66%<\/td>\n<td style=\"text-align: center;\" width=\"206\">60 jours \u00e0 100%<\/td>\n<\/tr>\n<tr>\n<td style=\"text-align: center;\" width=\"104\">23 et 27 ans<\/td>\n<td style=\"text-align: center;\" width=\"218\">60 jours \u00e0 100%, 10 \u00e0 90% puis 70 jours \u00e0 66%<\/td>\n<td style=\"text-align: center;\" width=\"206\">60 jours \u00e0 100%<\/td>\n<\/tr>\n<tr>\n<td style=\"text-align: center;\" width=\"104\">28 et 33 ans<\/td>\n<td style=\"text-align: center;\" width=\"218\">60 jours \u00e0 100%, 20 \u00e0 90% puis 80 jours \u00e0 66%<\/td>\n<td style=\"text-align: center;\" width=\"206\">60 jours \u00e0 100%<\/td>\n<\/tr>\n<tr>\n<td style=\"text-align: center;\" width=\"104\">+ de 33 ans<\/td>\n<td style=\"text-align: center;\" width=\"218\">60 jours \u00e0 100%, 30 \u00e0 90% puis 90 jours \u00e0 66%<\/td>\n<td style=\"text-align: center;\" width=\"206\">60 jours \u00e0 100%<\/td>\n<\/tr>\n<\/tbody>\n<\/table>\n<p>A la fin de ces dur\u00e9es de maintien du salaire et apr\u00e8s 60 jours d\u2019arr\u00eat, c\u2019est le r\u00e9gime de la pr\u00e9voyance qui s\u2019applique. Une avance sur indemnisation est accord\u00e9e par l\u2019entreprise pendant la constitution et le traitement du dossier par l\u2019organisme de pr\u00e9voyance.<\/p>\n<p>A partie de la 3\u00e8me ann\u00e9e de pr\u00e9sence, l\u2019indemnit\u00e9 maladie, dont le montant s\u2019ajoute aux prestations vers\u00e9es par la S\u00e9curit\u00e9 Sociale est calcul\u00e9e comme suit : moyenne des 12 derniers salaires mensuels brut (base + primes) per\u00e7us et pr\u00e9c\u00e9dent l\u2019arr\u00eat.<\/p>\n<p>Le contrat de travail ne pourra \u00eatre rompu pendant une p\u00e9riode de 12 mois de maladie.<\/p>\n<p>Il y a application du syst\u00e8me des jours de carence (page 16) ainsi que la proratisassions de la PFA (page 14).<\/p>\n<p>La pr\u00e9voyance : pour les employ\u00e9s, la cotisation de pr\u00e9voyance est de 50% \u00e0 la charge de celui-ci et 50% \u00e0 la charge de l\u2019employeur.<\/p>\n<p><em>ATTENTION<\/em> : L\u2019indemnisation pour cause de maladie, accident de trajet et hospitalisation, n\u2019a pas caract\u00e8re de salaire et \u00e0 ce titre n\u2019est pas retenue dans la base de calcul de la participation. Par contre, la maternit\u00e9 et les IJSS accident du travail sont r\u00e9int\u00e9gr\u00e9es.<\/p>\n<h3>INDEMNISATION EN CAS D\u2019ACCIDENT DU TRAVAIL<\/h3>\n<p>120 jours \u00e0 100% quelle que soit l\u2019anciennet\u00e9. Pas de jours de carence, pas de proratisassions des cong\u00e9s pay\u00e9s, mais la proratisassions de la PFA s\u2019applique apr\u00e8s 60 jours d\u2019arr\u00eat. Il doit \u00eatre imp\u00e9rativement d\u00e9clar\u00e9 \u00e0 la S\u00e9curit\u00e9 Sociale par l\u2019employeur sous 48 heures. Les avantages li\u00e9s \u00e0 l\u2019anciennet\u00e9 sont conserv\u00e9s.<\/p>\n","protected":false},"excerpt":{"rendered":"<p>Le salari\u00e9 absent pour maladie, doit pr\u00e9venir son employeur et motiver son absence. Au-del\u00e0 de 3 jours, cette absence doit en outre \u00eatre justifi\u00e9e par un certificat m\u00e9dical. Si le &#8230; <a title=\"Maladie\" class=\"read-more\" href=\"https:\/\/cftc-dartyidf.fr\/index.php\/la-maladie\/\" aria-label=\"En savoir plus sur Maladie\">Lire plus<\/a><\/p>\n","protected":false},"author":1,"featured_media":0,"parent":0,"menu_order":0,"comment_status":"closed","ping_status":"closed","template":"","meta":{"generate_page_header":"","_price":"","_stock":"","_tribe_ticket_header":"","_tribe_default_ticket_provider":"","_tribe_ticket_capacity":"0","_ticket_start_date":"","_ticket_end_date":"","_tribe_ticket_show_description":"","_tribe_ticket_show_not_going":false,"_tribe_ticket_use_global_stock":"","_tribe_ticket_global_stock_level":"","_global_stock_mode":"","_global_stock_cap":"","_tribe_rsvp_for_event":"","_tribe_ticket_going_count":"","_tribe_ticket_not_going_count":"","_tribe_tickets_list":"[]","_tribe_ticket_has_attendee_info_fields":false,"jetpack_post_was_ever_published":false,"footnotes":"","_tec_slr_enabled":"","_tec_slr_layout":""},"class_list":["post-983","page","type-page","status-publish"],"yoast_head":"<!-- This site is optimized with the Yoast SEO plugin v27.4 - https:\/\/yoast.com\/product\/yoast-seo-wordpress\/ -->\n<title>Maladie - CFTC-Darty IDF<\/title>\n<meta name=\"robots\" content=\"index, follow, max-snippet:-1, max-image-preview:large, max-video-preview:-1\" \/>\n<link rel=\"canonical\" href=\"https:\/\/cftc-dartyidf.fr\/index.php\/la-maladie\/\" \/>\n<meta property=\"og:locale\" content=\"fr_FR\" \/>\n<meta property=\"og:type\" content=\"article\" \/>\n<meta property=\"og:title\" content=\"Maladie - CFTC-Darty IDF\" \/>\n<meta property=\"og:description\" content=\"Le salari\u00e9 absent pour maladie, doit pr\u00e9venir son employeur et motiver son absence. Au-del\u00e0 de 3 jours, cette absence doit en outre \u00eatre justifi\u00e9e par un certificat m\u00e9dical. Si le ... Lire plus\" \/>\n<meta property=\"og:url\" content=\"https:\/\/cftc-dartyidf.fr\/index.php\/la-maladie\/\" \/>\n<meta property=\"og:site_name\" content=\"CFTC-Darty IDF\" \/>\n<meta property=\"article:modified_time\" content=\"2017-02-08T15:38:03+00:00\" \/>\n<meta name=\"twitter:card\" content=\"summary_large_image\" \/>\n<meta name=\"twitter:label1\" content=\"Dur\u00e9e de lecture estim\u00e9e\" \/>\n\t<meta name=\"twitter:data1\" content=\"4 minutes\" \/>\n<script type=\"application\/ld+json\" class=\"yoast-schema-graph\">{\"@context\":\"https:\\\/\\\/schema.org\",\"@graph\":[{\"@type\":\"WebPage\",\"@id\":\"https:\\\/\\\/cftc-dartyidf.fr\\\/index.php\\\/la-maladie\\\/\",\"url\":\"https:\\\/\\\/cftc-dartyidf.fr\\\/index.php\\\/la-maladie\\\/\",\"name\":\"Maladie - CFTC-Darty IDF\",\"isPartOf\":{\"@id\":\"https:\\\/\\\/cftc-dartyidf.fr\\\/#website\"},\"datePublished\":\"2017-02-08T15:37:51+00:00\",\"dateModified\":\"2017-02-08T15:38:03+00:00\",\"breadcrumb\":{\"@id\":\"https:\\\/\\\/cftc-dartyidf.fr\\\/index.php\\\/la-maladie\\\/#breadcrumb\"},\"inLanguage\":\"fr-FR\",\"potentialAction\":[{\"@type\":\"ReadAction\",\"target\":[\"https:\\\/\\\/cftc-dartyidf.fr\\\/index.php\\\/la-maladie\\\/\"]}]},{\"@type\":\"BreadcrumbList\",\"@id\":\"https:\\\/\\\/cftc-dartyidf.fr\\\/index.php\\\/la-maladie\\\/#breadcrumb\",\"itemListElement\":[{\"@type\":\"ListItem\",\"position\":1,\"name\":\"Accueil\",\"item\":\"https:\\\/\\\/cftc-dartyidf.fr\\\/\"},{\"@type\":\"ListItem\",\"position\":2,\"name\":\"Maladie\"}]},{\"@type\":\"WebSite\",\"@id\":\"https:\\\/\\\/cftc-dartyidf.fr\\\/#website\",\"url\":\"https:\\\/\\\/cftc-dartyidf.fr\\\/\",\"name\":\"CFTC-Darty IDF\",\"description\":\"Le site de la section syndicale CFTC chez Darty IDF\",\"potentialAction\":[{\"@type\":\"SearchAction\",\"target\":{\"@type\":\"EntryPoint\",\"urlTemplate\":\"https:\\\/\\\/cftc-dartyidf.fr\\\/?s={search_term_string}\"},\"query-input\":{\"@type\":\"PropertyValueSpecification\",\"valueRequired\":true,\"valueName\":\"search_term_string\"}}],\"inLanguage\":\"fr-FR\"}]}<\/script>\n<!-- \/ Yoast SEO plugin. -->","yoast_head_json":{"title":"Maladie - CFTC-Darty IDF","robots":{"index":"index","follow":"follow","max-snippet":"max-snippet:-1","max-image-preview":"max-image-preview:large","max-video-preview":"max-video-preview:-1"},"canonical":"https:\/\/cftc-dartyidf.fr\/index.php\/la-maladie\/","og_locale":"fr_FR","og_type":"article","og_title":"Maladie - CFTC-Darty IDF","og_description":"Le salari\u00e9 absent pour maladie, doit pr\u00e9venir son employeur et motiver son absence. Au-del\u00e0 de 3 jours, cette absence doit en outre \u00eatre justifi\u00e9e par un certificat m\u00e9dical. Si le ... Lire plus","og_url":"https:\/\/cftc-dartyidf.fr\/index.php\/la-maladie\/","og_site_name":"CFTC-Darty IDF","article_modified_time":"2017-02-08T15:38:03+00:00","twitter_card":"summary_large_image","twitter_misc":{"Dur\u00e9e de lecture estim\u00e9e":"4 minutes"},"schema":{"@context":"https:\/\/schema.org","@graph":[{"@type":"WebPage","@id":"https:\/\/cftc-dartyidf.fr\/index.php\/la-maladie\/","url":"https:\/\/cftc-dartyidf.fr\/index.php\/la-maladie\/","name":"Maladie - CFTC-Darty IDF","isPartOf":{"@id":"https:\/\/cftc-dartyidf.fr\/#website"},"datePublished":"2017-02-08T15:37:51+00:00","dateModified":"2017-02-08T15:38:03+00:00","breadcrumb":{"@id":"https:\/\/cftc-dartyidf.fr\/index.php\/la-maladie\/#breadcrumb"},"inLanguage":"fr-FR","potentialAction":[{"@type":"ReadAction","target":["https:\/\/cftc-dartyidf.fr\/index.php\/la-maladie\/"]}]},{"@type":"BreadcrumbList","@id":"https:\/\/cftc-dartyidf.fr\/index.php\/la-maladie\/#breadcrumb","itemListElement":[{"@type":"ListItem","position":1,"name":"Accueil","item":"https:\/\/cftc-dartyidf.fr\/"},{"@type":"ListItem","position":2,"name":"Maladie"}]},{"@type":"WebSite","@id":"https:\/\/cftc-dartyidf.fr\/#website","url":"https:\/\/cftc-dartyidf.fr\/","name":"CFTC-Darty IDF","description":"Le site de la section syndicale CFTC chez Darty IDF","potentialAction":[{"@type":"SearchAction","target":{"@type":"EntryPoint","urlTemplate":"https:\/\/cftc-dartyidf.fr\/?s={search_term_string}"},"query-input":{"@type":"PropertyValueSpecification","valueRequired":true,"valueName":"search_term_string"}}],"inLanguage":"fr-FR"}]}},"jetpack_sharing_enabled":true,"jetpack_shortlink":"https:\/\/wp.me\/P8n98f-fR","jetpack-related-posts":[{"id":973,"url":"https:\/\/cftc-dartyidf.fr\/index.php\/les-conges-speciaux\/","url_meta":{"origin":983,"position":0},"title":"Les cong\u00e9s sp\u00e9ciaux","author":"webcsfv","date":"08\/02\/2017","format":false,"excerpt":"LE CONGE SABBATIQUE Les salari\u00e9s peuvent obtenir un cong\u00e9 non r\u00e9mun\u00e9r\u00e9 de 6 \u00e0 11 mois pour se consacrer \u00e0 l\u2019activit\u00e9 de leur choix, \u00e0 condition : d\u2019avoir au moins 36 mois d\u2019anciennet\u00e9 dans l\u2019entreprise, cons\u00e9cutifs ou non d\u2019avoir au moins 6 ann\u00e9es d\u2019exp\u00e9rience professionnelle. de ne pas avoir b\u00e9n\u00e9fici\u00e9\u2026","rel":"","context":"Article similaire","block_context":{"text":"Article similaire","link":""},"img":{"alt_text":"","src":"","width":0,"height":0},"classes":[]},{"id":965,"url":"https:\/\/cftc-dartyidf.fr\/index.php\/les-conges-payes\/","url_meta":{"origin":983,"position":1},"title":"Les cong\u00e9s pay\u00e9s","author":"webcsfv","date":"06\/02\/2017","format":false,"excerpt":"P\u00e9riode de r\u00e9f\u00e9rence : pour le calcul du droit et de la r\u00e9mun\u00e9ration: du 1er Juin de l\u2019ann\u00e9e pr\u00e9c\u00e9dente au 31 Mai de l\u2019ann\u00e9e en cours. Chez DARTY les jours de cong\u00e9s sont calcul\u00e9s en jours ouvr\u00e9s: 5 semaines de CP = 25 jours ouvr\u00e9s c\u2019est \u00e0 dire 20 jours\u2026","rel":"","context":"Article similaire","block_context":{"text":"Article similaire","link":""},"img":{"alt_text":"","src":"","width":0,"height":0},"classes":[]},{"id":1010,"url":"https:\/\/cftc-dartyidf.fr\/index.php\/contrats-de-travail\/","url_meta":{"origin":983,"position":2},"title":"Les contrats de travail","author":"webcsfv","date":"09\/02\/2017","format":false,"excerpt":"\u00a0 Le CDI (Contrat \u00e0 Dur\u00e9e Ind\u00e9termin\u00e9e) La p\u00e9riode d\u2019essai est de: 2 mois pour les EOT (Employ\u00e9 Ouvrier Technicien) 3 mois pour les Agents de Ma\u00eetrise 4 mois pour les cadres Elle peut \u00eatre renouvel\u00e9e une fois. Pendant la p\u00e9riode d\u2019essai les parties peuvent se s\u00e9parer sans pr\u00e9avis, ni\u2026","rel":"","context":"Article similaire","block_context":{"text":"Article similaire","link":""},"img":{"alt_text":"","src":"","width":0,"height":0},"classes":[]},{"id":995,"url":"https:\/\/cftc-dartyidf.fr\/index.php\/prime-de-fin-dannee-pfa\/","url_meta":{"origin":983,"position":3},"title":"Prime de fin d&#8217;ann\u00e9e (PFA)","author":"webcsfv","date":"09\/02\/2017","format":false,"excerpt":"La PFA est vers\u00e9e sur la paye de D\u00e9cembre et est calcul\u00e9e comme suit : Salaire brut de base de Novembre (le fixe) + la moyenne des primes variables, li\u00e9es \u00e0 la fonction du salari\u00e9, qui ont \u00e9t\u00e9 pay\u00e9es entre le 1er Novembre de l\u2019ann\u00e9e pr\u00e9c\u00e9dente et le 31 Octobre\u2026","rel":"","context":"Article similaire","block_context":{"text":"Article similaire","link":""},"img":{"alt_text":"","src":"","width":0,"height":0},"classes":[]},{"id":956,"url":"https:\/\/cftc-dartyidf.fr\/index.php\/les-conges\/","url_meta":{"origin":983,"position":4},"title":"La m\u00e9daille du travail","author":"webcsfv","date":"06\/02\/2017","format":false,"excerpt":"LA REGLE LEGALE : Anciennet\u00e9 M\u00e9daille 20 ans r\u00e9volus Argent 30 ans r\u00e9volus Vermeil 35 ans r\u00e9volus Or 40 ans r\u00e9volus Grande Or LA REGLE DARTY : (plus avantageuse que la r\u00e8gle l\u00e9gale) 20 ans, 30 ans et 40 ans d\u2019anciennet\u00e9 ou moins dans le groupe DARTY : Prise en\u2026","rel":"","context":"Article similaire","block_context":{"text":"Article similaire","link":""},"img":{"alt_text":"","src":"","width":0,"height":0},"classes":[]},{"id":975,"url":"https:\/\/cftc-dartyidf.fr\/index.php\/les-jours-feries\/","url_meta":{"origin":983,"position":5},"title":"Les jours f\u00e9ri\u00e9s","author":"webcsfv","date":"08\/02\/2017","format":false,"excerpt":"Le 1er Mai est un jour f\u00e9ri\u00e9 ch\u00f4m\u00e9 et pay\u00e9. Chez DARTY, 2 autres jours sont collectivement f\u00e9ri\u00e9s et ferm\u00e9s : le 1er Janvier et le 25 D\u00e9cembre. Le salari\u00e9, quelque soit sa dur\u00e9e de travail apr\u00e8s 3 mois d\u2019anciennet\u00e9, b\u00e9n\u00e9ficie chaque ann\u00e9e de 7 autres jours f\u00e9ri\u00e9s ch\u00f4m\u00e9s et\u2026","rel":"","context":"Article similaire","block_context":{"text":"Article similaire","link":""},"img":{"alt_text":"","src":"","width":0,"height":0},"classes":[]}],"ticketed":false,"_links":{"self":[{"href":"https:\/\/cftc-dartyidf.fr\/index.php\/wp-json\/wp\/v2\/pages\/983","targetHints":{"allow":["GET"]}}],"collection":[{"href":"https:\/\/cftc-dartyidf.fr\/index.php\/wp-json\/wp\/v2\/pages"}],"about":[{"href":"https:\/\/cftc-dartyidf.fr\/index.php\/wp-json\/wp\/v2\/types\/page"}],"author":[{"embeddable":true,"href":"https:\/\/cftc-dartyidf.fr\/index.php\/wp-json\/wp\/v2\/users\/1"}],"replies":[{"embeddable":true,"href":"https:\/\/cftc-dartyidf.fr\/index.php\/wp-json\/wp\/v2\/comments?post=983"}],"version-history":[{"count":2,"href":"https:\/\/cftc-dartyidf.fr\/index.php\/wp-json\/wp\/v2\/pages\/983\/revisions"}],"predecessor-version":[{"id":986,"href":"https:\/\/cftc-dartyidf.fr\/index.php\/wp-json\/wp\/v2\/pages\/983\/revisions\/986"}],"wp:attachment":[{"href":"https:\/\/cftc-dartyidf.fr\/index.php\/wp-json\/wp\/v2\/media?parent=983"}],"curies":[{"name":"wp","href":"https:\/\/api.w.org\/{rel}","templated":true}]}}