{"id":956,"date":"2017-02-06T16:07:11","date_gmt":"2017-02-06T15:07:11","guid":{"rendered":"https:\/\/cftc-dartyidf.fr\/?page_id=956"},"modified":"2017-02-06T16:11:32","modified_gmt":"2017-02-06T15:11:32","slug":"les-conges","status":"publish","type":"page","link":"https:\/\/cftc-dartyidf.fr\/index.php\/les-conges\/","title":{"rendered":"La m\u00e9daille du travail"},"content":{"rendered":"<h3>LA REGLE LEGALE :<\/h3>\n<table>\n<tbody>\n<tr>\n<td style=\"text-align: center;\"><strong>Anciennet\u00e9<\/strong><\/td>\n<td style=\"text-align: center;\"><strong>M\u00e9daille<\/strong><\/td>\n<\/tr>\n<tr>\n<td style=\"text-align: center;\">20 ans r\u00e9volus<\/td>\n<td style=\"text-align: center;\">Argent<\/td>\n<\/tr>\n<tr>\n<td style=\"text-align: center;\">30 ans r\u00e9volus<\/td>\n<td style=\"text-align: center;\">Vermeil<\/td>\n<\/tr>\n<tr>\n<td style=\"text-align: center;\">35 ans r\u00e9volus<\/td>\n<td style=\"text-align: center;\">Or<\/td>\n<\/tr>\n<tr>\n<td style=\"text-align: center;\">40 ans r\u00e9volus<\/td>\n<td style=\"text-align: center;\">Grande Or<\/td>\n<\/tr>\n<\/tbody>\n<\/table>\n<h3>LA REGLE DARTY : (plus avantageuse que la r\u00e8gle l\u00e9gale)<\/h3>\n<p>20 ans, 30 ans et 40 ans d\u2019anciennet\u00e9 ou moins dans le groupe DARTY :<\/p>\n<ul>\n<li>Prise en charge par l\u2019entreprise du co\u00fbt de la fabrication de la m\u00e9daille,<\/li>\n<li>Remise de cette m\u00e9daille par la direction \u00e0 la fin de 4\u00e8me trimestre lors d\u2019une c\u00e9r\u00e9monie.<\/li>\n<\/ul>\n<p>L\u2019ann\u00e9e des 20 ans d\u2019anciennet\u00e9, 5 jours suppl\u00e9mentaires de CP sont \u00e0 prendre l\u2019ann\u00e9e civile suivante ( de fa\u00e7on cons\u00e9cutive ou non ).<\/p>\n<p>Ces jours peuvent \u00eatre remplac\u00e9s par une prime forfaitaire de 500 \u20ac.<\/p>\n<p>L\u2019ann\u00e9e des 30 ans d\u2019anciennet\u00e9, 5 jours suppl\u00e9mentaires de CP sont \u00e0 prendre l\u2019ann\u00e9e civile suivante ( de fa\u00e7on cons\u00e9cutive ou non ).<\/p>\n<p>Ces jours peuvent \u00eatre remplac\u00e9s par une prime forfaitaire de 750 \u20ac.<\/p>\n<p>L\u2019ann\u00e9e des 40 ans d\u2019anciennet\u00e9, 5 jours suppl\u00e9mentaires de CP sont \u00e0 prendre l\u2019ann\u00e9e civile suivante ( de fa\u00e7on cons\u00e9cutive ou non ).<\/p>\n<p>Ces jours peuvent \u00eatre remplac\u00e9s par une prime forfaitaire de 1 000 \u20ac.<\/p>\n<h3>NET D\u2019IMPOT, QUELLE PROCEDURE ?<\/h3>\n<p>Le salari\u00e9 doit remplir un formulaire (Cerfa 11796*01 ou 11797*01) et y joindre les documents suivants :<\/p>\n<ul>\n<li>Certificats de travail et attestation r\u00e9cente du dernier employeur,<\/li>\n<li>Photocopie d&#8217;une pi\u00e8ce d\u2019identit\u00e9,<\/li>\n<li>Le cas \u00e9ch\u00e9ant, \u00e9tat signal\u00e9tique et des services militaires ou photocopie du livret militaire,<\/li>\n<li>Le cas \u00e9ch\u00e9ant, pour les mutil\u00e9s du travail, un relev\u00e9 des rentes,<\/li>\n<li>Le dossier ainsi constitu\u00e9 est \u00e0 d\u00e9poser aupr\u00e8s du pr\u00e9fet de d\u00e9partement ou aupr\u00e8s de la DIRECCTE (Direction R\u00e9gionale des Entreprises, de la Concurrence, de la Consommation, du Travail et de l\u2019Emploi) ou \u00e0 la mairie du lieu de domicile du candidat avant le :\n<ul>\n<li>1<sup>er<\/sup> Mai pour la promotion du 14 Juillet,<\/li>\n<li>15 Octobre pour la promotion du 1<sup>er<\/sup> Janvier.<\/li>\n<\/ul>\n<\/li>\n<\/ul>\n","protected":false},"excerpt":{"rendered":"<p>LA REGLE LEGALE : Anciennet\u00e9 M\u00e9daille 20 ans r\u00e9volus Argent 30 ans r\u00e9volus Vermeil 35 ans r\u00e9volus Or 40 ans r\u00e9volus Grande Or LA REGLE DARTY : (plus avantageuse que &#8230; <a title=\"La m\u00e9daille du travail\" class=\"read-more\" href=\"https:\/\/cftc-dartyidf.fr\/index.php\/les-conges\/\" aria-label=\"En savoir plus sur La m\u00e9daille du travail\">Lire plus<\/a><\/p>\n","protected":false},"author":1,"featured_media":0,"parent":0,"menu_order":0,"comment_status":"closed","ping_status":"closed","template":"","meta":{"generate_page_header":"","_price":"","_stock":"","_tribe_ticket_header":"","_tribe_default_ticket_provider":"","_tribe_ticket_capacity":"0","_ticket_start_date":"","_ticket_end_date":"","_tribe_ticket_show_description":"","_tribe_ticket_show_not_going":false,"_tribe_ticket_use_global_stock":"","_tribe_ticket_global_stock_level":"","_global_stock_mode":"","_global_stock_cap":"","_tribe_rsvp_for_event":"","_tribe_ticket_going_count":"","_tribe_ticket_not_going_count":"","_tribe_tickets_list":"[]","_tribe_ticket_has_attendee_info_fields":false,"jetpack_post_was_ever_published":false,"footnotes":"","_tec_slr_enabled":"","_tec_slr_layout":""},"class_list":["post-956","page","type-page","status-publish"],"yoast_head":"<!-- This site is optimized with the Yoast SEO plugin v27.4 - https:\/\/yoast.com\/product\/yoast-seo-wordpress\/ -->\n<title>La m\u00e9daille du travail - CFTC-Darty IDF<\/title>\n<meta name=\"robots\" content=\"index, follow, max-snippet:-1, max-image-preview:large, max-video-preview:-1\" \/>\n<link rel=\"canonical\" href=\"https:\/\/cftc-dartyidf.fr\/index.php\/les-conges\/\" \/>\n<meta property=\"og:locale\" content=\"fr_FR\" \/>\n<meta property=\"og:type\" content=\"article\" \/>\n<meta property=\"og:title\" content=\"La m\u00e9daille du travail - CFTC-Darty IDF\" \/>\n<meta property=\"og:description\" content=\"LA REGLE LEGALE : Anciennet\u00e9 M\u00e9daille 20 ans r\u00e9volus Argent 30 ans r\u00e9volus Vermeil 35 ans r\u00e9volus Or 40 ans r\u00e9volus Grande Or LA REGLE DARTY : (plus avantageuse que ... Lire plus\" \/>\n<meta property=\"og:url\" content=\"https:\/\/cftc-dartyidf.fr\/index.php\/les-conges\/\" \/>\n<meta property=\"og:site_name\" content=\"CFTC-Darty IDF\" \/>\n<meta property=\"article:modified_time\" content=\"2017-02-06T15:11:32+00:00\" \/>\n<meta name=\"twitter:card\" content=\"summary_large_image\" \/>\n<meta name=\"twitter:label1\" content=\"Dur\u00e9e de lecture estim\u00e9e\" \/>\n\t<meta name=\"twitter:data1\" content=\"2 minutes\" \/>\n<script type=\"application\/ld+json\" class=\"yoast-schema-graph\">{\"@context\":\"https:\\\/\\\/schema.org\",\"@graph\":[{\"@type\":\"WebPage\",\"@id\":\"https:\\\/\\\/cftc-dartyidf.fr\\\/index.php\\\/les-conges\\\/\",\"url\":\"https:\\\/\\\/cftc-dartyidf.fr\\\/index.php\\\/les-conges\\\/\",\"name\":\"La m\u00e9daille du travail - CFTC-Darty IDF\",\"isPartOf\":{\"@id\":\"https:\\\/\\\/cftc-dartyidf.fr\\\/#website\"},\"datePublished\":\"2017-02-06T15:07:11+00:00\",\"dateModified\":\"2017-02-06T15:11:32+00:00\",\"breadcrumb\":{\"@id\":\"https:\\\/\\\/cftc-dartyidf.fr\\\/index.php\\\/les-conges\\\/#breadcrumb\"},\"inLanguage\":\"fr-FR\",\"potentialAction\":[{\"@type\":\"ReadAction\",\"target\":[\"https:\\\/\\\/cftc-dartyidf.fr\\\/index.php\\\/les-conges\\\/\"]}]},{\"@type\":\"BreadcrumbList\",\"@id\":\"https:\\\/\\\/cftc-dartyidf.fr\\\/index.php\\\/les-conges\\\/#breadcrumb\",\"itemListElement\":[{\"@type\":\"ListItem\",\"position\":1,\"name\":\"Accueil\",\"item\":\"https:\\\/\\\/cftc-dartyidf.fr\\\/\"},{\"@type\":\"ListItem\",\"position\":2,\"name\":\"La m\u00e9daille du travail\"}]},{\"@type\":\"WebSite\",\"@id\":\"https:\\\/\\\/cftc-dartyidf.fr\\\/#website\",\"url\":\"https:\\\/\\\/cftc-dartyidf.fr\\\/\",\"name\":\"CFTC-Darty IDF\",\"description\":\"Le site de la section syndicale CFTC chez Darty IDF\",\"potentialAction\":[{\"@type\":\"SearchAction\",\"target\":{\"@type\":\"EntryPoint\",\"urlTemplate\":\"https:\\\/\\\/cftc-dartyidf.fr\\\/?s={search_term_string}\"},\"query-input\":{\"@type\":\"PropertyValueSpecification\",\"valueRequired\":true,\"valueName\":\"search_term_string\"}}],\"inLanguage\":\"fr-FR\"}]}<\/script>\n<!-- \/ Yoast SEO plugin. -->","yoast_head_json":{"title":"La m\u00e9daille du travail - CFTC-Darty IDF","robots":{"index":"index","follow":"follow","max-snippet":"max-snippet:-1","max-image-preview":"max-image-preview:large","max-video-preview":"max-video-preview:-1"},"canonical":"https:\/\/cftc-dartyidf.fr\/index.php\/les-conges\/","og_locale":"fr_FR","og_type":"article","og_title":"La m\u00e9daille du travail - CFTC-Darty IDF","og_description":"LA REGLE LEGALE : Anciennet\u00e9 M\u00e9daille 20 ans r\u00e9volus Argent 30 ans r\u00e9volus Vermeil 35 ans r\u00e9volus Or 40 ans r\u00e9volus Grande Or LA REGLE DARTY : (plus avantageuse que ... Lire plus","og_url":"https:\/\/cftc-dartyidf.fr\/index.php\/les-conges\/","og_site_name":"CFTC-Darty IDF","article_modified_time":"2017-02-06T15:11:32+00:00","twitter_card":"summary_large_image","twitter_misc":{"Dur\u00e9e de lecture estim\u00e9e":"2 minutes"},"schema":{"@context":"https:\/\/schema.org","@graph":[{"@type":"WebPage","@id":"https:\/\/cftc-dartyidf.fr\/index.php\/les-conges\/","url":"https:\/\/cftc-dartyidf.fr\/index.php\/les-conges\/","name":"La m\u00e9daille du travail - CFTC-Darty IDF","isPartOf":{"@id":"https:\/\/cftc-dartyidf.fr\/#website"},"datePublished":"2017-02-06T15:07:11+00:00","dateModified":"2017-02-06T15:11:32+00:00","breadcrumb":{"@id":"https:\/\/cftc-dartyidf.fr\/index.php\/les-conges\/#breadcrumb"},"inLanguage":"fr-FR","potentialAction":[{"@type":"ReadAction","target":["https:\/\/cftc-dartyidf.fr\/index.php\/les-conges\/"]}]},{"@type":"BreadcrumbList","@id":"https:\/\/cftc-dartyidf.fr\/index.php\/les-conges\/#breadcrumb","itemListElement":[{"@type":"ListItem","position":1,"name":"Accueil","item":"https:\/\/cftc-dartyidf.fr\/"},{"@type":"ListItem","position":2,"name":"La m\u00e9daille du travail"}]},{"@type":"WebSite","@id":"https:\/\/cftc-dartyidf.fr\/#website","url":"https:\/\/cftc-dartyidf.fr\/","name":"CFTC-Darty IDF","description":"Le site de la section syndicale CFTC chez Darty IDF","potentialAction":[{"@type":"SearchAction","target":{"@type":"EntryPoint","urlTemplate":"https:\/\/cftc-dartyidf.fr\/?s={search_term_string}"},"query-input":{"@type":"PropertyValueSpecification","valueRequired":true,"valueName":"search_term_string"}}],"inLanguage":"fr-FR"}]}},"jetpack_sharing_enabled":true,"jetpack_shortlink":"https:\/\/wp.me\/P8n98f-fq","jetpack-related-posts":[{"id":970,"url":"https:\/\/cftc-dartyidf.fr\/index.php\/conges-speciaux-de-courte-duree\/","url_meta":{"origin":956,"position":0},"title":"Les cong\u00e9s sp\u00e9ciaux de courte dur\u00e9e","author":"webcsfv","date":"08\/02\/2017","format":false,"excerpt":"Tout salari\u00e9 b\u00e9n\u00e9ficie, SUR JUSTIFICATIF, d\u2019un cong\u00e9 r\u00e9mun\u00e9r\u00e9 (fixe et variable) lors de la survenance de l\u2019un des \u00e9v\u00e9nements familiaux suivants : \u00c9V\u00c9NEMENT\u00a0FAMILIAL CONVENTION COLLECTIVE ou AVANTAGE DARTY Mariage du salari\u00e9 (e) 5 jours (4 si moins d\u2019un an d\u2019anciennet\u00e9) Mariage d\u2019un enfant 1 jour Naissance d\u2019un enfant ou adoption\u2026","rel":"","context":"Article similaire","block_context":{"text":"Article similaire","link":""},"img":{"alt_text":"","src":"","width":0,"height":0},"classes":[]},{"id":983,"url":"https:\/\/cftc-dartyidf.fr\/index.php\/la-maladie\/","url_meta":{"origin":956,"position":1},"title":"Maladie","author":"webcsfv","date":"08\/02\/2017","format":false,"excerpt":"Le salari\u00e9 absent pour maladie, doit pr\u00e9venir son employeur et motiver son absence. Au-del\u00e0 de 3 jours, cette absence doit en outre \u00eatre justifi\u00e9e par un certificat m\u00e9dical. Si le salari\u00e9 est absent pour maladie pendant au moins 21 jours, il doit pr\u00e9senter un certificat m\u00e9dical de reprise. L\u2019entreprise cesse\u2026","rel":"","context":"Article similaire","block_context":{"text":"Article similaire","link":""},"img":{"alt_text":"","src":"","width":0,"height":0},"classes":[]},{"id":997,"url":"https:\/\/cftc-dartyidf.fr\/index.php\/la-prime-danciennete\/","url_meta":{"origin":956,"position":2},"title":"La prime d&#8217;anciennet\u00e9","author":"webcsfv","date":"09\/02\/2017","format":false,"excerpt":"Calcul de la prime d'anciennet\u00e9 : 1\/ Retrouver niveau et \u00e9chelon sur votre fiche de paie 2\/ Trouver le salaire minimum correspondant dans le tableau 1 3\/ Trouver le pourcentage du salaire en fonction de l\u2019anciennet\u00e9 dans le tableau 2 4\/ Prime d\u2019anciennet\u00e9 = Salaire minimum de la convention multipli\u00e9\u2026","rel":"","context":"Article similaire","block_context":{"text":"Article similaire","link":""},"img":{"alt_text":"","src":"","width":0,"height":0},"classes":[]},{"id":993,"url":"https:\/\/cftc-dartyidf.fr\/index.php\/lordre-de-depart-conges\/","url_meta":{"origin":956,"position":3},"title":"L\u2019ordre de d\u00e9part en cong\u00e9s","author":"webcsfv","date":"09\/02\/2017","format":false,"excerpt":"La r\u00e8gle applicable chez DARTY C\u2019est la direction qui fixe l\u2019ordre de d\u00e9part des cong\u00e9s pay\u00e9s en fonction des demandes, des n\u00e9cessit\u00e9s de service et apr\u00e8s consultation des d\u00e9l\u00e9gu\u00e9s du personnel. S\u2019il est n\u00e9cessaire de faire un arbitrage entre des demandes incompatibles, les r\u00e8gles suivantes s\u2019appliquent : 1\/ Les conjoints\u2026","rel":"","context":"Article similaire","block_context":{"text":"Article similaire","link":""},"img":{"alt_text":"","src":"","width":0,"height":0},"classes":[]},{"id":1004,"url":"https:\/\/cftc-dartyidf.fr\/index.php\/participation-aux-benefices\/","url_meta":{"origin":956,"position":4},"title":"La participation aux b\u00e9n\u00e9fices","author":"webcsfv","date":"09\/02\/2017","format":false,"excerpt":"C\u2019est un syst\u00e8me l\u00e9gal de redistribution aux salari\u00e9s, d\u2019une partie du b\u00e9n\u00e9fice net de l\u2019entreprise. Chez DARTY, le versement s\u2019effectue vers le mois de Juillet. Son montant est calcul\u00e9 \u00e0 partir d\u2019u pourcentage du salaire annuel brut de l\u2019ann\u00e9e de r\u00e9f\u00e9rence (du 1er Mai de l\u2019ann\u00e9e pass\u00e9e au 30 Avril\u2026","rel":"","context":"Article similaire","block_context":{"text":"Article similaire","link":""},"img":{"alt_text":"","src":"","width":0,"height":0},"classes":[]},{"id":1018,"url":"https:\/\/cftc-dartyidf.fr\/index.php\/les-avantages-du-ce\/","url_meta":{"origin":956,"position":5},"title":"Les avantages du CSE","author":"webcsfv","date":"09\/02\/2017","format":false,"excerpt":"Droits ouverts apr\u00e8s 3 mois d\u2019anciennet\u00e9 \u00c9V\u00c8NEMENTS AVANTAGES JUSTIFICATIFS CONDITIONS Mariage Bon d\u2019achat DART Y de 92\u20ac Extrait d\u2019acte de mariage N\u00e9ant Naissance Bon d\u2019achat Tir Group\u00e9 de 78\u20ac Extrait de naissance N\u00e9ant Retraite Bon d\u2019achat de 120\u20ac ou un avoir sur une activit\u00e9 Certificat de fin de carri\u00e8re N\u00e9ant\u2026","rel":"","context":"Article similaire","block_context":{"text":"Article similaire","link":""},"img":{"alt_text":"","src":"","width":0,"height":0},"classes":[]}],"ticketed":false,"_links":{"self":[{"href":"https:\/\/cftc-dartyidf.fr\/index.php\/wp-json\/wp\/v2\/pages\/956","targetHints":{"allow":["GET"]}}],"collection":[{"href":"https:\/\/cftc-dartyidf.fr\/index.php\/wp-json\/wp\/v2\/pages"}],"about":[{"href":"https:\/\/cftc-dartyidf.fr\/index.php\/wp-json\/wp\/v2\/types\/page"}],"author":[{"embeddable":true,"href":"https:\/\/cftc-dartyidf.fr\/index.php\/wp-json\/wp\/v2\/users\/1"}],"replies":[{"embeddable":true,"href":"https:\/\/cftc-dartyidf.fr\/index.php\/wp-json\/wp\/v2\/comments?post=956"}],"version-history":[{"count":4,"href":"https:\/\/cftc-dartyidf.fr\/index.php\/wp-json\/wp\/v2\/pages\/956\/revisions"}],"predecessor-version":[{"id":960,"href":"https:\/\/cftc-dartyidf.fr\/index.php\/wp-json\/wp\/v2\/pages\/956\/revisions\/960"}],"wp:attachment":[{"href":"https:\/\/cftc-dartyidf.fr\/index.php\/wp-json\/wp\/v2\/media?parent=956"}],"curies":[{"name":"wp","href":"https:\/\/api.w.org\/{rel}","templated":true}]}}