{"id":5,"date":"2016-11-07T12:24:09","date_gmt":"2016-11-07T11:24:09","guid":{"rendered":"http:\/\/cftc-darty-idf.fr\/?page_id=5"},"modified":"2025-10-10T23:47:13","modified_gmt":"2025-10-10T21:47:13","slug":"qui-sommes-nous","status":"publish","type":"page","link":"https:\/\/cftc-dartyidf.fr\/index.php\/qui-sommes-nous\/","title":{"rendered":"Qui sommes nous"},"content":{"rendered":"<p>Grace \u00e0 la confiance que vous nous avez accord\u00e9, la CFTC est la <u>4\u00e8me organisation syndicale<\/u> de DIF\u00a0: avec une <strong>repr\u00e9sentativit\u00e9<\/strong> \u00e0 14,36% des voix.<\/p>\n<p>Nous sommes une \u00e9quipe de d\u00e9l\u00e9gu\u00e9s issus des magasins, des d\u00e9p\u00f4ts , SAV, plates-formes\u2026..<\/p>\n<p>Nous sommes vendeurs, techniciens, livreurs, concepteurs , responsables technique, directeurs de magasins, &#8230;<\/p>\n<p>Parmi nous des conseillers prud&#8217;hommes, mais \u00e9galement des pr\u00e9sidents d\u2019audience, des conseillers prud\u2019hommes, nous sommes une \u00e9quipe aguerrie d\u00e9termin\u00e9e \u00e0 faire progresser la cause des salari\u00e9s.<\/p>\n<p>Nous sommes un syndicat pragmatique et nous pr\u00e9f\u00e9rons n\u00e9gocier pour avancer que de rejeter toute n\u00e9gociations.<\/p>\n<p>Nous sommes ouverts au dialogue social afin de trouver des solutions et des accords qui soient bons pour tous, mais nous pouvons aussi durcir le ton lorsque les valeurs que nous d\u00e9fendons sont remises en question et bafou\u00e9es<\/p>\n<p>Am\u00e9liorer les conditions de travail au quotidien est l\u2019objectif que nous d\u00e9fendons et nous nous engageons \u00e0 tout mettre en \u0153uvre pour garantir de bonnes conditions de travail au sein de l\u2019entreprise.<\/p>\n<p>La CFTC est apolitique, non confessionnelle et non cat\u00e9gorielle elle est porteuse de valeurs universelles et donc capable de f\u00e9d\u00e9rer des personnes d\u2019horizons diff\u00e8rents<\/p>\n<p>&nbsp;<\/p>\n<p>&nbsp;<\/p>\n","protected":false},"excerpt":{"rendered":"<p>Grace \u00e0 la confiance que vous nous avez accord\u00e9, la CFTC est la 4\u00e8me organisation syndicale de DIF\u00a0: avec une repr\u00e9sentativit\u00e9 \u00e0 14,36% des voix. Nous sommes une \u00e9quipe de &#8230; <a title=\"Qui sommes nous\" class=\"read-more\" href=\"https:\/\/cftc-dartyidf.fr\/index.php\/qui-sommes-nous\/\" aria-label=\"En savoir plus sur Qui sommes nous\">Lire plus<\/a><\/p>\n","protected":false},"author":1,"featured_media":0,"parent":0,"menu_order":0,"comment_status":"closed","ping_status":"closed","template":"","meta":{"generate_page_header":"","_price":"","_stock":"","_tribe_ticket_header":"","_tribe_default_ticket_provider":"","_tribe_ticket_capacity":"0","_ticket_start_date":"","_ticket_end_date":"","_tribe_ticket_show_description":"","_tribe_ticket_show_not_going":false,"_tribe_ticket_use_global_stock":"","_tribe_ticket_global_stock_level":"","_global_stock_mode":"","_global_stock_cap":"","_tribe_rsvp_for_event":"","_tribe_ticket_going_count":"","_tribe_ticket_not_going_count":"","_tribe_tickets_list":"[]","_tribe_ticket_has_attendee_info_fields":false,"jetpack_post_was_ever_published":false,"footnotes":"","_tec_slr_enabled":"","_tec_slr_layout":""},"class_list":["post-5","page","type-page","status-publish"],"yoast_head":"<!-- This site is optimized with the Yoast SEO plugin v27.3 - https:\/\/yoast.com\/product\/yoast-seo-wordpress\/ -->\n<title>Qui sommes nous - CFTC-Darty IDF<\/title>\n<meta name=\"robots\" content=\"index, follow, max-snippet:-1, max-image-preview:large, max-video-preview:-1\" \/>\n<link rel=\"canonical\" href=\"https:\/\/cftc-dartyidf.fr\/index.php\/qui-sommes-nous\/\" \/>\n<meta property=\"og:locale\" content=\"fr_FR\" \/>\n<meta property=\"og:type\" content=\"article\" \/>\n<meta property=\"og:title\" content=\"Qui sommes nous - CFTC-Darty IDF\" \/>\n<meta property=\"og:description\" content=\"Grace \u00e0 la confiance que vous nous avez accord\u00e9, la CFTC est la 4\u00e8me organisation syndicale de DIF\u00a0: avec une repr\u00e9sentativit\u00e9 \u00e0 14,36% des voix. Nous sommes une \u00e9quipe de ... Lire plus\" \/>\n<meta property=\"og:url\" content=\"https:\/\/cftc-dartyidf.fr\/index.php\/qui-sommes-nous\/\" \/>\n<meta property=\"og:site_name\" content=\"CFTC-Darty IDF\" \/>\n<meta property=\"article:modified_time\" content=\"2025-10-10T21:47:13+00:00\" \/>\n<meta name=\"twitter:card\" content=\"summary_large_image\" \/>\n<meta name=\"twitter:label1\" content=\"Dur\u00e9e de lecture estim\u00e9e\" \/>\n\t<meta name=\"twitter:data1\" content=\"1 minute\" \/>\n<script type=\"application\/ld+json\" class=\"yoast-schema-graph\">{\"@context\":\"https:\\\/\\\/schema.org\",\"@graph\":[{\"@type\":\"WebPage\",\"@id\":\"https:\\\/\\\/cftc-dartyidf.fr\\\/index.php\\\/qui-sommes-nous\\\/\",\"url\":\"https:\\\/\\\/cftc-dartyidf.fr\\\/index.php\\\/qui-sommes-nous\\\/\",\"name\":\"Qui sommes nous - CFTC-Darty IDF\",\"isPartOf\":{\"@id\":\"https:\\\/\\\/cftc-dartyidf.fr\\\/#website\"},\"datePublished\":\"2016-11-07T11:24:09+00:00\",\"dateModified\":\"2025-10-10T21:47:13+00:00\",\"breadcrumb\":{\"@id\":\"https:\\\/\\\/cftc-dartyidf.fr\\\/index.php\\\/qui-sommes-nous\\\/#breadcrumb\"},\"inLanguage\":\"fr-FR\",\"potentialAction\":[{\"@type\":\"ReadAction\",\"target\":[\"https:\\\/\\\/cftc-dartyidf.fr\\\/index.php\\\/qui-sommes-nous\\\/\"]}]},{\"@type\":\"BreadcrumbList\",\"@id\":\"https:\\\/\\\/cftc-dartyidf.fr\\\/index.php\\\/qui-sommes-nous\\\/#breadcrumb\",\"itemListElement\":[{\"@type\":\"ListItem\",\"position\":1,\"name\":\"Accueil\",\"item\":\"https:\\\/\\\/cftc-dartyidf.fr\\\/\"},{\"@type\":\"ListItem\",\"position\":2,\"name\":\"Qui sommes nous\"}]},{\"@type\":\"WebSite\",\"@id\":\"https:\\\/\\\/cftc-dartyidf.fr\\\/#website\",\"url\":\"https:\\\/\\\/cftc-dartyidf.fr\\\/\",\"name\":\"CFTC-Darty IDF\",\"description\":\"Le site de la section syndicale CFTC chez Darty IDF\",\"potentialAction\":[{\"@type\":\"SearchAction\",\"target\":{\"@type\":\"EntryPoint\",\"urlTemplate\":\"https:\\\/\\\/cftc-dartyidf.fr\\\/?s={search_term_string}\"},\"query-input\":{\"@type\":\"PropertyValueSpecification\",\"valueRequired\":true,\"valueName\":\"search_term_string\"}}],\"inLanguage\":\"fr-FR\"}]}<\/script>\n<!-- \/ Yoast SEO plugin. -->","yoast_head_json":{"title":"Qui sommes nous - CFTC-Darty IDF","robots":{"index":"index","follow":"follow","max-snippet":"max-snippet:-1","max-image-preview":"max-image-preview:large","max-video-preview":"max-video-preview:-1"},"canonical":"https:\/\/cftc-dartyidf.fr\/index.php\/qui-sommes-nous\/","og_locale":"fr_FR","og_type":"article","og_title":"Qui sommes nous - CFTC-Darty IDF","og_description":"Grace \u00e0 la confiance que vous nous avez accord\u00e9, la CFTC est la 4\u00e8me organisation syndicale de DIF\u00a0: avec une repr\u00e9sentativit\u00e9 \u00e0 14,36% des voix. Nous sommes une \u00e9quipe de ... Lire plus","og_url":"https:\/\/cftc-dartyidf.fr\/index.php\/qui-sommes-nous\/","og_site_name":"CFTC-Darty IDF","article_modified_time":"2025-10-10T21:47:13+00:00","twitter_card":"summary_large_image","twitter_misc":{"Dur\u00e9e de lecture estim\u00e9e":"1 minute"},"schema":{"@context":"https:\/\/schema.org","@graph":[{"@type":"WebPage","@id":"https:\/\/cftc-dartyidf.fr\/index.php\/qui-sommes-nous\/","url":"https:\/\/cftc-dartyidf.fr\/index.php\/qui-sommes-nous\/","name":"Qui sommes nous - CFTC-Darty IDF","isPartOf":{"@id":"https:\/\/cftc-dartyidf.fr\/#website"},"datePublished":"2016-11-07T11:24:09+00:00","dateModified":"2025-10-10T21:47:13+00:00","breadcrumb":{"@id":"https:\/\/cftc-dartyidf.fr\/index.php\/qui-sommes-nous\/#breadcrumb"},"inLanguage":"fr-FR","potentialAction":[{"@type":"ReadAction","target":["https:\/\/cftc-dartyidf.fr\/index.php\/qui-sommes-nous\/"]}]},{"@type":"BreadcrumbList","@id":"https:\/\/cftc-dartyidf.fr\/index.php\/qui-sommes-nous\/#breadcrumb","itemListElement":[{"@type":"ListItem","position":1,"name":"Accueil","item":"https:\/\/cftc-dartyidf.fr\/"},{"@type":"ListItem","position":2,"name":"Qui sommes nous"}]},{"@type":"WebSite","@id":"https:\/\/cftc-dartyidf.fr\/#website","url":"https:\/\/cftc-dartyidf.fr\/","name":"CFTC-Darty IDF","description":"Le site de la section syndicale CFTC chez Darty IDF","potentialAction":[{"@type":"SearchAction","target":{"@type":"EntryPoint","urlTemplate":"https:\/\/cftc-dartyidf.fr\/?s={search_term_string}"},"query-input":{"@type":"PropertyValueSpecification","valueRequired":true,"valueName":"search_term_string"}}],"inLanguage":"fr-FR"}]}},"jetpack_sharing_enabled":true,"jetpack_shortlink":"https:\/\/wp.me\/P8n98f-5","jetpack-related-posts":[{"id":993,"url":"https:\/\/cftc-dartyidf.fr\/index.php\/lordre-de-depart-conges\/","url_meta":{"origin":5,"position":0},"title":"L\u2019ordre de d\u00e9part en cong\u00e9s","author":"webcsfv","date":"09\/02\/2017","format":false,"excerpt":"La r\u00e8gle applicable chez DARTY C\u2019est la direction qui fixe l\u2019ordre de d\u00e9part des cong\u00e9s pay\u00e9s en fonction des demandes, des n\u00e9cessit\u00e9s de service et apr\u00e8s consultation des d\u00e9l\u00e9gu\u00e9s du personnel. S\u2019il est n\u00e9cessaire de faire un arbitrage entre des demandes incompatibles, les r\u00e8gles suivantes s\u2019appliquent : 1\/ Les conjoints\u2026","rel":"","context":"Article similaire","block_context":{"text":"Article similaire","link":""},"img":{"alt_text":"","src":"","width":0,"height":0},"classes":[]},{"id":1728,"url":"https:\/\/cftc-dartyidf.fr\/index.php\/mentions-legales\/","url_meta":{"origin":5,"position":1},"title":"Mentions l\u00e9gales","author":"webcsfv","date":"28\/11\/2018","format":false,"excerpt":"\u00c9diteur du site, conception et r\u00e9alisation CFTC-CSFV 34 quai de la Loire \u2013 75019 \u2013 Paris Tel : 01.46.07.91.39 Mail : contact@csfv.fr Responsable de la r\u00e9daction : Service communication \u00a0 H\u00e9bergement L\u2019h\u00e9bergement du site est r\u00e9alis\u00e9 par la F\u00e9d\u00e9ration CFTC-CSFV dans ses locaux. \u00a0 Propri\u00e9t\u00e9 L\u2019ensemble de ce site est\u2026","rel":"","context":"Article similaire","block_context":{"text":"Article similaire","link":""},"img":{"alt_text":"","src":"","width":0,"height":0},"classes":[]},{"id":10,"url":"https:\/\/cftc-dartyidf.fr\/index.php\/nous-ecrire\/","url_meta":{"origin":5,"position":2},"title":"Nous contacter","author":"webcsfv","date":"07\/11\/2016","format":false,"excerpt":"","rel":"","context":"Article similaire","block_context":{"text":"Article similaire","link":""},"img":{"alt_text":"","src":"","width":0,"height":0},"classes":[]},{"id":1010,"url":"https:\/\/cftc-dartyidf.fr\/index.php\/contrats-de-travail\/","url_meta":{"origin":5,"position":3},"title":"Les contrats de travail","author":"webcsfv","date":"09\/02\/2017","format":false,"excerpt":"\u00a0 Le CDI (Contrat \u00e0 Dur\u00e9e Ind\u00e9termin\u00e9e) La p\u00e9riode d\u2019essai est de: 2 mois pour les EOT (Employ\u00e9 Ouvrier Technicien) 3 mois pour les Agents de Ma\u00eetrise 4 mois pour les cadres Elle peut \u00eatre renouvel\u00e9e une fois. Pendant la p\u00e9riode d\u2019essai les parties peuvent se s\u00e9parer sans pr\u00e9avis, ni\u2026","rel":"","context":"Article similaire","block_context":{"text":"Article similaire","link":""},"img":{"alt_text":"","src":"","width":0,"height":0},"classes":[]},{"id":983,"url":"https:\/\/cftc-dartyidf.fr\/index.php\/la-maladie\/","url_meta":{"origin":5,"position":4},"title":"Maladie","author":"webcsfv","date":"08\/02\/2017","format":false,"excerpt":"Le salari\u00e9 absent pour maladie, doit pr\u00e9venir son employeur et motiver son absence. Au-del\u00e0 de 3 jours, cette absence doit en outre \u00eatre justifi\u00e9e par un certificat m\u00e9dical. Si le salari\u00e9 est absent pour maladie pendant au moins 21 jours, il doit pr\u00e9senter un certificat m\u00e9dical de reprise. L\u2019entreprise cesse\u2026","rel":"","context":"Article similaire","block_context":{"text":"Article similaire","link":""},"img":{"alt_text":"","src":"","width":0,"height":0},"classes":[]},{"id":956,"url":"https:\/\/cftc-dartyidf.fr\/index.php\/les-conges\/","url_meta":{"origin":5,"position":5},"title":"La m\u00e9daille du travail","author":"webcsfv","date":"06\/02\/2017","format":false,"excerpt":"LA REGLE LEGALE : Anciennet\u00e9 M\u00e9daille 20 ans r\u00e9volus Argent 30 ans r\u00e9volus Vermeil 35 ans r\u00e9volus Or 40 ans r\u00e9volus Grande Or LA REGLE DARTY : (plus avantageuse que la r\u00e8gle l\u00e9gale) 20 ans, 30 ans et 40 ans d\u2019anciennet\u00e9 ou moins dans le groupe DARTY : Prise en\u2026","rel":"","context":"Article similaire","block_context":{"text":"Article similaire","link":""},"img":{"alt_text":"","src":"","width":0,"height":0},"classes":[]}],"ticketed":false,"_links":{"self":[{"href":"https:\/\/cftc-dartyidf.fr\/index.php\/wp-json\/wp\/v2\/pages\/5","targetHints":{"allow":["GET"]}}],"collection":[{"href":"https:\/\/cftc-dartyidf.fr\/index.php\/wp-json\/wp\/v2\/pages"}],"about":[{"href":"https:\/\/cftc-dartyidf.fr\/index.php\/wp-json\/wp\/v2\/types\/page"}],"author":[{"embeddable":true,"href":"https:\/\/cftc-dartyidf.fr\/index.php\/wp-json\/wp\/v2\/users\/1"}],"replies":[{"embeddable":true,"href":"https:\/\/cftc-dartyidf.fr\/index.php\/wp-json\/wp\/v2\/comments?post=5"}],"version-history":[{"count":10,"href":"https:\/\/cftc-dartyidf.fr\/index.php\/wp-json\/wp\/v2\/pages\/5\/revisions"}],"predecessor-version":[{"id":7795,"href":"https:\/\/cftc-dartyidf.fr\/index.php\/wp-json\/wp\/v2\/pages\/5\/revisions\/7795"}],"wp:attachment":[{"href":"https:\/\/cftc-dartyidf.fr\/index.php\/wp-json\/wp\/v2\/media?parent=5"}],"curies":[{"name":"wp","href":"https:\/\/api.w.org\/{rel}","templated":true}]}}