{"id":180,"date":"2016-12-02T10:59:14","date_gmt":"2016-12-02T09:59:14","guid":{"rendered":"http:\/\/cftc-darty-idf.fr\/?page_id=180"},"modified":"2021-05-17T15:30:39","modified_gmt":"2021-05-17T13:30:39","slug":"outils-de-communication","status":"publish","type":"page","link":"https:\/\/cftc-dartyidf.fr\/index.php\/outils-de-communication\/","title":{"rendered":"Outils de communication"},"content":{"rendered":"","protected":false},"excerpt":{"rendered":"","protected":false},"author":1,"featured_media":0,"parent":0,"menu_order":0,"comment_status":"closed","ping_status":"closed","template":"","meta":{"generate_page_header":"","_price":"","_stock":"","_tribe_ticket_header":"","_tribe_default_ticket_provider":"","_tribe_ticket_capacity":"0","_ticket_start_date":"","_ticket_end_date":"","_tribe_ticket_show_description":"","_tribe_ticket_show_not_going":false,"_tribe_ticket_use_global_stock":"","_tribe_ticket_global_stock_level":"","_global_stock_mode":"","_global_stock_cap":"","_tribe_rsvp_for_event":"","_tribe_ticket_going_count":"","_tribe_ticket_not_going_count":"","_tribe_tickets_list":"[]","_tribe_ticket_has_attendee_info_fields":false,"jetpack_post_was_ever_published":false,"footnotes":"","_tec_slr_enabled":"","_tec_slr_layout":""},"class_list":["post-180","page","type-page","status-publish"],"yoast_head":"<!-- This site is optimized with the Yoast SEO plugin v27.5 - https:\/\/yoast.com\/product\/yoast-seo-wordpress\/ -->\n<title>Outils de communication - CFTC-Darty IDF<\/title>\n<meta name=\"robots\" content=\"index, follow, max-snippet:-1, max-image-preview:large, max-video-preview:-1\" \/>\n<link rel=\"canonical\" href=\"https:\/\/cftc-dartyidf.fr\/index.php\/outils-de-communication\/\" \/>\n<meta property=\"og:locale\" content=\"fr_FR\" \/>\n<meta property=\"og:type\" content=\"article\" \/>\n<meta property=\"og:title\" content=\"Outils de communication - CFTC-Darty IDF\" \/>\n<meta property=\"og:url\" content=\"https:\/\/cftc-dartyidf.fr\/index.php\/outils-de-communication\/\" \/>\n<meta property=\"og:site_name\" content=\"CFTC-Darty IDF\" \/>\n<meta property=\"article:modified_time\" content=\"2021-05-17T13:30:39+00:00\" \/>\n<meta name=\"twitter:card\" content=\"summary_large_image\" \/>\n<script type=\"application\/ld+json\" class=\"yoast-schema-graph\">{\"@context\":\"https:\\\/\\\/schema.org\",\"@graph\":[{\"@type\":\"WebPage\",\"@id\":\"https:\\\/\\\/cftc-dartyidf.fr\\\/index.php\\\/outils-de-communication\\\/\",\"url\":\"https:\\\/\\\/cftc-dartyidf.fr\\\/index.php\\\/outils-de-communication\\\/\",\"name\":\"Outils de communication - CFTC-Darty IDF\",\"isPartOf\":{\"@id\":\"https:\\\/\\\/cftc-dartyidf.fr\\\/#website\"},\"datePublished\":\"2016-12-02T09:59:14+00:00\",\"dateModified\":\"2021-05-17T13:30:39+00:00\",\"breadcrumb\":{\"@id\":\"https:\\\/\\\/cftc-dartyidf.fr\\\/index.php\\\/outils-de-communication\\\/#breadcrumb\"},\"inLanguage\":\"fr-FR\",\"potentialAction\":[{\"@type\":\"ReadAction\",\"target\":[\"https:\\\/\\\/cftc-dartyidf.fr\\\/index.php\\\/outils-de-communication\\\/\"]}]},{\"@type\":\"BreadcrumbList\",\"@id\":\"https:\\\/\\\/cftc-dartyidf.fr\\\/index.php\\\/outils-de-communication\\\/#breadcrumb\",\"itemListElement\":[{\"@type\":\"ListItem\",\"position\":1,\"name\":\"Accueil\",\"item\":\"https:\\\/\\\/cftc-dartyidf.fr\\\/\"},{\"@type\":\"ListItem\",\"position\":2,\"name\":\"Outils de communication\"}]},{\"@type\":\"WebSite\",\"@id\":\"https:\\\/\\\/cftc-dartyidf.fr\\\/#website\",\"url\":\"https:\\\/\\\/cftc-dartyidf.fr\\\/\",\"name\":\"CFTC-Darty IDF\",\"description\":\"Le site de la section syndicale CFTC chez Darty IDF\",\"potentialAction\":[{\"@type\":\"SearchAction\",\"target\":{\"@type\":\"EntryPoint\",\"urlTemplate\":\"https:\\\/\\\/cftc-dartyidf.fr\\\/?s={search_term_string}\"},\"query-input\":{\"@type\":\"PropertyValueSpecification\",\"valueRequired\":true,\"valueName\":\"search_term_string\"}}],\"inLanguage\":\"fr-FR\"}]}<\/script>\n<!-- \/ Yoast SEO plugin. -->","yoast_head_json":{"title":"Outils de communication - CFTC-Darty IDF","robots":{"index":"index","follow":"follow","max-snippet":"max-snippet:-1","max-image-preview":"max-image-preview:large","max-video-preview":"max-video-preview:-1"},"canonical":"https:\/\/cftc-dartyidf.fr\/index.php\/outils-de-communication\/","og_locale":"fr_FR","og_type":"article","og_title":"Outils de communication - CFTC-Darty IDF","og_url":"https:\/\/cftc-dartyidf.fr\/index.php\/outils-de-communication\/","og_site_name":"CFTC-Darty IDF","article_modified_time":"2021-05-17T13:30:39+00:00","twitter_card":"summary_large_image","schema":{"@context":"https:\/\/schema.org","@graph":[{"@type":"WebPage","@id":"https:\/\/cftc-dartyidf.fr\/index.php\/outils-de-communication\/","url":"https:\/\/cftc-dartyidf.fr\/index.php\/outils-de-communication\/","name":"Outils de communication - CFTC-Darty IDF","isPartOf":{"@id":"https:\/\/cftc-dartyidf.fr\/#website"},"datePublished":"2016-12-02T09:59:14+00:00","dateModified":"2021-05-17T13:30:39+00:00","breadcrumb":{"@id":"https:\/\/cftc-dartyidf.fr\/index.php\/outils-de-communication\/#breadcrumb"},"inLanguage":"fr-FR","potentialAction":[{"@type":"ReadAction","target":["https:\/\/cftc-dartyidf.fr\/index.php\/outils-de-communication\/"]}]},{"@type":"BreadcrumbList","@id":"https:\/\/cftc-dartyidf.fr\/index.php\/outils-de-communication\/#breadcrumb","itemListElement":[{"@type":"ListItem","position":1,"name":"Accueil","item":"https:\/\/cftc-dartyidf.fr\/"},{"@type":"ListItem","position":2,"name":"Outils de communication"}]},{"@type":"WebSite","@id":"https:\/\/cftc-dartyidf.fr\/#website","url":"https:\/\/cftc-dartyidf.fr\/","name":"CFTC-Darty IDF","description":"Le site de la section syndicale CFTC chez Darty IDF","potentialAction":[{"@type":"SearchAction","target":{"@type":"EntryPoint","urlTemplate":"https:\/\/cftc-dartyidf.fr\/?s={search_term_string}"},"query-input":{"@type":"PropertyValueSpecification","valueRequired":true,"valueName":"search_term_string"}}],"inLanguage":"fr-FR"}]}},"jetpack_sharing_enabled":true,"jetpack_shortlink":"https:\/\/wp.me\/P8n98f-2U","jetpack-related-posts":[{"id":1728,"url":"https:\/\/cftc-dartyidf.fr\/index.php\/mentions-legales\/","url_meta":{"origin":180,"position":0},"title":"Mentions l\u00e9gales","author":"webcsfv","date":"28\/11\/2018","format":false,"excerpt":"\u00c9diteur du site, conception et r\u00e9alisation CFTC-CSFV 34 quai de la Loire \u2013 75019 \u2013 Paris Tel : 01.46.07.91.39 Mail : contact@csfv.fr Responsable de la r\u00e9daction : Service communication \u00a0 H\u00e9bergement L\u2019h\u00e9bergement du site est r\u00e9alis\u00e9 par la F\u00e9d\u00e9ration CFTC-CSFV dans ses locaux. \u00a0 Propri\u00e9t\u00e9 L\u2019ensemble de ce site est\u2026","rel":"","context":"Article similaire","block_context":{"text":"Article similaire","link":""},"img":{"alt_text":"","src":"","width":0,"height":0},"classes":[]},{"id":1010,"url":"https:\/\/cftc-dartyidf.fr\/index.php\/contrats-de-travail\/","url_meta":{"origin":180,"position":1},"title":"Les contrats de travail","author":"webcsfv","date":"09\/02\/2017","format":false,"excerpt":"\u00a0 Le CDI (Contrat \u00e0 Dur\u00e9e Ind\u00e9termin\u00e9e) La p\u00e9riode d\u2019essai est de: 2 mois pour les EOT (Employ\u00e9 Ouvrier Technicien) 3 mois pour les Agents de Ma\u00eetrise 4 mois pour les cadres Elle peut \u00eatre renouvel\u00e9e une fois. Pendant la p\u00e9riode d\u2019essai les parties peuvent se s\u00e9parer sans pr\u00e9avis, ni\u2026","rel":"","context":"Article similaire","block_context":{"text":"Article similaire","link":""},"img":{"alt_text":"","src":"","width":0,"height":0},"classes":[]},{"id":1018,"url":"https:\/\/cftc-dartyidf.fr\/index.php\/les-avantages-du-ce\/","url_meta":{"origin":180,"position":2},"title":"Les avantages du CSE","author":"webcsfv","date":"09\/02\/2017","format":false,"excerpt":"Droits ouverts apr\u00e8s 3 mois d\u2019anciennet\u00e9 \u00c9V\u00c8NEMENTS AVANTAGES JUSTIFICATIFS CONDITIONS Mariage Bon d\u2019achat DART Y de 92\u20ac Extrait d\u2019acte de mariage N\u00e9ant Naissance Bon d\u2019achat Tir Group\u00e9 de 78\u20ac Extrait de naissance N\u00e9ant Retraite Bon d\u2019achat de 120\u20ac ou un avoir sur une activit\u00e9 Certificat de fin de carri\u00e8re N\u00e9ant\u2026","rel":"","context":"Article similaire","block_context":{"text":"Article similaire","link":""},"img":{"alt_text":"","src":"","width":0,"height":0},"classes":[]},{"id":1006,"url":"https:\/\/cftc-dartyidf.fr\/index.php\/la-formation\/","url_meta":{"origin":180,"position":3},"title":"La formation","author":"webcsfv","date":"09\/02\/2017","format":false,"excerpt":"Le plan global de formation Le plan global de formation de l\u2019entreprise contient des stages propos\u00e9s par la direction et discut\u00e9s ou compl\u00e9t\u00e9s dans les commissions formation du Comit\u00e9 d\u2019Entreprise. Ce plan est soumis au vote de vos \u00e9lus \u00e0 ce Comit\u00e9 d\u2019Entreprise. La demande individuelle de formation Le salari\u00e9\u2026","rel":"","context":"Article similaire","block_context":{"text":"Article similaire","link":""},"img":{"alt_text":"","src":"","width":0,"height":0},"classes":[]},{"id":983,"url":"https:\/\/cftc-dartyidf.fr\/index.php\/la-maladie\/","url_meta":{"origin":180,"position":4},"title":"Maladie","author":"webcsfv","date":"08\/02\/2017","format":false,"excerpt":"Le salari\u00e9 absent pour maladie, doit pr\u00e9venir son employeur et motiver son absence. Au-del\u00e0 de 3 jours, cette absence doit en outre \u00eatre justifi\u00e9e par un certificat m\u00e9dical. Si le salari\u00e9 est absent pour maladie pendant au moins 21 jours, il doit pr\u00e9senter un certificat m\u00e9dical de reprise. L\u2019entreprise cesse\u2026","rel":"","context":"Article similaire","block_context":{"text":"Article similaire","link":""},"img":{"alt_text":"","src":"","width":0,"height":0},"classes":[]},{"id":965,"url":"https:\/\/cftc-dartyidf.fr\/index.php\/les-conges-payes\/","url_meta":{"origin":180,"position":5},"title":"Les cong\u00e9s pay\u00e9s","author":"webcsfv","date":"06\/02\/2017","format":false,"excerpt":"P\u00e9riode de r\u00e9f\u00e9rence : pour le calcul du droit et de la r\u00e9mun\u00e9ration: du 1er Juin de l\u2019ann\u00e9e pr\u00e9c\u00e9dente au 31 Mai de l\u2019ann\u00e9e en cours. Chez DARTY les jours de cong\u00e9s sont calcul\u00e9s en jours ouvr\u00e9s: 5 semaines de CP = 25 jours ouvr\u00e9s c\u2019est \u00e0 dire 20 jours\u2026","rel":"","context":"Article similaire","block_context":{"text":"Article similaire","link":""},"img":{"alt_text":"","src":"","width":0,"height":0},"classes":[]}],"ticketed":false,"_links":{"self":[{"href":"https:\/\/cftc-dartyidf.fr\/index.php\/wp-json\/wp\/v2\/pages\/180","targetHints":{"allow":["GET"]}}],"collection":[{"href":"https:\/\/cftc-dartyidf.fr\/index.php\/wp-json\/wp\/v2\/pages"}],"about":[{"href":"https:\/\/cftc-dartyidf.fr\/index.php\/wp-json\/wp\/v2\/types\/page"}],"author":[{"embeddable":true,"href":"https:\/\/cftc-dartyidf.fr\/index.php\/wp-json\/wp\/v2\/users\/1"}],"replies":[{"embeddable":true,"href":"https:\/\/cftc-dartyidf.fr\/index.php\/wp-json\/wp\/v2\/comments?post=180"}],"version-history":[{"count":8,"href":"https:\/\/cftc-dartyidf.fr\/index.php\/wp-json\/wp\/v2\/pages\/180\/revisions"}],"predecessor-version":[{"id":7011,"href":"https:\/\/cftc-dartyidf.fr\/index.php\/wp-json\/wp\/v2\/pages\/180\/revisions\/7011"}],"wp:attachment":[{"href":"https:\/\/cftc-dartyidf.fr\/index.php\/wp-json\/wp\/v2\/media?parent=180"}],"curies":[{"name":"wp","href":"https:\/\/api.w.org\/{rel}","templated":true}]}}