{"id":1728,"date":"2018-11-28T10:43:54","date_gmt":"2018-11-28T09:43:54","guid":{"rendered":"https:\/\/cftc-dartyidf.fr\/?page_id=1728"},"modified":"2018-11-28T10:43:54","modified_gmt":"2018-11-28T09:43:54","slug":"mentions-legales","status":"publish","type":"page","link":"https:\/\/cftc-dartyidf.fr\/index.php\/mentions-legales\/","title":{"rendered":"Mentions l\u00e9gales"},"content":{"rendered":"<h2>\u00c9diteur du site, conception et r\u00e9alisation<\/h2>\n<p>CFTC-CSFV<br \/>\n34 quai de la Loire \u2013 75019 \u2013 Paris<br \/>\nTel : 01.46.07.91.39<br \/>\nMail : contact@csfv.fr<br \/>\nResponsable de la r\u00e9daction : Service communication<\/p>\n<p>&nbsp;<\/p>\n<h2>H\u00e9bergement<\/h2>\n<p>L\u2019h\u00e9bergement du site est r\u00e9alis\u00e9 par la F\u00e9d\u00e9ration CFTC-CSFV dans ses locaux.<\/p>\n<p>&nbsp;<\/p>\n<h2>Propri\u00e9t\u00e9<\/h2>\n<p>L\u2019ensemble de ce site est r\u00e9gi par la l\u00e9gislation fran\u00e7aise sur le droit d\u2019auteur et la propri\u00e9t\u00e9 intellectuelle. Le contenu du site, incluant, de fa\u00e7on non limitative, les images, graphismes, textes, vid\u00e9os, logos, et ic\u00f4nes sont la propri\u00e9t\u00e9 exclusive de la f\u00e9d\u00e9ration syndicale CFTC-CSFV \u00e0 l\u2019exception des marques, logos ou contenus appartenant \u00e0 d\u2019autres soci\u00e9t\u00e9s partenaires ou auteurs.<\/p>\n<p>La reproduction, la repr\u00e9sentation, le transfert, la distribution, ou l\u2019enregistrement de tout ou partie de ces \u00e9l\u00e9ments est formellement interdite sans l\u2019autorisation expresse de la f\u00e9d\u00e9ration syndicale CFTC-CSFV.<\/p>\n<p>&nbsp;<\/p>\n<h2>Cookies<\/h2>\n<p>Afin d\u2019am\u00e9liorer et de personnaliser la navigation, des cookies peuvent \u00eatre d\u00e9pos\u00e9s sur votre ordinateur. Vous pouvez choisir de refuser ces cookies en param\u00e9trant votre navigateur. Pour en savoir plus sur le fonctionnement des cookies, nous vous invitons \u00e0 lire cette page sur le site de la CNIL : https:\/\/www.cnil.fr\/fr\/site-web-cookies-et-autres-traceurs<\/p>\n<p>&nbsp;<\/p>\n<h2>Responsabilit\u00e9<\/h2>\n<p>Le site de la CFTC-Darty-IDF comporte des informations mises \u00e0 disposition par des personnes physiques et\/ou morales externes ou encore des liens hypertextes vers d\u2019autres sites Internet ou blogs qui n\u2019ont pas \u00e9t\u00e9 d\u00e9velopp\u00e9s par la f\u00e9d\u00e9ration syndicale CFTC-CSFV. Le contenu mis \u00e0 disposition sur le site de la CFTC-Darty-IDF est fourni \u00e0 titre informatif. L\u2019existence d\u2019un lien de ce site vers un autre site Internet ne constitue pas une validation de ce site Internet ou de son contenu. Il appartient \u00e0 l\u2019internaute d\u2019utiliser ces informations avec discernement et esprit critique. La responsabilit\u00e9 de la CFTC-Darty-IDF ne saurait \u00eatre engag\u00e9e du fait des informations, des opinions et des recommandations formul\u00e9es par des tiers.<\/p>\n<p>L\u2019utilisation du site se fait \u00e0 vos propres risques. Bien que la CFTC-Darty-IDF s\u2019efforce d\u2019assurer au mieux l\u2019exactitude des informations diffus\u00e9es, la CFTC-Darty-IDF ne peut garantir l\u2019exactitude, la v\u00e9racit\u00e9 ou la compl\u00e9tude des informations post\u00e9es sur le site et\/ou \u00e0 propos des commentaires que ces informations peuvent susciter.<\/p>\n<p>Par cons\u00e9quent, la CFTC-Darty-IDF exclut toute responsabilit\u00e9 pour n\u2019importe quel pr\u00e9judice caus\u00e9 directement et\/ou indirectement, de quelque fa\u00e7on que ce soit, du fait de l\u2019utilisation du site. Notamment, la CFTC-Darty-IDF ne sera en aucun cas responsable d\u2019un quelconque pr\u00e9judice, caus\u00e9 par :<\/p>\n<ul>\n<li>Des faits et actions des tiers ;<\/li>\n<li>l\u2019impossibilit\u00e9 d\u2019utiliser le site ;<\/li>\n<li>l\u2019utilisation irr\u00e9guli\u00e8re du site et\/ou des syst\u00e8mes informatiques de la CFTC-Darty-IDF par un tiers.<\/li>\n<\/ul>\n","protected":false},"excerpt":{"rendered":"<p>\u00c9diteur du site, conception et r\u00e9alisation CFTC-CSFV 34 quai de la Loire \u2013 75019 \u2013 Paris Tel : 01.46.07.91.39 Mail : contact@csfv.fr Responsable de la r\u00e9daction : Service communication &nbsp; &#8230; <a title=\"Mentions l\u00e9gales\" class=\"read-more\" href=\"https:\/\/cftc-dartyidf.fr\/index.php\/mentions-legales\/\" aria-label=\"En savoir plus sur Mentions l\u00e9gales\">Lire plus<\/a><\/p>\n","protected":false},"author":1,"featured_media":0,"parent":0,"menu_order":0,"comment_status":"closed","ping_status":"closed","template":"","meta":{"generate_page_header":"","_price":"","_stock":"","_tribe_ticket_header":"","_tribe_default_ticket_provider":"","_tribe_ticket_capacity":"0","_ticket_start_date":"","_ticket_end_date":"","_tribe_ticket_show_description":"","_tribe_ticket_show_not_going":false,"_tribe_ticket_use_global_stock":"","_tribe_ticket_global_stock_level":"","_global_stock_mode":"","_global_stock_cap":"","_tribe_rsvp_for_event":"","_tribe_ticket_going_count":"","_tribe_ticket_not_going_count":"","_tribe_tickets_list":"[]","_tribe_ticket_has_attendee_info_fields":false,"footnotes":"","_tec_slr_enabled":"","_tec_slr_layout":""},"class_list":["post-1728","page","type-page","status-publish"],"yoast_head":"<!-- This site is optimized with the Yoast SEO plugin v27.5 - https:\/\/yoast.com\/product\/yoast-seo-wordpress\/ -->\n<title>Mentions l\u00e9gales - CFTC-Darty IDF<\/title>\n<meta name=\"robots\" content=\"index, follow, max-snippet:-1, max-image-preview:large, max-video-preview:-1\" \/>\n<link rel=\"canonical\" href=\"https:\/\/cftc-dartyidf.fr\/index.php\/mentions-legales\/\" \/>\n<meta property=\"og:locale\" content=\"fr_FR\" \/>\n<meta property=\"og:type\" content=\"article\" \/>\n<meta property=\"og:title\" content=\"Mentions l\u00e9gales - CFTC-Darty IDF\" \/>\n<meta property=\"og:description\" content=\"\u00c9diteur du site, conception et r\u00e9alisation CFTC-CSFV 34 quai de la Loire \u2013 75019 \u2013 Paris Tel : 01.46.07.91.39 Mail : contact@csfv.fr Responsable de la r\u00e9daction : Service communication &nbsp; ... Lire plus\" \/>\n<meta property=\"og:url\" content=\"https:\/\/cftc-dartyidf.fr\/index.php\/mentions-legales\/\" \/>\n<meta property=\"og:site_name\" content=\"CFTC-Darty IDF\" \/>\n<meta name=\"twitter:card\" content=\"summary_large_image\" \/>\n<meta name=\"twitter:label1\" content=\"Dur\u00e9e de lecture estim\u00e9e\" \/>\n\t<meta name=\"twitter:data1\" content=\"2 minutes\" \/>\n<script type=\"application\/ld+json\" class=\"yoast-schema-graph\">{\"@context\":\"https:\\\/\\\/schema.org\",\"@graph\":[{\"@type\":\"WebPage\",\"@id\":\"https:\\\/\\\/cftc-dartyidf.fr\\\/index.php\\\/mentions-legales\\\/\",\"url\":\"https:\\\/\\\/cftc-dartyidf.fr\\\/index.php\\\/mentions-legales\\\/\",\"name\":\"Mentions l\u00e9gales - CFTC-Darty IDF\",\"isPartOf\":{\"@id\":\"https:\\\/\\\/cftc-dartyidf.fr\\\/#website\"},\"datePublished\":\"2018-11-28T09:43:54+00:00\",\"breadcrumb\":{\"@id\":\"https:\\\/\\\/cftc-dartyidf.fr\\\/index.php\\\/mentions-legales\\\/#breadcrumb\"},\"inLanguage\":\"fr-FR\",\"potentialAction\":[{\"@type\":\"ReadAction\",\"target\":[\"https:\\\/\\\/cftc-dartyidf.fr\\\/index.php\\\/mentions-legales\\\/\"]}]},{\"@type\":\"BreadcrumbList\",\"@id\":\"https:\\\/\\\/cftc-dartyidf.fr\\\/index.php\\\/mentions-legales\\\/#breadcrumb\",\"itemListElement\":[{\"@type\":\"ListItem\",\"position\":1,\"name\":\"Accueil\",\"item\":\"https:\\\/\\\/cftc-dartyidf.fr\\\/\"},{\"@type\":\"ListItem\",\"position\":2,\"name\":\"Mentions l\u00e9gales\"}]},{\"@type\":\"WebSite\",\"@id\":\"https:\\\/\\\/cftc-dartyidf.fr\\\/#website\",\"url\":\"https:\\\/\\\/cftc-dartyidf.fr\\\/\",\"name\":\"CFTC-Darty IDF\",\"description\":\"Le site de la section syndicale CFTC chez Darty IDF\",\"potentialAction\":[{\"@type\":\"SearchAction\",\"target\":{\"@type\":\"EntryPoint\",\"urlTemplate\":\"https:\\\/\\\/cftc-dartyidf.fr\\\/?s={search_term_string}\"},\"query-input\":{\"@type\":\"PropertyValueSpecification\",\"valueRequired\":true,\"valueName\":\"search_term_string\"}}],\"inLanguage\":\"fr-FR\"}]}<\/script>\n<!-- \/ Yoast SEO plugin. -->","yoast_head_json":{"title":"Mentions l\u00e9gales - CFTC-Darty IDF","robots":{"index":"index","follow":"follow","max-snippet":"max-snippet:-1","max-image-preview":"max-image-preview:large","max-video-preview":"max-video-preview:-1"},"canonical":"https:\/\/cftc-dartyidf.fr\/index.php\/mentions-legales\/","og_locale":"fr_FR","og_type":"article","og_title":"Mentions l\u00e9gales - CFTC-Darty IDF","og_description":"\u00c9diteur du site, conception et r\u00e9alisation CFTC-CSFV 34 quai de la Loire \u2013 75019 \u2013 Paris Tel : 01.46.07.91.39 Mail : contact@csfv.fr Responsable de la r\u00e9daction : Service communication &nbsp; ... Lire plus","og_url":"https:\/\/cftc-dartyidf.fr\/index.php\/mentions-legales\/","og_site_name":"CFTC-Darty IDF","twitter_card":"summary_large_image","twitter_misc":{"Dur\u00e9e de lecture estim\u00e9e":"2 minutes"},"schema":{"@context":"https:\/\/schema.org","@graph":[{"@type":"WebPage","@id":"https:\/\/cftc-dartyidf.fr\/index.php\/mentions-legales\/","url":"https:\/\/cftc-dartyidf.fr\/index.php\/mentions-legales\/","name":"Mentions l\u00e9gales - CFTC-Darty IDF","isPartOf":{"@id":"https:\/\/cftc-dartyidf.fr\/#website"},"datePublished":"2018-11-28T09:43:54+00:00","breadcrumb":{"@id":"https:\/\/cftc-dartyidf.fr\/index.php\/mentions-legales\/#breadcrumb"},"inLanguage":"fr-FR","potentialAction":[{"@type":"ReadAction","target":["https:\/\/cftc-dartyidf.fr\/index.php\/mentions-legales\/"]}]},{"@type":"BreadcrumbList","@id":"https:\/\/cftc-dartyidf.fr\/index.php\/mentions-legales\/#breadcrumb","itemListElement":[{"@type":"ListItem","position":1,"name":"Accueil","item":"https:\/\/cftc-dartyidf.fr\/"},{"@type":"ListItem","position":2,"name":"Mentions l\u00e9gales"}]},{"@type":"WebSite","@id":"https:\/\/cftc-dartyidf.fr\/#website","url":"https:\/\/cftc-dartyidf.fr\/","name":"CFTC-Darty IDF","description":"Le site de la section syndicale CFTC chez Darty IDF","potentialAction":[{"@type":"SearchAction","target":{"@type":"EntryPoint","urlTemplate":"https:\/\/cftc-dartyidf.fr\/?s={search_term_string}"},"query-input":{"@type":"PropertyValueSpecification","valueRequired":true,"valueName":"search_term_string"}}],"inLanguage":"fr-FR"}]}},"jetpack_sharing_enabled":true,"jetpack_shortlink":"https:\/\/wp.me\/P8n98f-rS","jetpack-related-posts":[{"id":1014,"url":"https:\/\/cftc-dartyidf.fr\/index.php\/le-ce-comite-dentreprise\/","url_meta":{"origin":1728,"position":0},"title":"Le CSE (Comit\u00e9 Social et \u00c9conomique)","author":"webcsfv","date":"09\/02\/2017","format":false,"excerpt":"Le Pr\u00e9sident du Comit\u00e9 d\u2019Entreprise est le Directeur G\u00e9n\u00e9ral de DARTY Paris-Ile-de-France. Il pr\u00e9side les r\u00e9unions mensuelles. La gestion des activit\u00e9s sociales et culturelles est du ressort des \u00e9lus. La composition du bureau du comit\u00e9 www.cse-dartyidf.com Les membres du bureau sont d\u00e9sign\u00e9s parmi les \u00e9lus au CE apr\u00e8s chaque \u00e9lection.\u2026","rel":"","context":"Article similaire","block_context":{"text":"Article similaire","link":""},"img":{"alt_text":"","src":"","width":0,"height":0},"classes":[]},{"id":1012,"url":"https:\/\/cftc-dartyidf.fr\/index.php\/les-contrats-dalternance\/","url_meta":{"origin":1728,"position":1},"title":"Les contrats d&#8217;alternance","author":"webcsfv","date":"09\/02\/2017","format":false,"excerpt":"Ces contrats sont les contrats de professionnalisation ou d\u2019apprentissage. Ils associent les \u00e9coles pour la th\u00e9orie et les entreprises pour la pratique. Ils s\u2019adressent aux jeunes de 18 \u00e0 26 ans. \u00a0 APPRENTISSAGE PROFESSIONNALISATION BENEFICIAIRE Jeune de (16) 18 \u00e0 25 ans Jeune de (16) 18 \u00e0 25 ans et\u2026","rel":"","context":"Article similaire","block_context":{"text":"Article similaire","link":""},"img":{"alt_text":"","src":"","width":0,"height":0},"classes":[]},{"id":1004,"url":"https:\/\/cftc-dartyidf.fr\/index.php\/participation-aux-benefices\/","url_meta":{"origin":1728,"position":2},"title":"La participation aux b\u00e9n\u00e9fices","author":"webcsfv","date":"09\/02\/2017","format":false,"excerpt":"C\u2019est un syst\u00e8me l\u00e9gal de redistribution aux salari\u00e9s, d\u2019une partie du b\u00e9n\u00e9fice net de l\u2019entreprise. Chez DARTY, le versement s\u2019effectue vers le mois de Juillet. Son montant est calcul\u00e9 \u00e0 partir d\u2019u pourcentage du salaire annuel brut de l\u2019ann\u00e9e de r\u00e9f\u00e9rence (du 1er Mai de l\u2019ann\u00e9e pass\u00e9e au 30 Avril\u2026","rel":"","context":"Article similaire","block_context":{"text":"Article similaire","link":""},"img":{"alt_text":"","src":"","width":0,"height":0},"classes":[]},{"id":997,"url":"https:\/\/cftc-dartyidf.fr\/index.php\/la-prime-danciennete\/","url_meta":{"origin":1728,"position":3},"title":"La prime d&#8217;anciennet\u00e9","author":"webcsfv","date":"09\/02\/2017","format":false,"excerpt":"Calcul de la prime d'anciennet\u00e9 : 1\/ Retrouver niveau et \u00e9chelon sur votre fiche de paie 2\/ Trouver le salaire minimum correspondant dans le tableau 1 3\/ Trouver le pourcentage du salaire en fonction de l\u2019anciennet\u00e9 dans le tableau 2 4\/ Prime d\u2019anciennet\u00e9 = Salaire minimum de la convention multipli\u00e9\u2026","rel":"","context":"Article similaire","block_context":{"text":"Article similaire","link":""},"img":{"alt_text":"","src":"","width":0,"height":0},"classes":[]},{"id":1006,"url":"https:\/\/cftc-dartyidf.fr\/index.php\/la-formation\/","url_meta":{"origin":1728,"position":4},"title":"La formation","author":"webcsfv","date":"09\/02\/2017","format":false,"excerpt":"Le plan global de formation Le plan global de formation de l\u2019entreprise contient des stages propos\u00e9s par la direction et discut\u00e9s ou compl\u00e9t\u00e9s dans les commissions formation du Comit\u00e9 d\u2019Entreprise. Ce plan est soumis au vote de vos \u00e9lus \u00e0 ce Comit\u00e9 d\u2019Entreprise. La demande individuelle de formation Le salari\u00e9\u2026","rel":"","context":"Article similaire","block_context":{"text":"Article similaire","link":""},"img":{"alt_text":"","src":"","width":0,"height":0},"classes":[]},{"id":995,"url":"https:\/\/cftc-dartyidf.fr\/index.php\/prime-de-fin-dannee-pfa\/","url_meta":{"origin":1728,"position":5},"title":"Prime de fin d&#8217;ann\u00e9e (PFA)","author":"webcsfv","date":"09\/02\/2017","format":false,"excerpt":"La PFA est vers\u00e9e sur la paye de D\u00e9cembre et est calcul\u00e9e comme suit : Salaire brut de base de Novembre (le fixe) + la moyenne des primes variables, li\u00e9es \u00e0 la fonction du salari\u00e9, qui ont \u00e9t\u00e9 pay\u00e9es entre le 1er Novembre de l\u2019ann\u00e9e pr\u00e9c\u00e9dente et le 31 Octobre\u2026","rel":"","context":"Article similaire","block_context":{"text":"Article similaire","link":""},"img":{"alt_text":"","src":"","width":0,"height":0},"classes":[]}],"ticketed":false,"_links":{"self":[{"href":"https:\/\/cftc-dartyidf.fr\/index.php\/wp-json\/wp\/v2\/pages\/1728","targetHints":{"allow":["GET"]}}],"collection":[{"href":"https:\/\/cftc-dartyidf.fr\/index.php\/wp-json\/wp\/v2\/pages"}],"about":[{"href":"https:\/\/cftc-dartyidf.fr\/index.php\/wp-json\/wp\/v2\/types\/page"}],"author":[{"embeddable":true,"href":"https:\/\/cftc-dartyidf.fr\/index.php\/wp-json\/wp\/v2\/users\/1"}],"replies":[{"embeddable":true,"href":"https:\/\/cftc-dartyidf.fr\/index.php\/wp-json\/wp\/v2\/comments?post=1728"}],"version-history":[{"count":1,"href":"https:\/\/cftc-dartyidf.fr\/index.php\/wp-json\/wp\/v2\/pages\/1728\/revisions"}],"predecessor-version":[{"id":1729,"href":"https:\/\/cftc-dartyidf.fr\/index.php\/wp-json\/wp\/v2\/pages\/1728\/revisions\/1729"}],"wp:attachment":[{"href":"https:\/\/cftc-dartyidf.fr\/index.php\/wp-json\/wp\/v2\/media?parent=1728"}],"curies":[{"name":"wp","href":"https:\/\/api.w.org\/{rel}","templated":true}]}}