{"id":1640,"date":"2018-07-10T11:26:19","date_gmt":"2018-07-10T09:26:19","guid":{"rendered":"https:\/\/cftc-dartyidf.fr\/?page_id=1640"},"modified":"2025-04-02T16:40:14","modified_gmt":"2025-04-02T14:40:14","slug":"nao","status":"publish","type":"page","link":"https:\/\/cftc-dartyidf.fr\/index.php\/nao\/","title":{"rendered":"NAO"},"content":{"rendered":"<p><a href=\"https:\/\/cftc-dartyidf.fr\/wp-content\/uploads\/2025\/04\/Accord-NAO-2025-2026-DIF-signe.pdf\">Accord NAO 2025-2026<\/a><\/p>\n<p><a href=\"https:\/\/cftc-dartyidf.fr\/wp-content\/uploads\/2025\/04\/Accord-NAO-2024-2025-DIF.pdf\">Accord NAO 2024-2025 <\/a><\/p>\n<p><a href=\"https:\/\/cftc-dartyidf.fr\/wp-content\/uploads\/2025\/04\/Accord-NAO-2023-2024-DIF.pdf\">Accord NAO 2023-2024<\/a><\/p>\n<p><a href=\"https:\/\/cftc-dartyidf.fr\/wp-content\/uploads\/2025\/04\/Accord-NAO-2022-2023.pdf\">Accord NAO 2022-2023<\/a><\/p>\n<p><a href=\"https:\/\/cftc-dartyidf.fr\/wp-content\/uploads\/2025\/04\/Accord-NAO-2021-2022.pdf\">Accord NAO 2021-2022<\/a><\/p>\n<p><a href=\"https:\/\/cftc-dartyidf.fr\/wp-content\/uploads\/2025\/04\/Accord-NAO-2019-2020.pdf\">Accord NAO 2019 &#8211; 2020<\/a><\/p>\n<p><a href=\"https:\/\/cftc-dartyidf.fr\/wp-content\/uploads\/2025\/04\/Accord-NAO-2017-2018.pdf\">Accord NAO 2017-2018<\/a><\/p>\n<p>&nbsp;<\/p>\n","protected":false},"excerpt":{"rendered":"<p>Accord NAO 2025-2026 Accord NAO 2024-2025 Accord NAO 2023-2024 Accord NAO 2022-2023 Accord NAO 2021-2022 Accord NAO 2019 &#8211; 2020 Accord NAO 2017-2018 &nbsp;<\/p>\n","protected":false},"author":1,"featured_media":0,"parent":0,"menu_order":0,"comment_status":"closed","ping_status":"closed","template":"","meta":{"generate_page_header":"","_price":"","_stock":"","_tribe_ticket_header":"","_tribe_default_ticket_provider":"","_tribe_ticket_capacity":"0","_ticket_start_date":"","_ticket_end_date":"","_tribe_ticket_show_description":"","_tribe_ticket_show_not_going":false,"_tribe_ticket_use_global_stock":"","_tribe_ticket_global_stock_level":"","_global_stock_mode":"","_global_stock_cap":"","_tribe_rsvp_for_event":"","_tribe_ticket_going_count":"","_tribe_ticket_not_going_count":"","_tribe_tickets_list":"[]","_tribe_ticket_has_attendee_info_fields":false,"jetpack_post_was_ever_published":false,"footnotes":"","_tec_slr_enabled":"","_tec_slr_layout":""},"class_list":["post-1640","page","type-page","status-publish"],"yoast_head":"<!-- This site is optimized with the Yoast SEO plugin v27.5 - https:\/\/yoast.com\/product\/yoast-seo-wordpress\/ -->\n<title>NAO - CFTC-Darty IDF<\/title>\n<meta name=\"robots\" content=\"index, follow, max-snippet:-1, max-image-preview:large, max-video-preview:-1\" \/>\n<link rel=\"canonical\" href=\"https:\/\/cftc-dartyidf.fr\/index.php\/nao\/\" \/>\n<meta property=\"og:locale\" content=\"fr_FR\" \/>\n<meta property=\"og:type\" content=\"article\" \/>\n<meta property=\"og:title\" content=\"NAO - CFTC-Darty IDF\" \/>\n<meta property=\"og:description\" content=\"Accord NAO 2025-2026 Accord NAO 2024-2025 Accord NAO 2023-2024 Accord NAO 2022-2023 Accord NAO 2021-2022 Accord NAO 2019 &#8211; 2020 Accord NAO 2017-2018 &nbsp;\" \/>\n<meta property=\"og:url\" content=\"https:\/\/cftc-dartyidf.fr\/index.php\/nao\/\" \/>\n<meta property=\"og:site_name\" content=\"CFTC-Darty IDF\" \/>\n<meta property=\"article:modified_time\" content=\"2025-04-02T14:40:14+00:00\" \/>\n<meta name=\"twitter:card\" content=\"summary_large_image\" \/>\n<meta name=\"twitter:label1\" content=\"Dur\u00e9e de lecture estim\u00e9e\" \/>\n\t<meta name=\"twitter:data1\" content=\"1 minute\" \/>\n<script type=\"application\/ld+json\" class=\"yoast-schema-graph\">{\"@context\":\"https:\\\/\\\/schema.org\",\"@graph\":[{\"@type\":\"WebPage\",\"@id\":\"https:\\\/\\\/cftc-dartyidf.fr\\\/index.php\\\/nao\\\/\",\"url\":\"https:\\\/\\\/cftc-dartyidf.fr\\\/index.php\\\/nao\\\/\",\"name\":\"NAO - CFTC-Darty IDF\",\"isPartOf\":{\"@id\":\"https:\\\/\\\/cftc-dartyidf.fr\\\/#website\"},\"datePublished\":\"2018-07-10T09:26:19+00:00\",\"dateModified\":\"2025-04-02T14:40:14+00:00\",\"breadcrumb\":{\"@id\":\"https:\\\/\\\/cftc-dartyidf.fr\\\/index.php\\\/nao\\\/#breadcrumb\"},\"inLanguage\":\"fr-FR\",\"potentialAction\":[{\"@type\":\"ReadAction\",\"target\":[\"https:\\\/\\\/cftc-dartyidf.fr\\\/index.php\\\/nao\\\/\"]}]},{\"@type\":\"BreadcrumbList\",\"@id\":\"https:\\\/\\\/cftc-dartyidf.fr\\\/index.php\\\/nao\\\/#breadcrumb\",\"itemListElement\":[{\"@type\":\"ListItem\",\"position\":1,\"name\":\"Accueil\",\"item\":\"https:\\\/\\\/cftc-dartyidf.fr\\\/\"},{\"@type\":\"ListItem\",\"position\":2,\"name\":\"NAO\"}]},{\"@type\":\"WebSite\",\"@id\":\"https:\\\/\\\/cftc-dartyidf.fr\\\/#website\",\"url\":\"https:\\\/\\\/cftc-dartyidf.fr\\\/\",\"name\":\"CFTC-Darty IDF\",\"description\":\"Le site de la section syndicale CFTC chez Darty IDF\",\"potentialAction\":[{\"@type\":\"SearchAction\",\"target\":{\"@type\":\"EntryPoint\",\"urlTemplate\":\"https:\\\/\\\/cftc-dartyidf.fr\\\/?s={search_term_string}\"},\"query-input\":{\"@type\":\"PropertyValueSpecification\",\"valueRequired\":true,\"valueName\":\"search_term_string\"}}],\"inLanguage\":\"fr-FR\"}]}<\/script>\n<!-- \/ Yoast SEO plugin. -->","yoast_head_json":{"title":"NAO - CFTC-Darty IDF","robots":{"index":"index","follow":"follow","max-snippet":"max-snippet:-1","max-image-preview":"max-image-preview:large","max-video-preview":"max-video-preview:-1"},"canonical":"https:\/\/cftc-dartyidf.fr\/index.php\/nao\/","og_locale":"fr_FR","og_type":"article","og_title":"NAO - CFTC-Darty IDF","og_description":"Accord NAO 2025-2026 Accord NAO 2024-2025 Accord NAO 2023-2024 Accord NAO 2022-2023 Accord NAO 2021-2022 Accord NAO 2019 &#8211; 2020 Accord NAO 2017-2018 &nbsp;","og_url":"https:\/\/cftc-dartyidf.fr\/index.php\/nao\/","og_site_name":"CFTC-Darty IDF","article_modified_time":"2025-04-02T14:40:14+00:00","twitter_card":"summary_large_image","twitter_misc":{"Dur\u00e9e de lecture estim\u00e9e":"1 minute"},"schema":{"@context":"https:\/\/schema.org","@graph":[{"@type":"WebPage","@id":"https:\/\/cftc-dartyidf.fr\/index.php\/nao\/","url":"https:\/\/cftc-dartyidf.fr\/index.php\/nao\/","name":"NAO - CFTC-Darty IDF","isPartOf":{"@id":"https:\/\/cftc-dartyidf.fr\/#website"},"datePublished":"2018-07-10T09:26:19+00:00","dateModified":"2025-04-02T14:40:14+00:00","breadcrumb":{"@id":"https:\/\/cftc-dartyidf.fr\/index.php\/nao\/#breadcrumb"},"inLanguage":"fr-FR","potentialAction":[{"@type":"ReadAction","target":["https:\/\/cftc-dartyidf.fr\/index.php\/nao\/"]}]},{"@type":"BreadcrumbList","@id":"https:\/\/cftc-dartyidf.fr\/index.php\/nao\/#breadcrumb","itemListElement":[{"@type":"ListItem","position":1,"name":"Accueil","item":"https:\/\/cftc-dartyidf.fr\/"},{"@type":"ListItem","position":2,"name":"NAO"}]},{"@type":"WebSite","@id":"https:\/\/cftc-dartyidf.fr\/#website","url":"https:\/\/cftc-dartyidf.fr\/","name":"CFTC-Darty IDF","description":"Le site de la section syndicale CFTC chez Darty IDF","potentialAction":[{"@type":"SearchAction","target":{"@type":"EntryPoint","urlTemplate":"https:\/\/cftc-dartyidf.fr\/?s={search_term_string}"},"query-input":{"@type":"PropertyValueSpecification","valueRequired":true,"valueName":"search_term_string"}}],"inLanguage":"fr-FR"}]}},"jetpack_sharing_enabled":true,"jetpack_shortlink":"https:\/\/wp.me\/P8n98f-qs","jetpack-related-posts":[{"id":1642,"url":"https:\/\/cftc-dartyidf.fr\/index.php\/accord-magasin\/","url_meta":{"origin":1640,"position":0},"title":"Accords Magasins","author":"webcsfv","date":"10\/07\/2018","format":false,"excerpt":"","rel":"","context":"Article similaire","block_context":{"text":"Article similaire","link":""},"img":{"alt_text":"","src":"","width":0,"height":0},"classes":[]},{"id":1591,"url":"https:\/\/cftc-dartyidf.fr\/index.php\/accord-cadre\/","url_meta":{"origin":1640,"position":1},"title":"Accords Cadres et Agents de ma\u00eetrise","author":"webcsfv","date":"29\/05\/2018","format":false,"excerpt":"","rel":"","context":"Article similaire","block_context":{"text":"Article similaire","link":""},"img":{"alt_text":"","src":"","width":0,"height":0},"classes":[]},{"id":975,"url":"https:\/\/cftc-dartyidf.fr\/index.php\/les-jours-feries\/","url_meta":{"origin":1640,"position":2},"title":"Les jours f\u00e9ri\u00e9s","author":"webcsfv","date":"08\/02\/2017","format":false,"excerpt":"Le 1er Mai est un jour f\u00e9ri\u00e9 ch\u00f4m\u00e9 et pay\u00e9. Chez DARTY, 2 autres jours sont collectivement f\u00e9ri\u00e9s et ferm\u00e9s : le 1er Janvier et le 25 D\u00e9cembre. Le salari\u00e9, quelque soit sa dur\u00e9e de travail apr\u00e8s 3 mois d\u2019anciennet\u00e9, b\u00e9n\u00e9ficie chaque ann\u00e9e de 7 autres jours f\u00e9ri\u00e9s ch\u00f4m\u00e9s et\u2026","rel":"","context":"Article similaire","block_context":{"text":"Article similaire","link":""},"img":{"alt_text":"","src":"","width":0,"height":0},"classes":[]},{"id":965,"url":"https:\/\/cftc-dartyidf.fr\/index.php\/les-conges-payes\/","url_meta":{"origin":1640,"position":3},"title":"Les cong\u00e9s pay\u00e9s","author":"webcsfv","date":"06\/02\/2017","format":false,"excerpt":"P\u00e9riode de r\u00e9f\u00e9rence : pour le calcul du droit et de la r\u00e9mun\u00e9ration: du 1er Juin de l\u2019ann\u00e9e pr\u00e9c\u00e9dente au 31 Mai de l\u2019ann\u00e9e en cours. Chez DARTY les jours de cong\u00e9s sont calcul\u00e9s en jours ouvr\u00e9s: 5 semaines de CP = 25 jours ouvr\u00e9s c\u2019est \u00e0 dire 20 jours\u2026","rel":"","context":"Article similaire","block_context":{"text":"Article similaire","link":""},"img":{"alt_text":"","src":"","width":0,"height":0},"classes":[]},{"id":1012,"url":"https:\/\/cftc-dartyidf.fr\/index.php\/les-contrats-dalternance\/","url_meta":{"origin":1640,"position":4},"title":"Les contrats d&#8217;alternance","author":"webcsfv","date":"09\/02\/2017","format":false,"excerpt":"Ces contrats sont les contrats de professionnalisation ou d\u2019apprentissage. Ils associent les \u00e9coles pour la th\u00e9orie et les entreprises pour la pratique. Ils s\u2019adressent aux jeunes de 18 \u00e0 26 ans. \u00a0 APPRENTISSAGE PROFESSIONNALISATION BENEFICIAIRE Jeune de (16) 18 \u00e0 25 ans Jeune de (16) 18 \u00e0 25 ans et\u2026","rel":"","context":"Article similaire","block_context":{"text":"Article similaire","link":""},"img":{"alt_text":"","src":"","width":0,"height":0},"classes":[]},{"id":977,"url":"https:\/\/cftc-dartyidf.fr\/index.php\/le-conge-maternite\/","url_meta":{"origin":1640,"position":5},"title":"Le cong\u00e9 maternit\u00e9","author":"webcsfv","date":"08\/02\/2017","format":false,"excerpt":"La salari\u00e9e enceinte doit remettre \u00e0 son employeur, avec accus\u00e9 de r\u00e9ception, un certificat m\u00e9dical attestant de son \u00e9tat de grossesse indiquant la date pr\u00e9sum\u00e9e de son accouchement ainsi que , s\u2019il y a lieu, l\u2019existence et la dur\u00e9e de son \u00e9tat pathologique (d\u00e9claration de grossesse avant la fin du\u2026","rel":"","context":"Article similaire","block_context":{"text":"Article similaire","link":""},"img":{"alt_text":"","src":"","width":0,"height":0},"classes":[]}],"ticketed":false,"_links":{"self":[{"href":"https:\/\/cftc-dartyidf.fr\/index.php\/wp-json\/wp\/v2\/pages\/1640","targetHints":{"allow":["GET"]}}],"collection":[{"href":"https:\/\/cftc-dartyidf.fr\/index.php\/wp-json\/wp\/v2\/pages"}],"about":[{"href":"https:\/\/cftc-dartyidf.fr\/index.php\/wp-json\/wp\/v2\/types\/page"}],"author":[{"embeddable":true,"href":"https:\/\/cftc-dartyidf.fr\/index.php\/wp-json\/wp\/v2\/users\/1"}],"replies":[{"embeddable":true,"href":"https:\/\/cftc-dartyidf.fr\/index.php\/wp-json\/wp\/v2\/comments?post=1640"}],"version-history":[{"count":12,"href":"https:\/\/cftc-dartyidf.fr\/index.php\/wp-json\/wp\/v2\/pages\/1640\/revisions"}],"predecessor-version":[{"id":7693,"href":"https:\/\/cftc-dartyidf.fr\/index.php\/wp-json\/wp\/v2\/pages\/1640\/revisions\/7693"}],"wp:attachment":[{"href":"https:\/\/cftc-dartyidf.fr\/index.php\/wp-json\/wp\/v2\/media?parent=1640"}],"curies":[{"name":"wp","href":"https:\/\/api.w.org\/{rel}","templated":true}]}}