{"id":155,"date":"2016-12-01T15:21:13","date_gmt":"2016-12-01T14:21:13","guid":{"rendered":"http:\/\/cftc-darty-idf.fr\/?page_id=155"},"modified":"2021-05-17T14:35:32","modified_gmt":"2021-05-17T12:35:32","slug":"representants-de-proximite","status":"publish","type":"page","link":"https:\/\/cftc-dartyidf.fr\/index.php\/representants-de-proximite\/","title":{"rendered":"Repr\u00e9sentants de proximit\u00e9"},"content":{"rendered":"","protected":false},"excerpt":{"rendered":"","protected":false},"author":1,"featured_media":0,"parent":0,"menu_order":0,"comment_status":"closed","ping_status":"closed","template":"","meta":{"generate_page_header":"","_price":"","_stock":"","_tribe_ticket_header":"","_tribe_default_ticket_provider":"","_tribe_ticket_capacity":"0","_ticket_start_date":"","_ticket_end_date":"","_tribe_ticket_show_description":"","_tribe_ticket_show_not_going":false,"_tribe_ticket_use_global_stock":"","_tribe_ticket_global_stock_level":"","_global_stock_mode":"","_global_stock_cap":"","_tribe_rsvp_for_event":"","_tribe_ticket_going_count":"","_tribe_ticket_not_going_count":"","_tribe_tickets_list":"[]","_tribe_ticket_has_attendee_info_fields":false,"jetpack_post_was_ever_published":false,"footnotes":"","_tec_slr_enabled":"","_tec_slr_layout":""},"class_list":["post-155","page","type-page","status-publish"],"yoast_head":"<!-- This site is optimized with the Yoast SEO plugin v27.3 - https:\/\/yoast.com\/product\/yoast-seo-wordpress\/ -->\n<title>Repr\u00e9sentants de proximit\u00e9 - CFTC-Darty IDF<\/title>\n<meta name=\"robots\" content=\"index, follow, max-snippet:-1, max-image-preview:large, max-video-preview:-1\" \/>\n<link rel=\"canonical\" href=\"https:\/\/cftc-dartyidf.fr\/index.php\/representants-de-proximite\/\" \/>\n<meta property=\"og:locale\" content=\"fr_FR\" \/>\n<meta property=\"og:type\" content=\"article\" \/>\n<meta property=\"og:title\" content=\"Repr\u00e9sentants de proximit\u00e9 - CFTC-Darty IDF\" \/>\n<meta property=\"og:url\" content=\"https:\/\/cftc-dartyidf.fr\/index.php\/representants-de-proximite\/\" \/>\n<meta property=\"og:site_name\" content=\"CFTC-Darty IDF\" \/>\n<meta property=\"article:modified_time\" content=\"2021-05-17T12:35:32+00:00\" \/>\n<meta name=\"twitter:card\" content=\"summary_large_image\" \/>\n<script type=\"application\/ld+json\" class=\"yoast-schema-graph\">{\"@context\":\"https:\\\/\\\/schema.org\",\"@graph\":[{\"@type\":\"WebPage\",\"@id\":\"https:\\\/\\\/cftc-dartyidf.fr\\\/index.php\\\/representants-de-proximite\\\/\",\"url\":\"https:\\\/\\\/cftc-dartyidf.fr\\\/index.php\\\/representants-de-proximite\\\/\",\"name\":\"Repr\u00e9sentants de proximit\u00e9 - CFTC-Darty IDF\",\"isPartOf\":{\"@id\":\"https:\\\/\\\/cftc-dartyidf.fr\\\/#website\"},\"datePublished\":\"2016-12-01T14:21:13+00:00\",\"dateModified\":\"2021-05-17T12:35:32+00:00\",\"breadcrumb\":{\"@id\":\"https:\\\/\\\/cftc-dartyidf.fr\\\/index.php\\\/representants-de-proximite\\\/#breadcrumb\"},\"inLanguage\":\"fr-FR\",\"potentialAction\":[{\"@type\":\"ReadAction\",\"target\":[\"https:\\\/\\\/cftc-dartyidf.fr\\\/index.php\\\/representants-de-proximite\\\/\"]}]},{\"@type\":\"BreadcrumbList\",\"@id\":\"https:\\\/\\\/cftc-dartyidf.fr\\\/index.php\\\/representants-de-proximite\\\/#breadcrumb\",\"itemListElement\":[{\"@type\":\"ListItem\",\"position\":1,\"name\":\"Accueil\",\"item\":\"https:\\\/\\\/cftc-dartyidf.fr\\\/\"},{\"@type\":\"ListItem\",\"position\":2,\"name\":\"Repr\u00e9sentants de proximit\u00e9\"}]},{\"@type\":\"WebSite\",\"@id\":\"https:\\\/\\\/cftc-dartyidf.fr\\\/#website\",\"url\":\"https:\\\/\\\/cftc-dartyidf.fr\\\/\",\"name\":\"CFTC-Darty IDF\",\"description\":\"Le site de la section syndicale CFTC chez Darty IDF\",\"potentialAction\":[{\"@type\":\"SearchAction\",\"target\":{\"@type\":\"EntryPoint\",\"urlTemplate\":\"https:\\\/\\\/cftc-dartyidf.fr\\\/?s={search_term_string}\"},\"query-input\":{\"@type\":\"PropertyValueSpecification\",\"valueRequired\":true,\"valueName\":\"search_term_string\"}}],\"inLanguage\":\"fr-FR\"}]}<\/script>\n<!-- \/ Yoast SEO plugin. -->","yoast_head_json":{"title":"Repr\u00e9sentants de proximit\u00e9 - CFTC-Darty IDF","robots":{"index":"index","follow":"follow","max-snippet":"max-snippet:-1","max-image-preview":"max-image-preview:large","max-video-preview":"max-video-preview:-1"},"canonical":"https:\/\/cftc-dartyidf.fr\/index.php\/representants-de-proximite\/","og_locale":"fr_FR","og_type":"article","og_title":"Repr\u00e9sentants de proximit\u00e9 - CFTC-Darty IDF","og_url":"https:\/\/cftc-dartyidf.fr\/index.php\/representants-de-proximite\/","og_site_name":"CFTC-Darty IDF","article_modified_time":"2021-05-17T12:35:32+00:00","twitter_card":"summary_large_image","schema":{"@context":"https:\/\/schema.org","@graph":[{"@type":"WebPage","@id":"https:\/\/cftc-dartyidf.fr\/index.php\/representants-de-proximite\/","url":"https:\/\/cftc-dartyidf.fr\/index.php\/representants-de-proximite\/","name":"Repr\u00e9sentants de proximit\u00e9 - CFTC-Darty IDF","isPartOf":{"@id":"https:\/\/cftc-dartyidf.fr\/#website"},"datePublished":"2016-12-01T14:21:13+00:00","dateModified":"2021-05-17T12:35:32+00:00","breadcrumb":{"@id":"https:\/\/cftc-dartyidf.fr\/index.php\/representants-de-proximite\/#breadcrumb"},"inLanguage":"fr-FR","potentialAction":[{"@type":"ReadAction","target":["https:\/\/cftc-dartyidf.fr\/index.php\/representants-de-proximite\/"]}]},{"@type":"BreadcrumbList","@id":"https:\/\/cftc-dartyidf.fr\/index.php\/representants-de-proximite\/#breadcrumb","itemListElement":[{"@type":"ListItem","position":1,"name":"Accueil","item":"https:\/\/cftc-dartyidf.fr\/"},{"@type":"ListItem","position":2,"name":"Repr\u00e9sentants de proximit\u00e9"}]},{"@type":"WebSite","@id":"https:\/\/cftc-dartyidf.fr\/#website","url":"https:\/\/cftc-dartyidf.fr\/","name":"CFTC-Darty IDF","description":"Le site de la section syndicale CFTC chez Darty IDF","potentialAction":[{"@type":"SearchAction","target":{"@type":"EntryPoint","urlTemplate":"https:\/\/cftc-dartyidf.fr\/?s={search_term_string}"},"query-input":{"@type":"PropertyValueSpecification","valueRequired":true,"valueName":"search_term_string"}}],"inLanguage":"fr-FR"}]}},"jetpack_sharing_enabled":true,"jetpack_shortlink":"https:\/\/wp.me\/P8n98f-2v","jetpack-related-posts":[{"id":1018,"url":"https:\/\/cftc-dartyidf.fr\/index.php\/les-avantages-du-ce\/","url_meta":{"origin":155,"position":0},"title":"Les avantages du CSE","author":"webcsfv","date":"09\/02\/2017","format":false,"excerpt":"Droits ouverts apr\u00e8s 3 mois d\u2019anciennet\u00e9 \u00c9V\u00c8NEMENTS AVANTAGES JUSTIFICATIFS CONDITIONS Mariage Bon d\u2019achat DART Y de 92\u20ac Extrait d\u2019acte de mariage N\u00e9ant Naissance Bon d\u2019achat Tir Group\u00e9 de 78\u20ac Extrait de naissance N\u00e9ant Retraite Bon d\u2019achat de 120\u20ac ou un avoir sur une activit\u00e9 Certificat de fin de carri\u00e8re N\u00e9ant\u2026","rel":"","context":"Article similaire","block_context":{"text":"Article similaire","link":""},"img":{"alt_text":"","src":"","width":0,"height":0},"classes":[]},{"id":1006,"url":"https:\/\/cftc-dartyidf.fr\/index.php\/la-formation\/","url_meta":{"origin":155,"position":1},"title":"La formation","author":"webcsfv","date":"09\/02\/2017","format":false,"excerpt":"Le plan global de formation Le plan global de formation de l\u2019entreprise contient des stages propos\u00e9s par la direction et discut\u00e9s ou compl\u00e9t\u00e9s dans les commissions formation du Comit\u00e9 d\u2019Entreprise. Ce plan est soumis au vote de vos \u00e9lus \u00e0 ce Comit\u00e9 d\u2019Entreprise. La demande individuelle de formation Le salari\u00e9\u2026","rel":"","context":"Article similaire","block_context":{"text":"Article similaire","link":""},"img":{"alt_text":"","src":"","width":0,"height":0},"classes":[]},{"id":983,"url":"https:\/\/cftc-dartyidf.fr\/index.php\/la-maladie\/","url_meta":{"origin":155,"position":2},"title":"Maladie","author":"webcsfv","date":"08\/02\/2017","format":false,"excerpt":"Le salari\u00e9 absent pour maladie, doit pr\u00e9venir son employeur et motiver son absence. Au-del\u00e0 de 3 jours, cette absence doit en outre \u00eatre justifi\u00e9e par un certificat m\u00e9dical. Si le salari\u00e9 est absent pour maladie pendant au moins 21 jours, il doit pr\u00e9senter un certificat m\u00e9dical de reprise. L\u2019entreprise cesse\u2026","rel":"","context":"Article similaire","block_context":{"text":"Article similaire","link":""},"img":{"alt_text":"","src":"","width":0,"height":0},"classes":[]},{"id":965,"url":"https:\/\/cftc-dartyidf.fr\/index.php\/les-conges-payes\/","url_meta":{"origin":155,"position":3},"title":"Les cong\u00e9s pay\u00e9s","author":"webcsfv","date":"06\/02\/2017","format":false,"excerpt":"P\u00e9riode de r\u00e9f\u00e9rence : pour le calcul du droit et de la r\u00e9mun\u00e9ration: du 1er Juin de l\u2019ann\u00e9e pr\u00e9c\u00e9dente au 31 Mai de l\u2019ann\u00e9e en cours. Chez DARTY les jours de cong\u00e9s sont calcul\u00e9s en jours ouvr\u00e9s: 5 semaines de CP = 25 jours ouvr\u00e9s c\u2019est \u00e0 dire 20 jours\u2026","rel":"","context":"Article similaire","block_context":{"text":"Article similaire","link":""},"img":{"alt_text":"","src":"","width":0,"height":0},"classes":[]},{"id":1016,"url":"https:\/\/cftc-dartyidf.fr\/index.php\/chsct-comites-dhygiene-de-securite-conditions-de-travail\/","url_meta":{"origin":155,"position":4},"title":"Les CHSCT (Comit\u00e9s d&#8217;Hygi\u00e8ne de S\u00e9curit\u00e9 et Conditions de Travail)","author":"webcsfv","date":"09\/02\/2017","format":false,"excerpt":"Compos\u00e9s de membres d\u00e9sign\u00e9s par les d\u00e9l\u00e9gu\u00e9s du personnel et les membres du CE apr\u00e8s chaque \u00e9lection. Ils se r\u00e9unissent 4 fois par an pour faire un bilan des accidents et des conditions de travail. Chaque \u00e9lu peut faire un rapport concernant un probl\u00e8me de s\u00e9curit\u00e9 ou de mauvaises conditions\u2026","rel":"","context":"Article similaire","block_context":{"text":"Article similaire","link":""},"img":{"alt_text":"","src":"","width":0,"height":0},"classes":[]},{"id":1010,"url":"https:\/\/cftc-dartyidf.fr\/index.php\/contrats-de-travail\/","url_meta":{"origin":155,"position":5},"title":"Les contrats de travail","author":"webcsfv","date":"09\/02\/2017","format":false,"excerpt":"\u00a0 Le CDI (Contrat \u00e0 Dur\u00e9e Ind\u00e9termin\u00e9e) La p\u00e9riode d\u2019essai est de: 2 mois pour les EOT (Employ\u00e9 Ouvrier Technicien) 3 mois pour les Agents de Ma\u00eetrise 4 mois pour les cadres Elle peut \u00eatre renouvel\u00e9e une fois. Pendant la p\u00e9riode d\u2019essai les parties peuvent se s\u00e9parer sans pr\u00e9avis, ni\u2026","rel":"","context":"Article similaire","block_context":{"text":"Article similaire","link":""},"img":{"alt_text":"","src":"","width":0,"height":0},"classes":[]}],"ticketed":false,"_links":{"self":[{"href":"https:\/\/cftc-dartyidf.fr\/index.php\/wp-json\/wp\/v2\/pages\/155","targetHints":{"allow":["GET"]}}],"collection":[{"href":"https:\/\/cftc-dartyidf.fr\/index.php\/wp-json\/wp\/v2\/pages"}],"about":[{"href":"https:\/\/cftc-dartyidf.fr\/index.php\/wp-json\/wp\/v2\/types\/page"}],"author":[{"embeddable":true,"href":"https:\/\/cftc-dartyidf.fr\/index.php\/wp-json\/wp\/v2\/users\/1"}],"replies":[{"embeddable":true,"href":"https:\/\/cftc-dartyidf.fr\/index.php\/wp-json\/wp\/v2\/comments?post=155"}],"version-history":[{"count":2,"href":"https:\/\/cftc-dartyidf.fr\/index.php\/wp-json\/wp\/v2\/pages\/155\/revisions"}],"predecessor-version":[{"id":6998,"href":"https:\/\/cftc-dartyidf.fr\/index.php\/wp-json\/wp\/v2\/pages\/155\/revisions\/6998"}],"wp:attachment":[{"href":"https:\/\/cftc-dartyidf.fr\/index.php\/wp-json\/wp\/v2\/media?parent=155"}],"curies":[{"name":"wp","href":"https:\/\/api.w.org\/{rel}","templated":true}]}}