{"id":12,"date":"2016-11-07T12:29:19","date_gmt":"2016-11-07T11:29:19","guid":{"rendered":"http:\/\/cftc-darty-idf.fr\/?page_id=12"},"modified":"2024-05-23T13:39:30","modified_gmt":"2024-05-23T11:39:30","slug":"la-cftc-sur-le-web","status":"publish","type":"page","link":"https:\/\/cftc-dartyidf.fr\/index.php\/la-cftc-sur-le-web\/","title":{"rendered":"La CFTC sur le web"},"content":{"rendered":"<p><a href=\"https:\/\/cftc-dartyidf.fr\/cftc-logo_cftc-logo\/\"><img loading=\"lazy\" decoding=\"async\" class=\"alignnone size-medium wp-image-7442\" src=\"https:\/\/cftc-dartyidf.fr\/wp-content\/uploads\/2023\/12\/Nouveau-logo-CFTC-DIF-300x267.jpg\" alt=\"\" width=\"300\" height=\"267\" \/><\/a><\/p>\n","protected":false},"excerpt":{"rendered":"","protected":false},"author":1,"featured_media":0,"parent":0,"menu_order":0,"comment_status":"closed","ping_status":"closed","template":"","meta":{"generate_page_header":"","_price":"","_stock":"","_tribe_ticket_header":"","_tribe_default_ticket_provider":"","_tribe_ticket_capacity":"0","_ticket_start_date":"","_ticket_end_date":"","_tribe_ticket_show_description":"","_tribe_ticket_show_not_going":false,"_tribe_ticket_use_global_stock":"","_tribe_ticket_global_stock_level":"","_global_stock_mode":"","_global_stock_cap":"","_tribe_rsvp_for_event":"","_tribe_ticket_going_count":"","_tribe_ticket_not_going_count":"","_tribe_tickets_list":"[]","_tribe_ticket_has_attendee_info_fields":false,"jetpack_post_was_ever_published":false,"footnotes":"","_tec_slr_enabled":"","_tec_slr_layout":""},"class_list":["post-12","page","type-page","status-publish"],"yoast_head":"<!-- This site is optimized with the Yoast SEO plugin v27.5 - https:\/\/yoast.com\/product\/yoast-seo-wordpress\/ -->\n<title>La CFTC sur le web - CFTC-Darty IDF<\/title>\n<meta name=\"robots\" content=\"index, follow, max-snippet:-1, max-image-preview:large, max-video-preview:-1\" \/>\n<link rel=\"canonical\" href=\"https:\/\/cftc-dartyidf.fr\/index.php\/la-cftc-sur-le-web\/\" \/>\n<meta property=\"og:locale\" content=\"fr_FR\" \/>\n<meta property=\"og:type\" content=\"article\" \/>\n<meta property=\"og:title\" content=\"La CFTC sur le web - CFTC-Darty IDF\" \/>\n<meta property=\"og:url\" content=\"https:\/\/cftc-dartyidf.fr\/index.php\/la-cftc-sur-le-web\/\" \/>\n<meta property=\"og:site_name\" content=\"CFTC-Darty IDF\" \/>\n<meta property=\"article:modified_time\" content=\"2024-05-23T11:39:30+00:00\" \/>\n<meta property=\"og:image\" content=\"https:\/\/cftc-dartyidf.fr\/wp-content\/uploads\/2023\/12\/Nouveau-logo-CFTC-DIF-300x267.jpg\" \/>\n<meta name=\"twitter:card\" content=\"summary_large_image\" \/>\n<script type=\"application\/ld+json\" class=\"yoast-schema-graph\">{\"@context\":\"https:\\\/\\\/schema.org\",\"@graph\":[{\"@type\":\"WebPage\",\"@id\":\"https:\\\/\\\/cftc-dartyidf.fr\\\/index.php\\\/la-cftc-sur-le-web\\\/\",\"url\":\"https:\\\/\\\/cftc-dartyidf.fr\\\/index.php\\\/la-cftc-sur-le-web\\\/\",\"name\":\"La CFTC sur le web - CFTC-Darty IDF\",\"isPartOf\":{\"@id\":\"https:\\\/\\\/cftc-dartyidf.fr\\\/#website\"},\"primaryImageOfPage\":{\"@id\":\"https:\\\/\\\/cftc-dartyidf.fr\\\/index.php\\\/la-cftc-sur-le-web\\\/#primaryimage\"},\"image\":{\"@id\":\"https:\\\/\\\/cftc-dartyidf.fr\\\/index.php\\\/la-cftc-sur-le-web\\\/#primaryimage\"},\"thumbnailUrl\":\"https:\\\/\\\/cftc-dartyidf.fr\\\/wp-content\\\/uploads\\\/2023\\\/12\\\/Nouveau-logo-CFTC-DIF-300x267.jpg\",\"datePublished\":\"2016-11-07T11:29:19+00:00\",\"dateModified\":\"2024-05-23T11:39:30+00:00\",\"breadcrumb\":{\"@id\":\"https:\\\/\\\/cftc-dartyidf.fr\\\/index.php\\\/la-cftc-sur-le-web\\\/#breadcrumb\"},\"inLanguage\":\"fr-FR\",\"potentialAction\":[{\"@type\":\"ReadAction\",\"target\":[\"https:\\\/\\\/cftc-dartyidf.fr\\\/index.php\\\/la-cftc-sur-le-web\\\/\"]}]},{\"@type\":\"ImageObject\",\"inLanguage\":\"fr-FR\",\"@id\":\"https:\\\/\\\/cftc-dartyidf.fr\\\/index.php\\\/la-cftc-sur-le-web\\\/#primaryimage\",\"url\":\"https:\\\/\\\/cftc-dartyidf.fr\\\/wp-content\\\/uploads\\\/2023\\\/12\\\/Nouveau-logo-CFTC-DIF-300x267.jpg\",\"contentUrl\":\"https:\\\/\\\/cftc-dartyidf.fr\\\/wp-content\\\/uploads\\\/2023\\\/12\\\/Nouveau-logo-CFTC-DIF-300x267.jpg\"},{\"@type\":\"BreadcrumbList\",\"@id\":\"https:\\\/\\\/cftc-dartyidf.fr\\\/index.php\\\/la-cftc-sur-le-web\\\/#breadcrumb\",\"itemListElement\":[{\"@type\":\"ListItem\",\"position\":1,\"name\":\"Accueil\",\"item\":\"https:\\\/\\\/cftc-dartyidf.fr\\\/\"},{\"@type\":\"ListItem\",\"position\":2,\"name\":\"La CFTC sur le web\"}]},{\"@type\":\"WebSite\",\"@id\":\"https:\\\/\\\/cftc-dartyidf.fr\\\/#website\",\"url\":\"https:\\\/\\\/cftc-dartyidf.fr\\\/\",\"name\":\"CFTC-Darty IDF\",\"description\":\"Le site de la section syndicale CFTC chez Darty IDF\",\"potentialAction\":[{\"@type\":\"SearchAction\",\"target\":{\"@type\":\"EntryPoint\",\"urlTemplate\":\"https:\\\/\\\/cftc-dartyidf.fr\\\/?s={search_term_string}\"},\"query-input\":{\"@type\":\"PropertyValueSpecification\",\"valueRequired\":true,\"valueName\":\"search_term_string\"}}],\"inLanguage\":\"fr-FR\"}]}<\/script>\n<!-- \/ Yoast SEO plugin. -->","yoast_head_json":{"title":"La CFTC sur le web - CFTC-Darty IDF","robots":{"index":"index","follow":"follow","max-snippet":"max-snippet:-1","max-image-preview":"max-image-preview:large","max-video-preview":"max-video-preview:-1"},"canonical":"https:\/\/cftc-dartyidf.fr\/index.php\/la-cftc-sur-le-web\/","og_locale":"fr_FR","og_type":"article","og_title":"La CFTC sur le web - CFTC-Darty IDF","og_url":"https:\/\/cftc-dartyidf.fr\/index.php\/la-cftc-sur-le-web\/","og_site_name":"CFTC-Darty IDF","article_modified_time":"2024-05-23T11:39:30+00:00","og_image":[{"url":"https:\/\/cftc-dartyidf.fr\/wp-content\/uploads\/2023\/12\/Nouveau-logo-CFTC-DIF-300x267.jpg","type":"","width":"","height":""}],"twitter_card":"summary_large_image","schema":{"@context":"https:\/\/schema.org","@graph":[{"@type":"WebPage","@id":"https:\/\/cftc-dartyidf.fr\/index.php\/la-cftc-sur-le-web\/","url":"https:\/\/cftc-dartyidf.fr\/index.php\/la-cftc-sur-le-web\/","name":"La CFTC sur le web - CFTC-Darty IDF","isPartOf":{"@id":"https:\/\/cftc-dartyidf.fr\/#website"},"primaryImageOfPage":{"@id":"https:\/\/cftc-dartyidf.fr\/index.php\/la-cftc-sur-le-web\/#primaryimage"},"image":{"@id":"https:\/\/cftc-dartyidf.fr\/index.php\/la-cftc-sur-le-web\/#primaryimage"},"thumbnailUrl":"https:\/\/cftc-dartyidf.fr\/wp-content\/uploads\/2023\/12\/Nouveau-logo-CFTC-DIF-300x267.jpg","datePublished":"2016-11-07T11:29:19+00:00","dateModified":"2024-05-23T11:39:30+00:00","breadcrumb":{"@id":"https:\/\/cftc-dartyidf.fr\/index.php\/la-cftc-sur-le-web\/#breadcrumb"},"inLanguage":"fr-FR","potentialAction":[{"@type":"ReadAction","target":["https:\/\/cftc-dartyidf.fr\/index.php\/la-cftc-sur-le-web\/"]}]},{"@type":"ImageObject","inLanguage":"fr-FR","@id":"https:\/\/cftc-dartyidf.fr\/index.php\/la-cftc-sur-le-web\/#primaryimage","url":"https:\/\/cftc-dartyidf.fr\/wp-content\/uploads\/2023\/12\/Nouveau-logo-CFTC-DIF-300x267.jpg","contentUrl":"https:\/\/cftc-dartyidf.fr\/wp-content\/uploads\/2023\/12\/Nouveau-logo-CFTC-DIF-300x267.jpg"},{"@type":"BreadcrumbList","@id":"https:\/\/cftc-dartyidf.fr\/index.php\/la-cftc-sur-le-web\/#breadcrumb","itemListElement":[{"@type":"ListItem","position":1,"name":"Accueil","item":"https:\/\/cftc-dartyidf.fr\/"},{"@type":"ListItem","position":2,"name":"La CFTC sur le web"}]},{"@type":"WebSite","@id":"https:\/\/cftc-dartyidf.fr\/#website","url":"https:\/\/cftc-dartyidf.fr\/","name":"CFTC-Darty IDF","description":"Le site de la section syndicale CFTC chez Darty IDF","potentialAction":[{"@type":"SearchAction","target":{"@type":"EntryPoint","urlTemplate":"https:\/\/cftc-dartyidf.fr\/?s={search_term_string}"},"query-input":{"@type":"PropertyValueSpecification","valueRequired":true,"valueName":"search_term_string"}}],"inLanguage":"fr-FR"}]}},"jetpack_sharing_enabled":true,"jetpack_shortlink":"https:\/\/wp.me\/P8n98f-c","jetpack-related-posts":[{"id":1728,"url":"https:\/\/cftc-dartyidf.fr\/index.php\/mentions-legales\/","url_meta":{"origin":12,"position":0},"title":"Mentions l\u00e9gales","author":"webcsfv","date":"28\/11\/2018","format":false,"excerpt":"\u00c9diteur du site, conception et r\u00e9alisation CFTC-CSFV 34 quai de la Loire \u2013 75019 \u2013 Paris Tel : 01.46.07.91.39 Mail : contact@csfv.fr Responsable de la r\u00e9daction : Service communication \u00a0 H\u00e9bergement L\u2019h\u00e9bergement du site est r\u00e9alis\u00e9 par la F\u00e9d\u00e9ration CFTC-CSFV dans ses locaux. \u00a0 Propri\u00e9t\u00e9 L\u2019ensemble de ce site est\u2026","rel":"","context":"Article similaire","block_context":{"text":"Article similaire","link":""},"img":{"alt_text":"","src":"","width":0,"height":0},"classes":[]},{"id":997,"url":"https:\/\/cftc-dartyidf.fr\/index.php\/la-prime-danciennete\/","url_meta":{"origin":12,"position":1},"title":"La prime d&#8217;anciennet\u00e9","author":"webcsfv","date":"09\/02\/2017","format":false,"excerpt":"Calcul de la prime d'anciennet\u00e9 : 1\/ Retrouver niveau et \u00e9chelon sur votre fiche de paie 2\/ Trouver le salaire minimum correspondant dans le tableau 1 3\/ Trouver le pourcentage du salaire en fonction de l\u2019anciennet\u00e9 dans le tableau 2 4\/ Prime d\u2019anciennet\u00e9 = Salaire minimum de la convention multipli\u00e9\u2026","rel":"","context":"Article similaire","block_context":{"text":"Article similaire","link":""},"img":{"alt_text":"","src":"","width":0,"height":0},"classes":[]},{"id":975,"url":"https:\/\/cftc-dartyidf.fr\/index.php\/les-jours-feries\/","url_meta":{"origin":12,"position":2},"title":"Les jours f\u00e9ri\u00e9s","author":"webcsfv","date":"08\/02\/2017","format":false,"excerpt":"Le 1er Mai est un jour f\u00e9ri\u00e9 ch\u00f4m\u00e9 et pay\u00e9. Chez DARTY, 2 autres jours sont collectivement f\u00e9ri\u00e9s et ferm\u00e9s : le 1er Janvier et le 25 D\u00e9cembre. Le salari\u00e9, quelque soit sa dur\u00e9e de travail apr\u00e8s 3 mois d\u2019anciennet\u00e9, b\u00e9n\u00e9ficie chaque ann\u00e9e de 7 autres jours f\u00e9ri\u00e9s ch\u00f4m\u00e9s et\u2026","rel":"","context":"Article similaire","block_context":{"text":"Article similaire","link":""},"img":{"alt_text":"","src":"","width":0,"height":0},"classes":[]},{"id":1004,"url":"https:\/\/cftc-dartyidf.fr\/index.php\/participation-aux-benefices\/","url_meta":{"origin":12,"position":3},"title":"La participation aux b\u00e9n\u00e9fices","author":"webcsfv","date":"09\/02\/2017","format":false,"excerpt":"C\u2019est un syst\u00e8me l\u00e9gal de redistribution aux salari\u00e9s, d\u2019une partie du b\u00e9n\u00e9fice net de l\u2019entreprise. Chez DARTY, le versement s\u2019effectue vers le mois de Juillet. Son montant est calcul\u00e9 \u00e0 partir d\u2019u pourcentage du salaire annuel brut de l\u2019ann\u00e9e de r\u00e9f\u00e9rence (du 1er Mai de l\u2019ann\u00e9e pass\u00e9e au 30 Avril\u2026","rel":"","context":"Article similaire","block_context":{"text":"Article similaire","link":""},"img":{"alt_text":"","src":"","width":0,"height":0},"classes":[]},{"id":1006,"url":"https:\/\/cftc-dartyidf.fr\/index.php\/la-formation\/","url_meta":{"origin":12,"position":4},"title":"La formation","author":"webcsfv","date":"09\/02\/2017","format":false,"excerpt":"Le plan global de formation Le plan global de formation de l\u2019entreprise contient des stages propos\u00e9s par la direction et discut\u00e9s ou compl\u00e9t\u00e9s dans les commissions formation du Comit\u00e9 d\u2019Entreprise. Ce plan est soumis au vote de vos \u00e9lus \u00e0 ce Comit\u00e9 d\u2019Entreprise. La demande individuelle de formation Le salari\u00e9\u2026","rel":"","context":"Article similaire","block_context":{"text":"Article similaire","link":""},"img":{"alt_text":"","src":"","width":0,"height":0},"classes":[]},{"id":993,"url":"https:\/\/cftc-dartyidf.fr\/index.php\/lordre-de-depart-conges\/","url_meta":{"origin":12,"position":5},"title":"L\u2019ordre de d\u00e9part en cong\u00e9s","author":"webcsfv","date":"09\/02\/2017","format":false,"excerpt":"La r\u00e8gle applicable chez DARTY C\u2019est la direction qui fixe l\u2019ordre de d\u00e9part des cong\u00e9s pay\u00e9s en fonction des demandes, des n\u00e9cessit\u00e9s de service et apr\u00e8s consultation des d\u00e9l\u00e9gu\u00e9s du personnel. S\u2019il est n\u00e9cessaire de faire un arbitrage entre des demandes incompatibles, les r\u00e8gles suivantes s\u2019appliquent : 1\/ Les conjoints\u2026","rel":"","context":"Article similaire","block_context":{"text":"Article similaire","link":""},"img":{"alt_text":"","src":"","width":0,"height":0},"classes":[]}],"ticketed":false,"_links":{"self":[{"href":"https:\/\/cftc-dartyidf.fr\/index.php\/wp-json\/wp\/v2\/pages\/12","targetHints":{"allow":["GET"]}}],"collection":[{"href":"https:\/\/cftc-dartyidf.fr\/index.php\/wp-json\/wp\/v2\/pages"}],"about":[{"href":"https:\/\/cftc-dartyidf.fr\/index.php\/wp-json\/wp\/v2\/types\/page"}],"author":[{"embeddable":true,"href":"https:\/\/cftc-dartyidf.fr\/index.php\/wp-json\/wp\/v2\/users\/1"}],"replies":[{"embeddable":true,"href":"https:\/\/cftc-dartyidf.fr\/index.php\/wp-json\/wp\/v2\/comments?post=12"}],"version-history":[{"count":5,"href":"https:\/\/cftc-dartyidf.fr\/index.php\/wp-json\/wp\/v2\/pages\/12\/revisions"}],"predecessor-version":[{"id":7484,"href":"https:\/\/cftc-dartyidf.fr\/index.php\/wp-json\/wp\/v2\/pages\/12\/revisions\/7484"}],"wp:attachment":[{"href":"https:\/\/cftc-dartyidf.fr\/index.php\/wp-json\/wp\/v2\/media?parent=12"}],"curies":[{"name":"wp","href":"https:\/\/api.w.org\/{rel}","templated":true}]}}