{"id":1018,"date":"2017-02-09T10:50:25","date_gmt":"2017-02-09T09:50:25","guid":{"rendered":"https:\/\/cftc-dartyidf.fr\/?page_id=1018"},"modified":"2021-05-18T09:40:54","modified_gmt":"2021-05-18T07:40:54","slug":"les-avantages-du-ce","status":"publish","type":"page","link":"https:\/\/cftc-dartyidf.fr\/index.php\/les-avantages-du-ce\/","title":{"rendered":"Les avantages du CSE"},"content":{"rendered":"<p>Droits ouverts apr\u00e8s 3 mois d\u2019anciennet\u00e9<\/p>\n<table>\n<tbody>\n<tr style=\"height: 24px;\">\n<td style=\"text-align: center; height: 24px;\" width=\"214\"><strong>\u00c9V\u00c8NEMENTS<\/strong><\/td>\n<td style=\"text-align: center; height: 24px;\" width=\"315\"><strong>AVANTAGES<\/strong><\/td>\n<td style=\"text-align: center; height: 24px;\" width=\"315\"><strong>JUSTIFICATIFS<\/strong><\/td>\n<td style=\"text-align: center; height: 24px;\" width=\"315\"><strong>CONDITIONS<\/strong><\/td>\n<\/tr>\n<tr style=\"height: 24px;\">\n<td style=\"text-align: center; height: 24px;\" width=\"214\">Mariage<\/td>\n<td style=\"text-align: center; height: 24px;\" width=\"315\">Bon d\u2019achat DART Y de 92\u20ac<\/td>\n<td style=\"text-align: center; height: 24px;\" width=\"315\">Extrait d\u2019acte de mariage<\/td>\n<td style=\"text-align: center; height: 24px;\" width=\"315\">N\u00e9ant<\/td>\n<\/tr>\n<tr style=\"height: 24px;\">\n<td style=\"text-align: center; height: 24px;\" width=\"214\">Naissance<\/td>\n<td style=\"text-align: center; height: 24px;\" width=\"315\">Bon d\u2019achat Tir Group\u00e9 de 78\u20ac<\/td>\n<td style=\"text-align: center; height: 24px;\" width=\"315\">Extrait de naissance<\/td>\n<td style=\"text-align: center; height: 24px;\" width=\"315\">N\u00e9ant<\/td>\n<\/tr>\n<tr style=\"height: 24px;\">\n<td style=\"text-align: center; height: 24px;\" width=\"214\">Retraite<\/td>\n<td style=\"text-align: center; height: 24px;\" width=\"315\">Bon d\u2019achat de 120\u20ac<br \/>\nou un avoir sur une activit\u00e9<\/td>\n<td style=\"text-align: center; height: 24px;\" width=\"315\">Certificat de fin de carri\u00e8re<\/td>\n<td style=\"text-align: center; height: 24px;\" width=\"315\">N\u00e9ant<\/td>\n<\/tr>\n<tr style=\"height: 120px;\">\n<td style=\"text-align: center; height: 120px;\" width=\"214\">D\u00e9c\u00e8s\u00a0conjoint, enfant, p\u00e8re, m\u00e8re<br \/>\nD\u00e9c\u00e8s Salari\u00e9 en activit\u00e9<\/td>\n<td style=\"text-align: center; height: 120px;\" width=\"315\">Ch\u00e8que de 77\u20ac<br \/>\nCh\u00e8que de 1500\u20ac participation aux frais d\u2019obs\u00e8ques<\/td>\n<td style=\"text-align: center; height: 120px;\" width=\"315\">Certificat de d\u00e9c\u00e8s<\/td>\n<td style=\"text-align: center; height: 120px;\" width=\"315\">N\u00e9ant<\/td>\n<\/tr>\n<tr style=\"height: 72px;\">\n<td style=\"text-align: center; height: 72px;\" width=\"214\">Activit\u00e9\u00a0sportive\u00a0(pour le salari\u00e9 uniquement)<\/td>\n<td style=\"text-align: center; height: 72px;\" width=\"315\">Facture jusqu\u2019\u00e0 305\u20ac &gt; 50% plafonn\u00e9e \u00e0 31\u20ac<br \/>\nFacture \u00e0 partir de 305,01\u20ac &gt; Remboursement 46\u20ac<\/td>\n<td style=\"text-align: center; height: 72px;\" width=\"315\">Attestation originale du r\u00e8glement avec tampon du club<\/td>\n<td style=\"text-align: center; height: 72px;\" width=\"315\">1 fois par an<\/td>\n<\/tr>\n<tr style=\"height: 48px;\">\n<td style=\"text-align: center; height: 48px;\" width=\"214\">Carnets\u00a0piscine<\/td>\n<td style=\"text-align: center; height: 48px;\" width=\"315\">3 carnets de 10 entr\u00e9es par an 50% de la facture,<br \/>\nplafonn\u00e9 \u00e0 46\u20ac<\/td>\n<td style=\"text-align: center; height: 48px;\" width=\"315\">Original facture acquitt\u00e9e<\/td>\n<td style=\"text-align: center; height: 48px;\" width=\"315\">1 fois par an<\/td>\n<\/tr>\n<tr style=\"height: 48px;\">\n<td style=\"text-align: center; height: 48px;\" width=\"214\">Center\u00a0Park<\/td>\n<td style=\"text-align: center; height: 48px;\" width=\"315\">Remboursement de 10% de la facture pour 120\u20ac maxi<\/td>\n<td style=\"text-align: center; height: 48px;\" width=\"315\">Original facture acquitt\u00e9e<\/td>\n<td style=\"text-align: center; height: 48px;\" width=\"315\">1 fois par an et par enfant<\/td>\n<\/tr>\n<tr style=\"height: 48px;\">\n<td style=\"text-align: center; height: 48px;\" width=\"214\">Colonies de vacances ext\u00e9rieures<\/td>\n<td style=\"text-align: center; height: 48px;\" width=\"315\">Remboursement de 30% de la facture pour 120 \u20ac maxi<\/td>\n<td style=\"text-align: center; height: 48px;\" width=\"315\">Certificat de pr\u00e9sence<\/td>\n<td style=\"text-align: center; height: 48px;\" width=\"315\">1 fois par an et par enfant<\/td>\n<\/tr>\n<tr style=\"height: 48px;\">\n<td style=\"text-align: center; height: 48px;\" width=\"214\">Centre de loisirs<\/td>\n<td style=\"text-align: center; height: 48px;\" width=\"315\">50% plafonn\u00e9e 2,50\u20ac par jour pour un total de 120\u20ac maxi<\/td>\n<td style=\"text-align: center; height: 48px;\" width=\"315\">Original facture acquitt\u00e9e avec les dates de pr\u00e9sence<\/td>\n<td style=\"text-align: center; height: 48px;\" width=\"315\">Pendant les vacances scolaires<\/td>\n<\/tr>\n<tr style=\"height: 48px;\">\n<td style=\"text-align: center; height: 48px;\" width=\"214\">Activit\u00e9s culturelles\u00a0(pour salari\u00e9s et enfant 5 \u00e0 14 ans)<\/td>\n<td style=\"text-align: center; height: 48px;\" width=\"315\">50% plafonn\u00e9 \u00e0 31\u20ac<\/td>\n<td style=\"text-align: center; height: 48px;\" width=\"315\">Original facture acquitt\u00e9e<\/td>\n<td style=\"text-align: center; height: 48px;\" width=\"315\">1 fois par an<\/td>\n<\/tr>\n<tr style=\"height: 24px;\">\n<td style=\"text-align: center; height: 24px;\" width=\"214\">F\u00eate des m\u00e8res<\/td>\n<td style=\"text-align: center; height: 24px;\" width=\"315\">Cadeau ou Bon d\u2019achat<\/td>\n<td style=\"text-align: center; height: 24px;\" width=\"315\">N\u00e9ant<\/td>\n<td style=\"text-align: center; height: 24px;\" width=\"315\">N\u00e9ant<\/td>\n<\/tr>\n<tr style=\"height: 24px;\">\n<td style=\"text-align: center; height: 24px;\" width=\"214\">F\u00eate des p\u00e8res<\/td>\n<td style=\"text-align: center; height: 24px;\" width=\"315\">Bon d\u2019achat de 15\u20ac<\/td>\n<td style=\"text-align: center; height: 24px;\" width=\"315\">N\u00e9ant<\/td>\n<td style=\"text-align: center; height: 24px;\" width=\"315\">N\u00e9ant<\/td>\n<\/tr>\n<tr style=\"height: 48px;\">\n<td style=\"text-align: center; height: 48px;\" width=\"214\">Rentr\u00e9e scolaire<\/td>\n<td style=\"text-align: center; height: 48px;\" width=\"315\">Bon d\u2019achat de 25\u20ac enfant de 6 \u00e0 moins de 12 ans<br \/>\n40\u20ac enfant de 12 \u00e0 moins de 14 ans<\/td>\n<td style=\"text-align: center; height: 48px;\" width=\"315\">N\u00e9ant<\/td>\n<td style=\"text-align: center; height: 48px;\" width=\"315\">N\u00e9ant<\/td>\n<\/tr>\n<tr style=\"height: 24px;\">\n<td style=\"text-align: center; height: 24px;\" width=\"214\">Jouet de no\u00ebl<\/td>\n<td style=\"text-align: center; height: 24px;\" width=\"315\">Jouet pour les enfants de moins de 14 ans<\/td>\n<td style=\"text-align: center; height: 24px;\" width=\"315\">N\u00e9ant<\/td>\n<td style=\"text-align: center; height: 24px;\" width=\"315\">N\u00e9ant<\/td>\n<\/tr>\n<tr style=\"height: 24px;\">\n<td style=\"text-align: center; height: 24px;\" width=\"214\">Spectacle de no\u00ebl<\/td>\n<td style=\"text-align: center; height: 24px;\" width=\"315\">Cirque ou spectacle de fin d\u2019ann\u00e9e<\/td>\n<td style=\"text-align: center; height: 24px;\" width=\"315\">N\u00e9ant<\/td>\n<td style=\"text-align: center; height: 24px;\" width=\"315\">N\u00e9ant<\/td>\n<\/tr>\n<tr style=\"height: 48px;\">\n<td style=\"text-align: center; height: 48px;\" width=\"214\">S\u00e9jours \u00e0 l&#8217;\u00e9tranger<\/td>\n<td style=\"text-align: center; height: 48px;\" width=\"315\">Participation CE : 30 \u00e0 50% du tarif pour groupe<\/td>\n<td style=\"text-align: center; height: 48px;\" width=\"315\">Tarif en fonction du quotient familial<\/td>\n<td style=\"text-align: center; height: 48px;\" width=\"315\">1 s\u00e9jour par an<\/td>\n<\/tr>\n<\/tbody>\n<\/table>\n","protected":false},"excerpt":{"rendered":"<p>Droits ouverts apr\u00e8s 3 mois d\u2019anciennet\u00e9 \u00c9V\u00c8NEMENTS AVANTAGES JUSTIFICATIFS CONDITIONS Mariage Bon d\u2019achat DART Y de 92\u20ac Extrait d\u2019acte de mariage N\u00e9ant Naissance Bon d\u2019achat Tir Group\u00e9 de 78\u20ac Extrait &#8230; <a title=\"Les avantages du CSE\" class=\"read-more\" href=\"https:\/\/cftc-dartyidf.fr\/index.php\/les-avantages-du-ce\/\" aria-label=\"En savoir plus sur Les avantages du CSE\">Lire plus<\/a><\/p>\n","protected":false},"author":1,"featured_media":0,"parent":0,"menu_order":0,"comment_status":"closed","ping_status":"closed","template":"","meta":{"generate_page_header":"","_price":"","_stock":"","_tribe_ticket_header":"","_tribe_default_ticket_provider":"","_tribe_ticket_capacity":"0","_ticket_start_date":"","_ticket_end_date":"","_tribe_ticket_show_description":"","_tribe_ticket_show_not_going":false,"_tribe_ticket_use_global_stock":"","_tribe_ticket_global_stock_level":"","_global_stock_mode":"","_global_stock_cap":"","_tribe_rsvp_for_event":"","_tribe_ticket_going_count":"","_tribe_ticket_not_going_count":"","_tribe_tickets_list":"[]","_tribe_ticket_has_attendee_info_fields":false,"jetpack_post_was_ever_published":false,"footnotes":"","_tec_slr_enabled":"","_tec_slr_layout":""},"class_list":["post-1018","page","type-page","status-publish"],"yoast_head":"<!-- This site is optimized with the Yoast SEO plugin v27.4 - https:\/\/yoast.com\/product\/yoast-seo-wordpress\/ -->\n<title>Les avantages du CSE - CFTC-Darty IDF<\/title>\n<meta name=\"robots\" content=\"index, follow, max-snippet:-1, max-image-preview:large, max-video-preview:-1\" \/>\n<link rel=\"canonical\" href=\"https:\/\/cftc-dartyidf.fr\/index.php\/les-avantages-du-ce\/\" \/>\n<meta property=\"og:locale\" content=\"fr_FR\" \/>\n<meta property=\"og:type\" content=\"article\" \/>\n<meta property=\"og:title\" content=\"Les avantages du CSE - CFTC-Darty IDF\" \/>\n<meta property=\"og:description\" content=\"Droits ouverts apr\u00e8s 3 mois d\u2019anciennet\u00e9 \u00c9V\u00c8NEMENTS AVANTAGES JUSTIFICATIFS CONDITIONS Mariage Bon d\u2019achat DART Y de 92\u20ac Extrait d\u2019acte de mariage N\u00e9ant Naissance Bon d\u2019achat Tir Group\u00e9 de 78\u20ac Extrait ... Lire plus\" \/>\n<meta property=\"og:url\" content=\"https:\/\/cftc-dartyidf.fr\/index.php\/les-avantages-du-ce\/\" \/>\n<meta property=\"og:site_name\" content=\"CFTC-Darty IDF\" \/>\n<meta property=\"article:modified_time\" content=\"2021-05-18T07:40:54+00:00\" \/>\n<meta name=\"twitter:card\" content=\"summary_large_image\" \/>\n<meta name=\"twitter:label1\" content=\"Dur\u00e9e de lecture estim\u00e9e\" \/>\n\t<meta name=\"twitter:data1\" content=\"2 minutes\" \/>\n<script type=\"application\/ld+json\" class=\"yoast-schema-graph\">{\"@context\":\"https:\\\/\\\/schema.org\",\"@graph\":[{\"@type\":\"WebPage\",\"@id\":\"https:\\\/\\\/cftc-dartyidf.fr\\\/index.php\\\/les-avantages-du-ce\\\/\",\"url\":\"https:\\\/\\\/cftc-dartyidf.fr\\\/index.php\\\/les-avantages-du-ce\\\/\",\"name\":\"Les avantages du CSE - CFTC-Darty IDF\",\"isPartOf\":{\"@id\":\"https:\\\/\\\/cftc-dartyidf.fr\\\/#website\"},\"datePublished\":\"2017-02-09T09:50:25+00:00\",\"dateModified\":\"2021-05-18T07:40:54+00:00\",\"breadcrumb\":{\"@id\":\"https:\\\/\\\/cftc-dartyidf.fr\\\/index.php\\\/les-avantages-du-ce\\\/#breadcrumb\"},\"inLanguage\":\"fr-FR\",\"potentialAction\":[{\"@type\":\"ReadAction\",\"target\":[\"https:\\\/\\\/cftc-dartyidf.fr\\\/index.php\\\/les-avantages-du-ce\\\/\"]}]},{\"@type\":\"BreadcrumbList\",\"@id\":\"https:\\\/\\\/cftc-dartyidf.fr\\\/index.php\\\/les-avantages-du-ce\\\/#breadcrumb\",\"itemListElement\":[{\"@type\":\"ListItem\",\"position\":1,\"name\":\"Accueil\",\"item\":\"https:\\\/\\\/cftc-dartyidf.fr\\\/\"},{\"@type\":\"ListItem\",\"position\":2,\"name\":\"Les avantages du CSE\"}]},{\"@type\":\"WebSite\",\"@id\":\"https:\\\/\\\/cftc-dartyidf.fr\\\/#website\",\"url\":\"https:\\\/\\\/cftc-dartyidf.fr\\\/\",\"name\":\"CFTC-Darty IDF\",\"description\":\"Le site de la section syndicale CFTC chez Darty IDF\",\"potentialAction\":[{\"@type\":\"SearchAction\",\"target\":{\"@type\":\"EntryPoint\",\"urlTemplate\":\"https:\\\/\\\/cftc-dartyidf.fr\\\/?s={search_term_string}\"},\"query-input\":{\"@type\":\"PropertyValueSpecification\",\"valueRequired\":true,\"valueName\":\"search_term_string\"}}],\"inLanguage\":\"fr-FR\"}]}<\/script>\n<!-- \/ Yoast SEO plugin. -->","yoast_head_json":{"title":"Les avantages du CSE - CFTC-Darty IDF","robots":{"index":"index","follow":"follow","max-snippet":"max-snippet:-1","max-image-preview":"max-image-preview:large","max-video-preview":"max-video-preview:-1"},"canonical":"https:\/\/cftc-dartyidf.fr\/index.php\/les-avantages-du-ce\/","og_locale":"fr_FR","og_type":"article","og_title":"Les avantages du CSE - CFTC-Darty IDF","og_description":"Droits ouverts apr\u00e8s 3 mois d\u2019anciennet\u00e9 \u00c9V\u00c8NEMENTS AVANTAGES JUSTIFICATIFS CONDITIONS Mariage Bon d\u2019achat DART Y de 92\u20ac Extrait d\u2019acte de mariage N\u00e9ant Naissance Bon d\u2019achat Tir Group\u00e9 de 78\u20ac Extrait ... Lire plus","og_url":"https:\/\/cftc-dartyidf.fr\/index.php\/les-avantages-du-ce\/","og_site_name":"CFTC-Darty IDF","article_modified_time":"2021-05-18T07:40:54+00:00","twitter_card":"summary_large_image","twitter_misc":{"Dur\u00e9e de lecture estim\u00e9e":"2 minutes"},"schema":{"@context":"https:\/\/schema.org","@graph":[{"@type":"WebPage","@id":"https:\/\/cftc-dartyidf.fr\/index.php\/les-avantages-du-ce\/","url":"https:\/\/cftc-dartyidf.fr\/index.php\/les-avantages-du-ce\/","name":"Les avantages du CSE - CFTC-Darty IDF","isPartOf":{"@id":"https:\/\/cftc-dartyidf.fr\/#website"},"datePublished":"2017-02-09T09:50:25+00:00","dateModified":"2021-05-18T07:40:54+00:00","breadcrumb":{"@id":"https:\/\/cftc-dartyidf.fr\/index.php\/les-avantages-du-ce\/#breadcrumb"},"inLanguage":"fr-FR","potentialAction":[{"@type":"ReadAction","target":["https:\/\/cftc-dartyidf.fr\/index.php\/les-avantages-du-ce\/"]}]},{"@type":"BreadcrumbList","@id":"https:\/\/cftc-dartyidf.fr\/index.php\/les-avantages-du-ce\/#breadcrumb","itemListElement":[{"@type":"ListItem","position":1,"name":"Accueil","item":"https:\/\/cftc-dartyidf.fr\/"},{"@type":"ListItem","position":2,"name":"Les avantages du CSE"}]},{"@type":"WebSite","@id":"https:\/\/cftc-dartyidf.fr\/#website","url":"https:\/\/cftc-dartyidf.fr\/","name":"CFTC-Darty IDF","description":"Le site de la section syndicale CFTC chez Darty IDF","potentialAction":[{"@type":"SearchAction","target":{"@type":"EntryPoint","urlTemplate":"https:\/\/cftc-dartyidf.fr\/?s={search_term_string}"},"query-input":{"@type":"PropertyValueSpecification","valueRequired":true,"valueName":"search_term_string"}}],"inLanguage":"fr-FR"}]}},"jetpack_sharing_enabled":true,"jetpack_shortlink":"https:\/\/wp.me\/P8n98f-gq","jetpack-related-posts":[{"id":970,"url":"https:\/\/cftc-dartyidf.fr\/index.php\/conges-speciaux-de-courte-duree\/","url_meta":{"origin":1018,"position":0},"title":"Les cong\u00e9s sp\u00e9ciaux de courte dur\u00e9e","author":"webcsfv","date":"08\/02\/2017","format":false,"excerpt":"Tout salari\u00e9 b\u00e9n\u00e9ficie, SUR JUSTIFICATIF, d\u2019un cong\u00e9 r\u00e9mun\u00e9r\u00e9 (fixe et variable) lors de la survenance de l\u2019un des \u00e9v\u00e9nements familiaux suivants : \u00c9V\u00c9NEMENT\u00a0FAMILIAL CONVENTION COLLECTIVE ou AVANTAGE DARTY Mariage du salari\u00e9 (e) 5 jours (4 si moins d\u2019un an d\u2019anciennet\u00e9) Mariage d\u2019un enfant 1 jour Naissance d\u2019un enfant ou adoption\u2026","rel":"","context":"Article similaire","block_context":{"text":"Article similaire","link":""},"img":{"alt_text":"","src":"","width":0,"height":0},"classes":[]},{"id":1004,"url":"https:\/\/cftc-dartyidf.fr\/index.php\/participation-aux-benefices\/","url_meta":{"origin":1018,"position":1},"title":"La participation aux b\u00e9n\u00e9fices","author":"webcsfv","date":"09\/02\/2017","format":false,"excerpt":"C\u2019est un syst\u00e8me l\u00e9gal de redistribution aux salari\u00e9s, d\u2019une partie du b\u00e9n\u00e9fice net de l\u2019entreprise. Chez DARTY, le versement s\u2019effectue vers le mois de Juillet. Son montant est calcul\u00e9 \u00e0 partir d\u2019u pourcentage du salaire annuel brut de l\u2019ann\u00e9e de r\u00e9f\u00e9rence (du 1er Mai de l\u2019ann\u00e9e pass\u00e9e au 30 Avril\u2026","rel":"","context":"Article similaire","block_context":{"text":"Article similaire","link":""},"img":{"alt_text":"","src":"","width":0,"height":0},"classes":[]},{"id":1010,"url":"https:\/\/cftc-dartyidf.fr\/index.php\/contrats-de-travail\/","url_meta":{"origin":1018,"position":2},"title":"Les contrats de travail","author":"webcsfv","date":"09\/02\/2017","format":false,"excerpt":"\u00a0 Le CDI (Contrat \u00e0 Dur\u00e9e Ind\u00e9termin\u00e9e) La p\u00e9riode d\u2019essai est de: 2 mois pour les EOT (Employ\u00e9 Ouvrier Technicien) 3 mois pour les Agents de Ma\u00eetrise 4 mois pour les cadres Elle peut \u00eatre renouvel\u00e9e une fois. Pendant la p\u00e9riode d\u2019essai les parties peuvent se s\u00e9parer sans pr\u00e9avis, ni\u2026","rel":"","context":"Article similaire","block_context":{"text":"Article similaire","link":""},"img":{"alt_text":"","src":"","width":0,"height":0},"classes":[]},{"id":983,"url":"https:\/\/cftc-dartyidf.fr\/index.php\/la-maladie\/","url_meta":{"origin":1018,"position":3},"title":"Maladie","author":"webcsfv","date":"08\/02\/2017","format":false,"excerpt":"Le salari\u00e9 absent pour maladie, doit pr\u00e9venir son employeur et motiver son absence. Au-del\u00e0 de 3 jours, cette absence doit en outre \u00eatre justifi\u00e9e par un certificat m\u00e9dical. Si le salari\u00e9 est absent pour maladie pendant au moins 21 jours, il doit pr\u00e9senter un certificat m\u00e9dical de reprise. L\u2019entreprise cesse\u2026","rel":"","context":"Article similaire","block_context":{"text":"Article similaire","link":""},"img":{"alt_text":"","src":"","width":0,"height":0},"classes":[]}],"ticketed":false,"_links":{"self":[{"href":"https:\/\/cftc-dartyidf.fr\/index.php\/wp-json\/wp\/v2\/pages\/1018","targetHints":{"allow":["GET"]}}],"collection":[{"href":"https:\/\/cftc-dartyidf.fr\/index.php\/wp-json\/wp\/v2\/pages"}],"about":[{"href":"https:\/\/cftc-dartyidf.fr\/index.php\/wp-json\/wp\/v2\/types\/page"}],"author":[{"embeddable":true,"href":"https:\/\/cftc-dartyidf.fr\/index.php\/wp-json\/wp\/v2\/users\/1"}],"replies":[{"embeddable":true,"href":"https:\/\/cftc-dartyidf.fr\/index.php\/wp-json\/wp\/v2\/comments?post=1018"}],"version-history":[{"count":5,"href":"https:\/\/cftc-dartyidf.fr\/index.php\/wp-json\/wp\/v2\/pages\/1018\/revisions"}],"predecessor-version":[{"id":7085,"href":"https:\/\/cftc-dartyidf.fr\/index.php\/wp-json\/wp\/v2\/pages\/1018\/revisions\/7085"}],"wp:attachment":[{"href":"https:\/\/cftc-dartyidf.fr\/index.php\/wp-json\/wp\/v2\/media?parent=1018"}],"curies":[{"name":"wp","href":"https:\/\/api.w.org\/{rel}","templated":true}]}}