{"id":1004,"date":"2017-02-09T10:33:25","date_gmt":"2017-02-09T09:33:25","guid":{"rendered":"https:\/\/cftc-dartyidf.fr\/?page_id=1004"},"modified":"2017-02-09T10:33:25","modified_gmt":"2017-02-09T09:33:25","slug":"participation-aux-benefices","status":"publish","type":"page","link":"https:\/\/cftc-dartyidf.fr\/index.php\/participation-aux-benefices\/","title":{"rendered":"La participation aux b\u00e9n\u00e9fices"},"content":{"rendered":"<p style=\"text-align: justify;\">C\u2019est un syst\u00e8me l\u00e9gal de redistribution aux salari\u00e9s, d\u2019une partie du b\u00e9n\u00e9fice net de l\u2019entreprise. Chez DARTY, le versement s\u2019effectue vers le mois de Juillet. Son montant est calcul\u00e9 \u00e0 partir d\u2019u pourcentage du salaire annuel brut de l\u2019ann\u00e9e de r\u00e9f\u00e9rence (du 1er Mai de l\u2019ann\u00e9e pass\u00e9e au 30 Avril de l\u2019ann\u00e9e en cours). Ce pourcentage est le r\u00e9sultat d\u2019une formule de calcul fix\u00e9e par la loi. La somme obtenue peut \u00eatre bloqu\u00e9e pendant 5 ans. Depuis 2008 elle peut \u00eatre d\u00e9bloqu\u00e9e chaque ann\u00e9e mais est soumise \u00e0 l\u2019imp\u00f4t.<\/p>\n<p style=\"text-align: justify;\">Elle concerne tous les salari\u00e9s ayant un minimum de 3 mois de pr\u00e9sence au 30 Avril.<\/p>\n<p style=\"text-align: justify;\">Pour les CDD, il faut 3 mois de pr\u00e9sence sur les deux derniers exercices.<\/p>\n<h4 style=\"text-align: justify;\">Il est possible de d\u00e9bloquer avant 5 ans dans les cas suivants sans imposition :<\/h4>\n<p style=\"text-align: justify;\">Mariage ou Pacs de l\u2019int\u00e9ress\u00e9 ; naissance ou adoption du 3\u00e8me enfant et suivant ; divorce ; s\u00e9paration ou rupture d\u2019un Pacs assorti d\u2019un jugement pr\u00e9voyant la r\u00e9sidence unique ou partag\u00e9e d\u2019au moins un enfant au domicile de l\u2019int\u00e9ress\u00e9 ; cr\u00e9ation ou reprise (par l\u2019int\u00e9ress\u00e9, ses enfants, son conjoint ou la personne li\u00e9e par un Pacs) d\u2019une entreprise ; acquisition, agrandissement ou remise en \u00e9tat (apr\u00e8s catastrophe naturelle) de la r\u00e9sidence principale ; invalidit\u00e9 (conjoint pacs, enfants) ; cessation du contrat de travail ; situation de surendettement du salari\u00e9.<\/p>\n<p style=\"text-align: justify;\">Le d\u00e9blocage peut intervenir selon les cas, imm\u00e9diatement ou dans un d\u00e9lai de 6 mois.<\/p>\n<p style=\"text-align: justify;\">Pour le d\u00e9blocage, utiliser le formulaire qui vous est adress\u00e9 chaque ann\u00e9e.<\/p>\n<h2 style=\"text-align: justify;\">L\u2019INTERESSEMENT<\/h2>\n<p style=\"text-align: justify;\">L\u2019int\u00e9ressement est un dispositif l\u00e9gal permettant d\u2019associer les salari\u00e9s aux r\u00e9sultats et aux performances de l\u2019entreprise. Il doit rev\u00eatir un caract\u00e8re al\u00e9atoire et r\u00e9sulte d\u2019une formule de calcul \u00e9tablie par accord d\u2019entreprise.<\/p>\n<p style=\"text-align: justify;\">Les sommes vers\u00e9es au titre de l\u2019int\u00e9ressement n\u2019ont pas caract\u00e8re de salaire.<\/p>\n<p style=\"text-align: justify;\">Elles sont soumises \u00e0 la CSG et CRDS mais sous certaines conditions peuvent \u00eatres exon\u00e9r\u00e9es de cotisation sociale.<\/p>\n<p style=\"text-align: justify;\">Chez DARTY, le mode de r\u00e9partition est \u00e9galitaire et ne tient pas compte du niveau de r\u00e9mun\u00e9ration.<\/p>\n<p style=\"text-align: justify;\">L\u2019anciennet\u00e9 minimale pour b\u00e9n\u00e9ficier de la prime d\u2019int\u00e9ressement est de 3 mois.<\/p>\n<p style=\"text-align: justify;\">Un prorata temporis s\u2019applique pour le personnel ayant entre 3 mois et moins d\u20191 an de pr\u00e9sence. La prime d\u2019int\u00e9ressement est vers\u00e9e le dernier jour du 7 \u00e8me mois suivant la cl\u00f4ture de l\u2019exercice. Cette somme peut \u00eatre exon\u00e9r\u00e9e d\u2019imp\u00f4t sur le revenu si elle est affect\u00e9e dans le PEG d\u2019entreprise si le versement est effectu\u00e9 dans les 15 jours suivant la date \u00e0 laquelle elle a \u00e9t\u00e9 per\u00e7ue.<\/p>\n<h2 style=\"text-align: justify;\">L\u2019ACOMPTE SUR SALAIRE<\/h2>\n<p style=\"text-align: justify;\">Chez DARTY, un acompte sur salaire peut s\u2019\u00e9lever jusqu\u2019\u00e0 70% de la r\u00e9mun\u00e9ration nette, il est vers\u00e9 le 20 de chaque mois (le salaire \u00e9tant vers\u00e9 le 10 de chaque mois suivant).<\/p>\n","protected":false},"excerpt":{"rendered":"<p>C\u2019est un syst\u00e8me l\u00e9gal de redistribution aux salari\u00e9s, d\u2019une partie du b\u00e9n\u00e9fice net de l\u2019entreprise. Chez DARTY, le versement s\u2019effectue vers le mois de Juillet. Son montant est calcul\u00e9 \u00e0 &#8230; <a title=\"La participation aux b\u00e9n\u00e9fices\" class=\"read-more\" href=\"https:\/\/cftc-dartyidf.fr\/index.php\/participation-aux-benefices\/\" aria-label=\"En savoir plus sur La participation aux b\u00e9n\u00e9fices\">Lire plus<\/a><\/p>\n","protected":false},"author":1,"featured_media":0,"parent":0,"menu_order":0,"comment_status":"closed","ping_status":"closed","template":"","meta":{"generate_page_header":"","_price":"","_stock":"","_tribe_ticket_header":"","_tribe_default_ticket_provider":"","_tribe_ticket_capacity":"0","_ticket_start_date":"","_ticket_end_date":"","_tribe_ticket_show_description":"","_tribe_ticket_show_not_going":false,"_tribe_ticket_use_global_stock":"","_tribe_ticket_global_stock_level":"","_global_stock_mode":"","_global_stock_cap":"","_tribe_rsvp_for_event":"","_tribe_ticket_going_count":"","_tribe_ticket_not_going_count":"","_tribe_tickets_list":"[]","_tribe_ticket_has_attendee_info_fields":false,"footnotes":"","_tec_slr_enabled":"","_tec_slr_layout":""},"class_list":["post-1004","page","type-page","status-publish"],"yoast_head":"<!-- This site is optimized with the Yoast SEO plugin v27.6 - https:\/\/yoast.com\/product\/yoast-seo-wordpress\/ -->\n<title>La participation aux b\u00e9n\u00e9fices - CFTC-Darty IDF<\/title>\n<meta name=\"robots\" content=\"index, follow, max-snippet:-1, max-image-preview:large, max-video-preview:-1\" \/>\n<link rel=\"canonical\" href=\"https:\/\/cftc-dartyidf.fr\/index.php\/participation-aux-benefices\/\" \/>\n<meta property=\"og:locale\" content=\"fr_FR\" \/>\n<meta property=\"og:type\" content=\"article\" \/>\n<meta property=\"og:title\" content=\"La participation aux b\u00e9n\u00e9fices - CFTC-Darty IDF\" \/>\n<meta property=\"og:description\" content=\"C\u2019est un syst\u00e8me l\u00e9gal de redistribution aux salari\u00e9s, d\u2019une partie du b\u00e9n\u00e9fice net de l\u2019entreprise. Chez DARTY, le versement s\u2019effectue vers le mois de Juillet. Son montant est calcul\u00e9 \u00e0 ... Lire plus\" \/>\n<meta property=\"og:url\" content=\"https:\/\/cftc-dartyidf.fr\/index.php\/participation-aux-benefices\/\" \/>\n<meta property=\"og:site_name\" content=\"CFTC-Darty IDF\" \/>\n<meta name=\"twitter:card\" content=\"summary_large_image\" \/>\n<meta name=\"twitter:label1\" content=\"Dur\u00e9e de lecture estim\u00e9e\" \/>\n\t<meta name=\"twitter:data1\" content=\"3 minutes\" \/>\n<script type=\"application\/ld+json\" class=\"yoast-schema-graph\">{\"@context\":\"https:\\\/\\\/schema.org\",\"@graph\":[{\"@type\":\"WebPage\",\"@id\":\"https:\\\/\\\/cftc-dartyidf.fr\\\/index.php\\\/participation-aux-benefices\\\/\",\"url\":\"https:\\\/\\\/cftc-dartyidf.fr\\\/index.php\\\/participation-aux-benefices\\\/\",\"name\":\"La participation aux b\u00e9n\u00e9fices - CFTC-Darty IDF\",\"isPartOf\":{\"@id\":\"https:\\\/\\\/cftc-dartyidf.fr\\\/#website\"},\"datePublished\":\"2017-02-09T09:33:25+00:00\",\"breadcrumb\":{\"@id\":\"https:\\\/\\\/cftc-dartyidf.fr\\\/index.php\\\/participation-aux-benefices\\\/#breadcrumb\"},\"inLanguage\":\"fr-FR\",\"potentialAction\":[{\"@type\":\"ReadAction\",\"target\":[\"https:\\\/\\\/cftc-dartyidf.fr\\\/index.php\\\/participation-aux-benefices\\\/\"]}]},{\"@type\":\"BreadcrumbList\",\"@id\":\"https:\\\/\\\/cftc-dartyidf.fr\\\/index.php\\\/participation-aux-benefices\\\/#breadcrumb\",\"itemListElement\":[{\"@type\":\"ListItem\",\"position\":1,\"name\":\"Accueil\",\"item\":\"https:\\\/\\\/cftc-dartyidf.fr\\\/\"},{\"@type\":\"ListItem\",\"position\":2,\"name\":\"La participation aux b\u00e9n\u00e9fices\"}]},{\"@type\":\"WebSite\",\"@id\":\"https:\\\/\\\/cftc-dartyidf.fr\\\/#website\",\"url\":\"https:\\\/\\\/cftc-dartyidf.fr\\\/\",\"name\":\"CFTC-Darty IDF\",\"description\":\"Le site de la section syndicale CFTC chez Darty IDF\",\"potentialAction\":[{\"@type\":\"SearchAction\",\"target\":{\"@type\":\"EntryPoint\",\"urlTemplate\":\"https:\\\/\\\/cftc-dartyidf.fr\\\/?s={search_term_string}\"},\"query-input\":{\"@type\":\"PropertyValueSpecification\",\"valueRequired\":true,\"valueName\":\"search_term_string\"}}],\"inLanguage\":\"fr-FR\"}]}<\/script>\n<!-- \/ Yoast SEO plugin. -->","yoast_head_json":{"title":"La participation aux b\u00e9n\u00e9fices - CFTC-Darty IDF","robots":{"index":"index","follow":"follow","max-snippet":"max-snippet:-1","max-image-preview":"max-image-preview:large","max-video-preview":"max-video-preview:-1"},"canonical":"https:\/\/cftc-dartyidf.fr\/index.php\/participation-aux-benefices\/","og_locale":"fr_FR","og_type":"article","og_title":"La participation aux b\u00e9n\u00e9fices - CFTC-Darty IDF","og_description":"C\u2019est un syst\u00e8me l\u00e9gal de redistribution aux salari\u00e9s, d\u2019une partie du b\u00e9n\u00e9fice net de l\u2019entreprise. Chez DARTY, le versement s\u2019effectue vers le mois de Juillet. Son montant est calcul\u00e9 \u00e0 ... Lire plus","og_url":"https:\/\/cftc-dartyidf.fr\/index.php\/participation-aux-benefices\/","og_site_name":"CFTC-Darty IDF","twitter_card":"summary_large_image","twitter_misc":{"Dur\u00e9e de lecture estim\u00e9e":"3 minutes"},"schema":{"@context":"https:\/\/schema.org","@graph":[{"@type":"WebPage","@id":"https:\/\/cftc-dartyidf.fr\/index.php\/participation-aux-benefices\/","url":"https:\/\/cftc-dartyidf.fr\/index.php\/participation-aux-benefices\/","name":"La participation aux b\u00e9n\u00e9fices - CFTC-Darty IDF","isPartOf":{"@id":"https:\/\/cftc-dartyidf.fr\/#website"},"datePublished":"2017-02-09T09:33:25+00:00","breadcrumb":{"@id":"https:\/\/cftc-dartyidf.fr\/index.php\/participation-aux-benefices\/#breadcrumb"},"inLanguage":"fr-FR","potentialAction":[{"@type":"ReadAction","target":["https:\/\/cftc-dartyidf.fr\/index.php\/participation-aux-benefices\/"]}]},{"@type":"BreadcrumbList","@id":"https:\/\/cftc-dartyidf.fr\/index.php\/participation-aux-benefices\/#breadcrumb","itemListElement":[{"@type":"ListItem","position":1,"name":"Accueil","item":"https:\/\/cftc-dartyidf.fr\/"},{"@type":"ListItem","position":2,"name":"La participation aux b\u00e9n\u00e9fices"}]},{"@type":"WebSite","@id":"https:\/\/cftc-dartyidf.fr\/#website","url":"https:\/\/cftc-dartyidf.fr\/","name":"CFTC-Darty IDF","description":"Le site de la section syndicale CFTC chez Darty IDF","potentialAction":[{"@type":"SearchAction","target":{"@type":"EntryPoint","urlTemplate":"https:\/\/cftc-dartyidf.fr\/?s={search_term_string}"},"query-input":{"@type":"PropertyValueSpecification","valueRequired":true,"valueName":"search_term_string"}}],"inLanguage":"fr-FR"}]}},"jetpack_sharing_enabled":true,"jetpack_shortlink":"https:\/\/wp.me\/P8n98f-gc","jetpack-related-posts":[{"id":997,"url":"https:\/\/cftc-dartyidf.fr\/index.php\/la-prime-danciennete\/","url_meta":{"origin":1004,"position":0},"title":"La prime d&#8217;anciennet\u00e9","author":"webcsfv","date":"09\/02\/2017","format":false,"excerpt":"Calcul de la prime d'anciennet\u00e9 : 1\/ Retrouver niveau et \u00e9chelon sur votre fiche de paie 2\/ Trouver le salaire minimum correspondant dans le tableau 1 3\/ Trouver le pourcentage du salaire en fonction de l\u2019anciennet\u00e9 dans le tableau 2 4\/ Prime d\u2019anciennet\u00e9 = Salaire minimum de la convention multipli\u00e9\u2026","rel":"","context":"Article similaire","block_context":{"text":"Article similaire","link":""},"img":{"alt_text":"","src":"","width":0,"height":0},"classes":[]},{"id":983,"url":"https:\/\/cftc-dartyidf.fr\/index.php\/la-maladie\/","url_meta":{"origin":1004,"position":1},"title":"Maladie","author":"webcsfv","date":"08\/02\/2017","format":false,"excerpt":"Le salari\u00e9 absent pour maladie, doit pr\u00e9venir son employeur et motiver son absence. Au-del\u00e0 de 3 jours, cette absence doit en outre \u00eatre justifi\u00e9e par un certificat m\u00e9dical. Si le salari\u00e9 est absent pour maladie pendant au moins 21 jours, il doit pr\u00e9senter un certificat m\u00e9dical de reprise. L\u2019entreprise cesse\u2026","rel":"","context":"Article similaire","block_context":{"text":"Article similaire","link":""},"img":{"alt_text":"","src":"","width":0,"height":0},"classes":[]},{"id":1010,"url":"https:\/\/cftc-dartyidf.fr\/index.php\/contrats-de-travail\/","url_meta":{"origin":1004,"position":2},"title":"Les contrats de travail","author":"webcsfv","date":"09\/02\/2017","format":false,"excerpt":"\u00a0 Le CDI (Contrat \u00e0 Dur\u00e9e Ind\u00e9termin\u00e9e) La p\u00e9riode d\u2019essai est de: 2 mois pour les EOT (Employ\u00e9 Ouvrier Technicien) 3 mois pour les Agents de Ma\u00eetrise 4 mois pour les cadres Elle peut \u00eatre renouvel\u00e9e une fois. Pendant la p\u00e9riode d\u2019essai les parties peuvent se s\u00e9parer sans pr\u00e9avis, ni\u2026","rel":"","context":"Article similaire","block_context":{"text":"Article similaire","link":""},"img":{"alt_text":"","src":"","width":0,"height":0},"classes":[]},{"id":965,"url":"https:\/\/cftc-dartyidf.fr\/index.php\/les-conges-payes\/","url_meta":{"origin":1004,"position":3},"title":"Les cong\u00e9s pay\u00e9s","author":"webcsfv","date":"06\/02\/2017","format":false,"excerpt":"P\u00e9riode de r\u00e9f\u00e9rence : pour le calcul du droit et de la r\u00e9mun\u00e9ration: du 1er Juin de l\u2019ann\u00e9e pr\u00e9c\u00e9dente au 31 Mai de l\u2019ann\u00e9e en cours. Chez DARTY les jours de cong\u00e9s sont calcul\u00e9s en jours ouvr\u00e9s: 5 semaines de CP = 25 jours ouvr\u00e9s c\u2019est \u00e0 dire 20 jours\u2026","rel":"","context":"Article similaire","block_context":{"text":"Article similaire","link":""},"img":{"alt_text":"","src":"","width":0,"height":0},"classes":[]},{"id":1012,"url":"https:\/\/cftc-dartyidf.fr\/index.php\/les-contrats-dalternance\/","url_meta":{"origin":1004,"position":4},"title":"Les contrats d&#8217;alternance","author":"webcsfv","date":"09\/02\/2017","format":false,"excerpt":"Ces contrats sont les contrats de professionnalisation ou d\u2019apprentissage. Ils associent les \u00e9coles pour la th\u00e9orie et les entreprises pour la pratique. Ils s\u2019adressent aux jeunes de 18 \u00e0 26 ans. \u00a0 APPRENTISSAGE PROFESSIONNALISATION BENEFICIAIRE Jeune de (16) 18 \u00e0 25 ans Jeune de (16) 18 \u00e0 25 ans et\u2026","rel":"","context":"Article similaire","block_context":{"text":"Article similaire","link":""},"img":{"alt_text":"","src":"","width":0,"height":0},"classes":[]},{"id":973,"url":"https:\/\/cftc-dartyidf.fr\/index.php\/les-conges-speciaux\/","url_meta":{"origin":1004,"position":5},"title":"Les cong\u00e9s sp\u00e9ciaux","author":"webcsfv","date":"08\/02\/2017","format":false,"excerpt":"LE CONGE SABBATIQUE Les salari\u00e9s peuvent obtenir un cong\u00e9 non r\u00e9mun\u00e9r\u00e9 de 6 \u00e0 11 mois pour se consacrer \u00e0 l\u2019activit\u00e9 de leur choix, \u00e0 condition : d\u2019avoir au moins 36 mois d\u2019anciennet\u00e9 dans l\u2019entreprise, cons\u00e9cutifs ou non d\u2019avoir au moins 6 ann\u00e9es d\u2019exp\u00e9rience professionnelle. de ne pas avoir b\u00e9n\u00e9fici\u00e9\u2026","rel":"","context":"Article similaire","block_context":{"text":"Article similaire","link":""},"img":{"alt_text":"","src":"","width":0,"height":0},"classes":[]}],"ticketed":false,"_links":{"self":[{"href":"https:\/\/cftc-dartyidf.fr\/index.php\/wp-json\/wp\/v2\/pages\/1004","targetHints":{"allow":["GET"]}}],"collection":[{"href":"https:\/\/cftc-dartyidf.fr\/index.php\/wp-json\/wp\/v2\/pages"}],"about":[{"href":"https:\/\/cftc-dartyidf.fr\/index.php\/wp-json\/wp\/v2\/types\/page"}],"author":[{"embeddable":true,"href":"https:\/\/cftc-dartyidf.fr\/index.php\/wp-json\/wp\/v2\/users\/1"}],"replies":[{"embeddable":true,"href":"https:\/\/cftc-dartyidf.fr\/index.php\/wp-json\/wp\/v2\/comments?post=1004"}],"version-history":[{"count":1,"href":"https:\/\/cftc-dartyidf.fr\/index.php\/wp-json\/wp\/v2\/pages\/1004\/revisions"}],"predecessor-version":[{"id":1005,"href":"https:\/\/cftc-dartyidf.fr\/index.php\/wp-json\/wp\/v2\/pages\/1004\/revisions\/1005"}],"wp:attachment":[{"href":"https:\/\/cftc-dartyidf.fr\/index.php\/wp-json\/wp\/v2\/media?parent=1004"}],"curies":[{"name":"wp","href":"https:\/\/api.w.org\/{rel}","templated":true}]}}